{"id":5545,"date":"2023-10-05T09:23:21","date_gmt":"2023-10-05T09:23:21","guid":{"rendered":"https:\/\/bitcoincasino.to\/?page_id=5545"},"modified":"2023-10-05T09:25:54","modified_gmt":"2023-10-05T09:25:54","slug":"datenschutz","status":"publish","type":"page","link":"https:\/\/bitcoincasino.to\/de\/datenschutz\/","title":{"rendered":"Datenschutzerkl\u00e4rung"},"content":{"rendered":"\n<p>Unsere Website: https:\/\/bitcoincasino.to\/<\/p>\n\n\n\n<p>Bei Bitcoincasino.to ist die Privatsph\u00e4re unserer Besucher eine unserer Hauptpriorit\u00e4ten. Dieses Datenschutzrichtliniendokument enth\u00e4lt Arten von Informationen, die von uns gesammelt und aufgezeichnet werden, und wie wir sie verwenden.<\/p>\n\n\n\n<p>Wenn Sie weitere Fragen haben oder weitere Informationen zu unserer Datenschutzrichtlinie ben\u00f6tigen, z\u00f6gern Sie nicht, uns zu kontaktieren.<\/p>\n\n\n\n<p>Diese Datenschutzrichtlinie gilt nur f\u00fcr unsere Online-Aktivit\u00e4ten und gilt f\u00fcr Besucher unserer Website in Bezug auf die Informationen, die sie hier mitgeteilt und\/oder gesammelt haben. Diese Richtlinie gilt nicht f\u00fcr Informationen, die offline oder \u00fcber andere Kan\u00e4le als diese Website erfasst werden.<\/p>\n\n\n\n<hr class=\"wp-block-separator has-text-color has-alpha-channel-opacity has-background\" style=\"background-color:#f1ab39;color:#f1ab39\" \/>\n\n\n\n<h2 class=\"wp-block-heading\"><span class=\"ez-toc-section\" id=\"zustimmung\"><\/span>Zustimmung<span class=\"ez-toc-section-end\"><\/span><\/h2>\n\n\n\n<p><strong>Durch die Nutzung unserer Website stimmen Sie hiermit unserer Datenschutzrichtlinie zu und stimmen deren Bedingungen zu.<\/strong><\/p>\n\n\n\n<hr class=\"wp-block-separator has-text-color has-alpha-channel-opacity has-background\" style=\"background-color:#f1ab39;color:#f1ab39\" \/>\n\n\n\n<h2 class=\"wp-block-heading\"><span class=\"ez-toc-section\" id=\"informationen_die_wir_sammeln\"><\/span>Informationen, die wir sammeln<span class=\"ez-toc-section-end\"><\/span><\/h2>\n\n\n\n<p>Die personenbezogenen Daten, um deren Bereitstellung Sie gebeten werden, und die Gr\u00fcnde, warum Sie zur Bereitstellung dieser Daten aufgefordert werden, werden Ihnen an dem Punkt mitgeteilt, an dem wir Sie um die Angabe Ihrer personenbezogenen Daten bitten.<\/p>\n\n\n\n<p>Wenn Sie uns direkt kontaktieren, erhalten wir m\u00f6glicherweise zus\u00e4tzliche Informationen \u00fcber Sie, wie Ihren Namen, Ihre E-Mail-Adresse, Ihre Telefonnummer, den Inhalt der Nachricht und\/oder der Anh\u00e4nge, die Sie uns senden, sowie alle anderen Informationen, die Sie uns m\u00f6glicherweise zur Verf\u00fcgung stellen.<\/p>\n\n\n\n<p>Wenn Sie sich f\u00fcr ein Konto registrieren, fragen wir Sie m\u00f6glicherweise nach Ihren Kontaktinformationen, einschlie\u00dflich Angaben wie Name, Firmenname, Adresse, E-Mail-Adresse und Telefonnummer.<\/p>\n\n\n\n<hr class=\"wp-block-separator has-text-color has-alpha-channel-opacity has-background\" style=\"background-color:#f1ab39;color:#f1ab39\" \/>\n\n\n\n<h2 class=\"wp-block-heading\"><span class=\"ez-toc-section\" id=\"wie_wir_ihre_informationen_verwenden\"><\/span>Wie wir Ihre Informationen verwenden<span class=\"ez-toc-section-end\"><\/span><\/h2>\n\n\n\n<p>Wir verwenden die von uns erfassten Informationen auf verschiedene Weise, unter anderem um:<\/p>\n\n\n\n<ul class=\"wp-block-list\">\n<li>Bereitstellung, Betrieb und Wartung unserer Website<\/li>\n\n\n\n<li>Verbessern, personalisieren und erweitern Sie unsere Website<\/li>\n\n\n\n<li>Verstehen und analysieren Sie, wie Sie unsere Website nutzen<\/li>\n\n\n\n<li>Entwickeln Sie neue Produkte, Dienste, Features und Funktionen<\/li>\n\n\n\n<li>Zur Kommunikation mit Ihnen, entweder direkt oder \u00fcber einen unserer Partner, einschlie\u00dflich f\u00fcr den Kundenservice, um Ihnen Updates und andere Informationen im Zusammenhang mit der Website bereitzustellen sowie f\u00fcr Marketing- und Werbezwecke<\/li>\n\n\n\n<li>Senden Sie Ihnen E-Mails<\/li>\n\n\n\n<li>Betrug erkennen und verhindern<\/li>\n<\/ul>\n\n\n\n<hr class=\"wp-block-separator has-text-color has-alpha-channel-opacity has-background\" style=\"background-color:#f1ab39;color:#f1ab39\" \/>\n\n\n\n<h2 class=\"wp-block-heading\"><span class=\"ez-toc-section\" id=\"log_files\"><\/span>Log Files<span class=\"ez-toc-section-end\"><\/span><\/h2>\n\n\n\n<p>Bitcoincasino.to folgt einem Standardverfahren zur Verwendung von Protokolldateien. Diese Dateien protokollieren Besucher, wenn sie Websites besuchen. Alle Hosting-Unternehmen f\u00fchren dies und einen Teil der Analysen der Hosting-Dienste durch. Zu den durch Protokolldateien gesammelten Informationen geh\u00f6ren Internetprotokolladressen (IP), Browsertyp, Internetdienstanbieter (ISP), Datums- und Zeitstempel, Verweis-\/Ausstiegsseiten und m\u00f6glicherweise die Anzahl der Klicks. Diese werden nicht mit personenbezogenen Daten verkn\u00fcpft. Der Zweck der Informationen besteht darin, Trends zu analysieren, die Website zu verwalten, die Bewegungen der Benutzer auf der Website zu verfolgen und demografische Informationen zu sammeln.<\/p>\n\n\n\n<hr class=\"wp-block-separator has-text-color has-alpha-channel-opacity has-background\" style=\"background-color:#f1ab39;color:#f1ab39\" \/>\n\n\n\n<h2 class=\"wp-block-heading\"><span class=\"ez-toc-section\" id=\"cookies\"><\/span>Cookies<span class=\"ez-toc-section-end\"><\/span><\/h2>\n\n\n\n<p>Wie jede andere Website verwendet Bitcoincasino.to \u201eCookies\u201c. Diese Cookies werden verwendet, um Informationen zu speichern, einschlie\u00dflich der Pr\u00e4ferenzen der Besucher und der Seiten der Website, auf die der Besucher zugegriffen oder die er besucht hat. Die Informationen werden verwendet, um das Benutzererlebnis zu optimieren, indem der Inhalt unserer Webseite basierend auf dem Browsertyp der Besucher und\/oder anderen Informationen angepasst wird.<\/p>\n\n\n\n<p>Lesen Sie hier mehr \u00fcber Cookies.<\/p>\n\n\n\n<hr class=\"wp-block-separator has-text-color has-alpha-channel-opacity has-background\" style=\"background-color:#f1ab39;color:#f1ab39\" \/>\n\n\n\n<h2 class=\"wp-block-heading\"><span class=\"ez-toc-section\" id=\"datenschutzrichtlinien_fuer_werbepartner\"><\/span>Datenschutzrichtlinien f\u00fcr Werbepartner<span class=\"ez-toc-section-end\"><\/span><\/h2>\n\n\n\n<p>Server Dritter oder Ad-Netzwerke von Drittanbietern verwenden Technologien wie Cookies, JavaScript oder Web Beacons, die in ihren jeweiligen Anzeigen und Links verwendet werden, die auf Bitcoincasino.to erscheinen und direkt an den Browser der Benutzer gesendet werden. In diesem Fall erhalten sie automatisch Ihre IP-Adresse. Diese Technologien werden verwendet, um die Wirksamkeit ihrer Werbekampagnen zu messen und\/oder um die Werbeinhalte zu personalisieren, die Sie auf den von Ihnen besuchten Websites sehen.<\/p>\n\n\n\n<p>Beachten Sie, dass wir keinen Zugriff auf oder keine Kontrolle \u00fcber diese Cookies haben, die von Drittwerbetreibenden verwendet werden.<\/p>\n\n\n\n<hr class=\"wp-block-separator has-text-color has-alpha-channel-opacity has-background\" style=\"background-color:#f1ab39;color:#f1ab39\" \/>\n\n\n\n<h2 class=\"wp-block-heading\"><span class=\"ez-toc-section\" id=\"datenschutzrichtlinien_dritter\"><\/span>Datenschutzrichtlinien Dritter<span class=\"ez-toc-section-end\"><\/span><\/h2>\n\n\n\n<p>Unsere Datenschutzrichtlinie gilt nicht f\u00fcr andere Werbetreibende oder Websites. Wir empfehlen Ihnen daher, f\u00fcr detailliertere Informationen die jeweiligen Datenschutzrichtlinien dieser Drittanbieter-Adserver zu konsultieren. Es kann deren Praktiken und Anweisungen zum Deaktivieren bestimmter Optionen enthalten.<\/p>\n\n\n\n<p>Sie k\u00f6nnen Cookies \u00fcber Ihre individuellen Browseroptionen deaktivieren. Ausf\u00fchrlichere Informationen zur Cookie-Verwaltung mit bestimmten Webbrowsern finden Sie auf den jeweiligen Websites der Browser.<\/p>\n\n\n\n<hr class=\"wp-block-separator has-text-color has-alpha-channel-opacity has-background\" style=\"background-color:#f1ab39;color:#f1ab39\" \/>\n\n\n\n<h2 class=\"wp-block-heading\"><span class=\"ez-toc-section\" id=\"jugendschutz\"><\/span>Jugendschutz<span class=\"ez-toc-section-end\"><\/span><\/h2>\n\n\n\n<p>Ein weiterer Schwerpunkt unserer Arbeit ist der Schutz von Kindern bei der Nutzung des Internets. Wir ermutigen Eltern und Erziehungsberechtigte, ihre Online-Aktivit\u00e4ten zu beobachten, daran teilzunehmen und\/oder sie zu \u00fcberwachen und zu leiten. Sie m\u00fcssen \u00fcber 18 Jahre alt sein, um Bitcoincasino.to nutzen zu k\u00f6nnen.<\/p>\n\n\n\n<p>Wir fordern oder sammeln wissentlich keine personenbezogenen Daten von Personen unter 18 Jahren. Wenn Sie der Meinung sind, dass Ihr Kind auf unserer Website personenbezogene Daten angegeben hat, empfehlen wir Ihnen dringend, sich umgehend mit uns in Verbindung zu setzen, und wir werden unser Bestes tun, um dies umgehend zu tun solche Informationen aus unseren Aufzeichnungen entfernen.<\/p>\n<div id=\"ez-toc-container\" class=\"ez-toc-v2_0_82_2 ez-toc-wrap-right counter-hierarchy ez-toc-counter ez-toc-custom ez-toc-container-direction\">\n<div class=\"ez-toc-title-container\">\n<p class=\"ez-toc-title\" style=\"cursor:inherit\"><\/p>\n<span class=\"ez-toc-title-toggle\"><a href=\"#\" class=\"ez-toc-pull-right ez-toc-btn ez-toc-btn-xs ez-toc-btn-default ez-toc-toggle\" aria-label=\"Toggle Table of Content\"><span class=\"ez-toc-js-icon-con\"><span class=\"\"><span class=\"eztoc-hide\" style=\"display:none;\">Toggle<\/span><span class=\"ez-toc-icon-toggle-span\"><svg style=\"fill: #000000;color:#000000\" xmlns=\"http:\/\/www.w3.org\/2000\/svg\" class=\"list-377408\" width=\"20px\" height=\"20px\" viewBox=\"0 0 24 24\" fill=\"none\"><path d=\"M6 6H4v2h2V6zm14 0H8v2h12V6zM4 11h2v2H4v-2zm16 0H8v2h12v-2zM4 16h2v2H4v-2zm16 0H8v2h12v-2z\" fill=\"currentColor\"><\/path><\/svg><svg style=\"fill: #000000;color:#000000\" class=\"arrow-unsorted-368013\" xmlns=\"http:\/\/www.w3.org\/2000\/svg\" width=\"10px\" height=\"10px\" viewBox=\"0 0 24 24\" version=\"1.2\" baseProfile=\"tiny\"><path d=\"M18.2 9.3l-6.2-6.3-6.2 6.3c-.2.2-.3.4-.3.7s.1.5.3.7c.2.2.4.3.7.3h11c.3 0 .5-.1.7-.3.2-.2.3-.5.3-.7s-.1-.5-.3-.7zM5.8 14.7l6.2 6.3 6.2-6.3c.2-.2.3-.5.3-.7s-.1-.5-.3-.7c-.2-.2-.4-.3-.7-.3h-11c-.3 0-.5.1-.7.3-.2.2-.3.5-.3.7s.1.5.3.7z\"\/><\/svg><\/span><\/span><\/span><\/a><\/span><\/div>\n<nav><ul class='ez-toc-list ez-toc-list-level-1 eztoc-toggle-hide-by-default' ><li class='ez-toc-page-1 ez-toc-heading-level-2'><a class=\"ez-toc-link ez-toc-heading-1\" href=\"https:\/\/bitcoincasino.to\/de\/datenschutz\/#zustimmung\" >Zustimmung<\/a><\/li><li class='ez-toc-page-1 ez-toc-heading-level-2'><a class=\"ez-toc-link ez-toc-heading-2\" href=\"https:\/\/bitcoincasino.to\/de\/datenschutz\/#informationen_die_wir_sammeln\" >Informationen, die wir sammeln<\/a><\/li><li class='ez-toc-page-1 ez-toc-heading-level-2'><a class=\"ez-toc-link ez-toc-heading-3\" href=\"https:\/\/bitcoincasino.to\/de\/datenschutz\/#wie_wir_ihre_informationen_verwenden\" >Wie wir Ihre Informationen verwenden<\/a><\/li><li class='ez-toc-page-1 ez-toc-heading-level-2'><a class=\"ez-toc-link ez-toc-heading-4\" href=\"https:\/\/bitcoincasino.to\/de\/datenschutz\/#log_files\" >Log Files<\/a><\/li><li class='ez-toc-page-1 ez-toc-heading-level-2'><a class=\"ez-toc-link ez-toc-heading-5\" href=\"https:\/\/bitcoincasino.to\/de\/datenschutz\/#cookies\" >Cookies<\/a><\/li><li class='ez-toc-page-1 ez-toc-heading-level-2'><a class=\"ez-toc-link ez-toc-heading-6\" href=\"https:\/\/bitcoincasino.to\/de\/datenschutz\/#datenschutzrichtlinien_fuer_werbepartner\" >Datenschutzrichtlinien f\u00fcr Werbepartner<\/a><\/li><li class='ez-toc-page-1 ez-toc-heading-level-2'><a class=\"ez-toc-link ez-toc-heading-7\" href=\"https:\/\/bitcoincasino.to\/de\/datenschutz\/#datenschutzrichtlinien_dritter\" >Datenschutzrichtlinien Dritter<\/a><\/li><li class='ez-toc-page-1 ez-toc-heading-level-2'><a class=\"ez-toc-link ez-toc-heading-8\" href=\"https:\/\/bitcoincasino.to\/de\/datenschutz\/#jugendschutz\" >Jugendschutz<\/a><\/li><\/ul><\/nav><\/div>\n","protected":false},"excerpt":{"rendered":"<p>Unsere Website: https:\/\/bitcoincasino.to\/ Bei Bitcoincasino.to ist die Privatsph\u00e4re unserer Besucher eine unserer Hauptpriorit\u00e4ten. Dieses Datenschutzrichtliniendokument enth\u00e4lt Arten von Informationen, die von uns gesammelt und aufgezeichnet werden, und wie wir sie verwenden. Wenn Sie weitere Fragen haben oder weitere Informationen zu unserer Datenschutzrichtlinie ben\u00f6tigen, z\u00f6gern Sie nicht, uns zu kontaktieren. Diese Datenschutzrichtlinie gilt nur f\u00fcr unsere &#8230; <a title=\"Datenschutzerkl\u00e4rung\" class=\"read-more\" href=\"https:\/\/bitcoincasino.to\/de\/datenschutz\/\" aria-label=\"Mehr Informationen \u00fcber Datenschutzerkl\u00e4rung\">Weiterlesen<\/a><\/p>\n","protected":false},"author":23,"featured_media":0,"parent":0,"menu_order":0,"comment_status":"closed","ping_status":"closed","template":"","meta":{"footnotes":""},"class_list":["post-5545","page","type-page","status-publish"],"_links":{"self":[{"href":"https:\/\/bitcoincasino.to\/de\/wp-json\/wp\/v2\/pages\/5545","targetHints":{"allow":["GET"]}}],"collection":[{"href":"https:\/\/bitcoincasino.to\/de\/wp-json\/wp\/v2\/pages"}],"about":[{"href":"https:\/\/bitcoincasino.to\/de\/wp-json\/wp\/v2\/types\/page"}],"author":[{"embeddable":true,"href":"https:\/\/bitcoincasino.to\/de\/wp-json\/wp\/v2\/users\/23"}],"replies":[{"embeddable":true,"href":"https:\/\/bitcoincasino.to\/de\/wp-json\/wp\/v2\/comments?post=5545"}],"version-history":[{"count":5,"href":"https:\/\/bitcoincasino.to\/de\/wp-json\/wp\/v2\/pages\/5545\/revisions"}],"predecessor-version":[{"id":5860,"href":"https:\/\/bitcoincasino.to\/de\/wp-json\/wp\/v2\/pages\/5545\/revisions\/5860"}],"wp:attachment":[{"href":"https:\/\/bitcoincasino.to\/de\/wp-json\/wp\/v2\/media?parent=5545"}],"curies":[{"name":"wp","href":"https:\/\/api.w.org\/{rel}","templated":true}]}}