{"id":5695,"date":"2023-03-27T14:47:35","date_gmt":"2023-03-27T14:47:35","guid":{"rendered":"https:\/\/bitcoincasino.to\/solana\/"},"modified":"2025-01-02T11:20:56","modified_gmt":"2025-01-02T11:20:56","slug":"solana","status":"publish","type":"page","link":"https:\/\/bitcoincasino.to\/de\/solana\/","title":{"rendered":"Solana Casinos (SOL) 2026"},"content":{"rendered":"<div class=\"wp-block-image\">\n<figure class=\"alignleft size-full\"><img decoding=\"async\" width=\"32\" height=\"32\" data-src=\"https:\/\/bitcoincasino.to\/wp-content\/uploads\/sol.png\" alt=\"Solana (SOL)\" class=\"wp-image-4670 lazyload\" src=\"data:image\/svg+xml;base64,PHN2ZyB3aWR0aD0iMSIgaGVpZ2h0PSIxIiB4bWxucz0iaHR0cDovL3d3dy53My5vcmcvMjAwMC9zdmciPjwvc3ZnPg==\" style=\"--smush-placeholder-width: 32px; --smush-placeholder-aspect-ratio: 32\/32;\" \/><\/figure>\n<\/div>\n\n\n<p>Solana ist eine der beliebtesten Kryptow\u00e4hrungen im Allgemeinen. Ob SOL unter den Betreibern von Crypto Casinos genauso beliebt ist oder nicht, werden wir auf dieser Seite f\u00fcr Sie analysieren. Wir k\u00f6nnen Ihnen an dieser Stelle schon verraten: Wir w\u00fcnschten, es g\u00e4be mehr Krypto Casinos, die SOL akzeptieren.<\/p>\n\n\n\n<p>Auf dieser Seite finden Sie unter anderem eine vollst\u00e4ndige Liste der besten Solana-Casinos sowie unseren (hoffentlich) n\u00fctzlichen Leitfaden zur effizienten Nutzung des Altcoins, seinen Vor- und Nachteilen sowie einige einfache Tipps und Tricks, wie Sie im SOL-Casino mehr Spa\u00df haben k\u00f6nnen.<\/p>\n\n\n\n<hr class=\"wp-block-separator has-text-color has-css-opacity has-background is-style-wide\" style=\"background-color:#f1ab39;color:#f1ab39\"\/>\n\n\n\n<h2 class=\"wp-block-heading\"><span class=\"ez-toc-section\" id=\"die_besten_solana_casinos_und_sportwettenanbieter_2026\"><\/span>Die besten Solana Casinos und Sportwettenanbieter 2026<span class=\"ez-toc-section-end\"><\/span><\/h2>\n\n\n\n<table id=\"tablepress-9\" class=\"tablepress tablepress-id-9 tablepress-responsive tablepress-responsive-stack-headers tablepress-responsive-stack-phone\">\n<thead>\n<tr class=\"row-1\">\n\t<td class=\"column-1\"><\/td><th class=\"column-2\">Casino<\/th><th class=\"column-3\">Bewertung<\/th><th class=\"column-4\">Vorteile<\/th><th class=\"column-5\">Spielen<\/th>\n<\/tr>\n<\/thead>\n<tbody class=\"row-striping\">\n<tr class=\"row-2\">\n\t<td class=\"column-1\"><\/td><td class=\"column-2\"><a href=\"\/go\/bc-game\" target=\"_blank\" rel=\"nofollow noopener\"><img decoding=\"async\" data-src=\"\/wp-content\/uploads\/bc-game.png\" width=\"130\" height=\"65\" alt=\"BC.Game\" src=\"data:image\/svg+xml;base64,PHN2ZyB3aWR0aD0iMSIgaGVpZ2h0PSIxIiB4bWxucz0iaHR0cDovL3d3dy53My5vcmcvMjAwMC9zdmciPjwvc3ZnPg==\" class=\"lazyload\" style=\"--smush-placeholder-width: 130px; --smush-placeholder-aspect-ratio: 130\/65;\"><\/a><\/td><td class=\"column-3\"><i class=\"fa fa-star\"><\/i><i class=\"fa fa-star\"><\/i><i class=\"fa fa-star\"><\/i><i class=\"fa fa-star\"><\/i><i class=\"fa fa-star\"><\/i><br \/>\n<strong>BC.Game<\/strong><\/td><td class=\"column-4\"><i class=\"fa-solid fa-circle-check\"><\/i> Gro\u00dfz\u00fcgiger 300% Willkommensbonus<br \/>\n<i class=\"fa-solid fa-circle-check\"><\/i> 8000+ Spiele + Exclusive Games<br \/>\n<i class=\"fa-solid fa-circle-check\"><\/i> Unterst\u00fctzt sehr viele Kryptow\u00e4hrungen<\/td><td class=\"column-5\"><a href=\"\/go\/bc-game\" class=\"PlayNow\" rel=\"nofollow noopener\" target=\"_blank\">Jetzt Spielen!<\/a><\/td>\n<\/tr>\n<tr class=\"row-3\">\n\t<td class=\"column-1\"><\/td><td class=\"column-2\"><a href=\"\/go\/crypto-games\" target=\"_blank\" rel=\"nofollow noopener\"><img decoding=\"async\" data-src=\"\/wp-content\/uploads\/crypto-games.png\" width=\"130\" height=\"65\" alt=\"Crypto.Games\" src=\"data:image\/svg+xml;base64,PHN2ZyB3aWR0aD0iMSIgaGVpZ2h0PSIxIiB4bWxucz0iaHR0cDovL3d3dy53My5vcmcvMjAwMC9zdmciPjwvc3ZnPg==\" class=\"lazyload\" style=\"--smush-placeholder-width: 130px; --smush-placeholder-aspect-ratio: 130\/65;\"><\/a><\/td><td class=\"column-3\"><i class=\"fa fa-star\"><\/i><i class=\"fa fa-star\"><\/i><i class=\"fa fa-star\"><\/i><i class=\"fa fa-star\"><\/i><i class=\"fa fa-star-half\"><\/i><br \/>\n<strong>Crypto.Games<\/strong><\/td><td class=\"column-4\"><i class=\"fa-solid fa-circle-check\"><\/i> T\u00e4gliche Missionen und Herausforderungen<br \/>\n<i class=\"fa-solid fa-circle-check\"><\/i> Nachweislich faire Spiele<br \/>\n<i class=\"fa-solid fa-circle-check\"><\/i> Eines der erste Crypto Casinos<\/td><td class=\"column-5\"><a href=\"\/go\/crypto-games\" class=\"PlayNow\" rel=\"nofollow noopener\" target=\"_blank\">Jetzt Spielen!<\/a><\/td>\n<\/tr>\n<tr class=\"row-4\">\n\t<td class=\"column-1\"><\/td><td class=\"column-2\"><a href=\"\/go\/jackbit\" target=\"_blank\" rel=\"nofollow noopener\"><img decoding=\"async\" data-src=\"\/wp-content\/uploads\/jackbit.png\" width=\"130\" height=\"65\" alt=\"JackBit\" src=\"data:image\/svg+xml;base64,PHN2ZyB3aWR0aD0iMSIgaGVpZ2h0PSIxIiB4bWxucz0iaHR0cDovL3d3dy53My5vcmcvMjAwMC9zdmciPjwvc3ZnPg==\" class=\"lazyload\" style=\"--smush-placeholder-width: 130px; --smush-placeholder-aspect-ratio: 130\/65;\"><\/a><\/td><td class=\"column-3\"><i class=\"fa fa-star\"><\/i><i class=\"fa fa-star\"><\/i><i class=\"fa fa-star\"><\/i><i class=\"fa fa-star\"><\/i><br \/>\n<strong>Jackbit<\/strong><\/td><td class=\"column-4\"><i class=\"fa-solid fa-circle-check\"><\/i> T\u00e4gliche Preis-Drops und Wochenturniere<br \/>\n<i class=\"fa-solid fa-circle-check\"><\/i> 90+ Spielelieferanten<br \/>\n<i class=\"fa-solid fa-circle-check\"><\/i> Sehr schnelle Auszahlungen<\/td><td class=\"column-5\"><a href=\"\/go\/jackbit\" class=\"PlayNow\" rel=\"nofollow noopener\" target=\"_blank\">Jetzt Spielen!<\/a><\/td>\n<\/tr>\n<\/tbody>\n<\/table>\n\n\n\n\n<hr class=\"wp-block-separator has-text-color has-css-opacity has-background is-style-wide\" style=\"background-color:#f1ab39;color:#f1ab39\"\/>\n\n\n\n<h2 class=\"wp-block-heading\"><span class=\"ez-toc-section\" id=\"einfuehrung_in_sol_casinos\"><\/span>Einf\u00fchrung in SOL Casinos<span class=\"ez-toc-section-end\"><\/span><\/h2>\n\n\n\n<figure class=\"wp-block-image size-large\"><img decoding=\"async\" width=\"1024\" height=\"168\" data-src=\"https:\/\/bitcoincasino.to\/wp-content\/uploads\/solana-casino-leitfaden-1024x168.png\" alt=\"Der komplette Solana Casino Guide\" class=\"wp-image-5748 lazyload\" data-srcset=\"https:\/\/bitcoincasino.to\/wp-content\/uploads\/\/solana-casino-leitfaden-1024x168.png 1024w, https:\/\/bitcoincasino.to\/wp-content\/uploads\/\/solana-casino-leitfaden-300x49.png 300w, https:\/\/bitcoincasino.to\/wp-content\/uploads\/\/solana-casino-leitfaden-768x126.png 768w, https:\/\/bitcoincasino.to\/wp-content\/uploads\/\/solana-casino-leitfaden.png 1100w\" data-sizes=\"(max-width: 1024px) 100vw, 1024px\" src=\"data:image\/svg+xml;base64,PHN2ZyB3aWR0aD0iMSIgaGVpZ2h0PSIxIiB4bWxucz0iaHR0cDovL3d3dy53My5vcmcvMjAwMC9zdmciPjwvc3ZnPg==\" style=\"--smush-placeholder-width: 1024px; --smush-placeholder-aspect-ratio: 1024\/168;\" \/><\/figure>\n\n\n\n<p><\/p>\n\n\n\n<p>Solana ist eine Blockchain-Plattform, die \u00e4hnlich wie Cardano einen Proof-of-Stake-Konsensmechanismus verwendet, um ihr Netzwerk zu sichern. SOL ist bekannt (und beliebt) f\u00fcr seinen hohen Durchsatz und die niedrigen Transaktionsgeb\u00fchren, was es zu einer hervorragenden Option auf Crypto Casinos macht.<\/p>\n\n\n\n<p>In den letzten Jahren hat sich Solana zwar zu einer akzeptierten Plattform f\u00fcr den Aufbau dezentraler Crypto Casinos entwickelt, in denen man SOL einfach zum Spielen von Casinospielen und zum Platzieren von Wetten nutzt, so richtig durchsetzen konnte sich die W\u00e4hrung aber noch nicht. Es gibt leider immer noch recht wenige lizensierte und seri\u00f6se Online Casinos, die SOL als Zahlungsoption auf Ihren Plattformen akzeptieren.<\/p>\n\n\n\n<p>Wir haben unsere Experten angewiesen, die besten Anbieter f\u00fcr Solana-Casinos zu finden und zu testen, die derzeit f\u00fcr die breite Masse verf\u00fcgbar sind. Die obige Liste ist das Ergebnis, das sie bisher erstellt haben. Die Suche nach den besten Solana Casinos ist aber noch lange nicht abgeschlossen. Sobald wir einen gutes Crypto Casino entdecken, dass SOL akzeptiert, werden wir es nach ausgiebigen Tests und Analysen auch in unsere Solana Top Liste aufnehmen.<\/p>\n\n\n\n<p>Dar\u00fcber hinaus haben wir einen kurzen Solana Guide zusammengestellt, der denjenigen helfen soll, die sich f\u00fcr diese spezielle M\u00fcnze interessieren.<\/p>\n\n\n\n<hr class=\"wp-block-separator has-text-color has-css-opacity has-background is-style-wide\" style=\"background-color:#f1ab39;color:#f1ab39\"\/>\n\n\n\n<h2 class=\"wp-block-heading\"><span class=\"ez-toc-section\" id=\"kurzanleitung_zum_einstieg_ins_solana-casino_%e2%80%93_schritt_fuer_schritt\"><\/span>Kurzanleitung zum Einstieg ins Solana-Casino &#8211; Schritt f\u00fcr Schritt<span class=\"ez-toc-section-end\"><\/span><\/h2>\n\n\n\n<p>Das Spielen in einem Solana-Casino ist ein einfacher Vorgang. Zun\u00e4chst m\u00fcssen Sie etwas SOL in Ihrer Krypto-Wallet haben. Sie k\u00f6nnen SOL an Krypto-B\u00f6rsen wie Binance, Coinbase oder Kraken kaufen und dann auf Ihre Wallet \u00fcbertragen. Wir haben dies in unserem <a href=\"https:\/\/bitcoincasino.to\/de\/\" data-type=\"page\" data-id=\"5516\">Bitcoin Casino Leitfaden auf der Homep<\/a>age n\u00e4her erl\u00e4utert.<\/p>\n\n\n\n<p>Sobald Sie SOL in Ihrer Wallet haben, k\u00f6nnen Sie nach der Registrierung eine Solana-Gl\u00fccksspielseite besuchen und Ihre virtuelles Wallet mit Ihrem Casino-Konto verbinden. Dadurch k\u00f6nnen Sie SOL auf Ihr Casinokonto einzahlen und mit dem Spielen beginnen.<\/p>\n\n\n\n<p>Die meisten Solana-Casinos bieten eine gro\u00dfe Auswahl an Spielen, darunter Spielautomaten, Tischspiele, Crash- und Mini Games, Live Casino, Game Shows-Shows und sogar Sportwetten. Sie k\u00f6nnen SOL (oder eine andere Kryptow\u00e4hrung) verwenden, um diese Spiele zu spielen und dabei hoffentlich mit einem Gewinn die Sitzung beenden.<\/p>\n\n\n\n<hr class=\"wp-block-separator has-text-color has-css-opacity has-background is-style-wide\" style=\"background-color:#f1ab39;color:#f1ab39\"\/>\n\n\n\n<h2 class=\"wp-block-heading\"><span class=\"ez-toc-section\" id=\"vor-und_nachteile\"><\/span>Vor-und Nachteile<span class=\"ez-toc-section-end\"><\/span><\/h2>\n\n\n\n<p>Nun ist Solana nicht ohne M\u00e4ngel, aber das ist tats\u00e4chlich bei den meisten W\u00e4hrungen (Krypto oder Fiat) der Fall. Es gibt sicherlich Vor- und Nachteile, und wir werden im Folgenden beide Seiten der Medaille behandeln.<\/p>\n\n\n\n<h3 class=\"wp-block-heading\">Vorteile von Solana<\/h3>\n\n\n\n<ul class=\"wp-block-list\">\n<li><strong>Blitzschnell mit niedrigen\/keinen Geb\u00fchren<\/strong> \u2013 Solanas hoher Durchsatz und niedrige Transaktionsgeb\u00fchren machen es zu einer gro\u00dfartigen Wahl f\u00fcr Gl\u00fccksspiele.<\/li>\n\n\n\n<li><strong>Transparenz und Dezentral<\/strong> \u2013 Solana-Casinos sorgen f\u00fcr ein dezentrales, transparentes und anonymes Online-Gl\u00fccksspielerlebnis.<\/li>\n\n\n\n<li><strong>Seri\u00f6se W\u00e4hrung<\/strong> \u2013 Der Gr\u00fcnder der M\u00fcnze wird im Bereich der Kryptow\u00e4hrungen hoch respektiert.<\/li>\n\n\n\n<li><strong>Weltweite Verf\u00fcgbarkeit<\/strong> \u2013 Solana steht Casino-Spielern auf der ganzen Welt zur Verf\u00fcgung, unabh\u00e4ngig von Einschr\u00e4nkungen (gr\u00f6\u00dftenteils).<\/li>\n<\/ul>\n\n\n\n<h3 class=\"wp-block-heading\">Nachteile<\/h3>\n\n\n\n<ul class=\"wp-block-list\">\n<li><strong>Hohe Volatilit\u00e4t<\/strong> \u2013 Kryptow\u00e4hrungen wie SOL sind f\u00fcr ihre Volatilit\u00e4t bekannt, was wiederum dazu f\u00fchrt, dass der Wert Ihrer Gewinne schnell schwanken kann.<\/li>\n\n\n\n<li><strong>Geringe Akzeptanz<\/strong> \u2013 Die Akzeptanz von Solana bei Krypto-Casinos ist derzeit eher begrenzt.<\/li>\n<\/ul>\n\n\n\n<hr class=\"wp-block-separator has-text-color has-css-opacity has-background is-style-wide\" style=\"background-color:#f1ab39;color:#f1ab39\"\/>\n\n\n\n<h2 class=\"wp-block-heading\"><span class=\"ez-toc-section\" id=\"solana_poker\"><\/span>Solana Poker<span class=\"ez-toc-section-end\"><\/span><\/h2>\n\n\n\n<p>Poker ist eine der beliebtesten Spielarten in SOL-Casinos und Crypto Casinos im Allgemeinen. Solana-Poker \u00e4hnelt eher dem traditionellen Online-Poker, bei dem Sie lediglich versuchen, mit Ihren Karten und den Gemeinschaftskarten auf dem Tisch die bestm\u00f6gliche Hand zu bilden.<\/p>\n\n\n\n<p>In diesem Fall verwenden Sie SOL als Wetteinsatz, aber die Regeln und Strategien sind die gleichen wie beim regul\u00e4ren Online-Poker, was Sie vielleicht schon erlebt haben. Dar\u00fcber hinaus k\u00f6nnen Sie f\u00fcr eine wirklich spannende Zeit an Turnieren und anderen Pokerwettbewerben teilnehmen. Weitere Informationen finden Sie in unserem Krypto-Poker-Guide.<\/p>\n\n\n\n<p>Es gibt nat\u00fcrlich mehrere Poker Varianten und Versionen. die Sie spielen k\u00f6nnen. Genau diese Vielfalt erwartet man nat\u00fcrlich auch von einem Online Casino. Sicherlich werden auch Sie ihre Lieblingskategorien und -varianten, wie Texas Hold'em, Caribbean Poker oder auch Teen Patti in den guten Solana Casinos finden. Nun haben Sie die Qual der Wahl, bei welchem Anbieter Sie sich an den Tisch setzen wollen.<\/p>\n\n\n\n<hr class=\"wp-block-separator has-text-color has-css-opacity has-background is-style-wide\" style=\"background-color:#f1ab39;color:#f1ab39\"\/>\n\n\n\n<h2 class=\"wp-block-heading\"><span class=\"ez-toc-section\" id=\"solana_tipps_und_tricks\"><\/span>Solana Tipps und Tricks<span class=\"ez-toc-section-end\"><\/span><\/h2>\n\n\n\n<p>Wenn Sie planen, in SOL-Casinos zu spielen, haben wir vier einfache Tipps und Tricks, die Ihnen dabei helfen k\u00f6nnen, Ihre Gewinnchancen zu maximieren und gleichzeitig sicherzustellen, dass Sie verantwortungsbewusst spielen. Schauen Sie sich diese einfach nbachfolgend an.<\/p>\n\n\n\n<ul class=\"wp-block-list\">\n<li><strong>Verstehen Sie, wie das Spiel funktioniert<\/strong> \u2013 Bevor Sie mit dem Spielen beginnen, stellen Sie sicher, dass Sie die Regeln und Strategien des spezifischen Spiels verstehen, das Sie spielen m\u00f6chten.<\/li>\n\n\n\n<li><strong>Erstellen Sie Budgets<\/strong> \u2013 Um sicher zu spielen, empfehlen wir Ihnen, ein Budget f\u00fcr Ihre Gl\u00fccksspielaktivit\u00e4ten festzulegen und sich daran zu halten.<\/li>\n\n\n\n<li><strong>W\u00e4hlen Sie das richtige Solana-Casino f\u00fcr Ihre Bed\u00fcrfnisse<\/strong> \u2013 Suchen Sie in unserer SOL Casino Top Liste oben auf der Seite nach seri\u00f6sen SOL-Casinos, Wett- und Pokerseiten.<\/li>\n\n\n\n<li><strong>Nutzen Sie Bonusangebote<\/strong> \u2013 Viele SOL-Casinos bieten Boni und Werbeaktionen an. Wenn Sie diese zu Ihrem Vorteil nutzen, k\u00f6nnen Sie Ihre Gewinnchancen erh\u00f6hen, indem Sie einfach mehr Geld zum Spielen haben.<\/li>\n<\/ul>\n\n\n\n<hr class=\"wp-block-separator has-text-color has-css-opacity has-background is-style-wide\" style=\"background-color:#f1ab39;color:#f1ab39\"\/>\n\n\n\n<h2 class=\"wp-block-heading\"><span class=\"ez-toc-section\" id=\"faq\"><\/span>FAQ<span class=\"ez-toc-section-end\"><\/span><\/h2>\n\n\n<div id=\"rank-math-faq\" class=\"rank-math-block\">\n<div class=\"rank-math-list \">\n<div id=\"faq-question-1679928202064\" class=\"rank-math-list-item\">\n<h3 class=\"rank-math-question \">Kann ich SOL in Online-Casinos verwenden?<\/h3>\n<div class=\"rank-math-answer \">\n\n<p>Ja, nat\u00fcrlich abh\u00e4ngig davon, welches Casino Sie besuchen. Es gibt zwar mittlerweile viele Crypto Casinos, allerdings ist die Anzahl derer, die SOL f\u00fcr Transaktionen akzeptieren noch recht gering.<\/p>\n\n<\/div>\n<\/div>\n<div id=\"faq-question-1679928202826\" class=\"rank-math-list-item\">\n<h3 class=\"rank-math-question \">Was ist der beste Grund, sich f\u00fcr ein Solana-Casino zu entscheiden?<\/h3>\n<div class=\"rank-math-answer \">\n\n<p>Im Allgemeinen handelt es sich um eine gro\u00dfartige alternative M\u00fcnze. Die Geschwindigkeit, Sicherheit und niedrigen Transaktionsgeb\u00fchren, die SOL im Krypto-Casino-Bereich gegen\u00fcber anderen Kryptos bietet kann, ist fantastisch.<\/p>\n\n<\/div>\n<\/div>\n<div id=\"faq-question-1679928203896\" class=\"rank-math-list-item\">\n<h3 class=\"rank-math-question \">Ist es m\u00f6glich, im SOL-Casino anonym zu spielen?<\/h3>\n<div class=\"rank-math-answer \">\n\n<p>Ja, es ist f\u00fcr Spieler meistens m\u00f6glich, sich anonym im SOL-Casinos anzumelden, Einzahlungen vorzunehmen und anonym zu spielen. Beachten Sie jedoch, dass einige Casinos m\u00f6glicherweise eine KYC-Pr\u00fcfung verlangen, bevor Sie Gewinne auszahlen lassen k\u00f6nnen. Dies wird in der Regel vorher klar in den AGB dargelegt.<\/p>\n\n<\/div>\n<\/div>\n<div id=\"faq-question-1679928437580\" class=\"rank-math-list-item\">\n<h3 class=\"rank-math-question \">Wie kann ich verantwortungsvoller im Crypto Casino spielen?<\/h3>\n<div class=\"rank-math-answer \">\n\n<p>Stellen Sie sicher, dass Sie ein Budget festlegen, bevor Sie ernsthaft mit dem Gl\u00fccksspiel beginnen. Halten Sie sich an Ihr Budget, nutzen Sie Instrumente f\u00fcr verantwortungsvolles Spielen. Machen Sie gen\u00fcgend Pausen und nutzen Sie n\u00fctzliche Ressourcen und Selbsthilfegruppen falls Sie das Gef\u00fchl haben, dass Ihnen die Kontrolle entgleitet. Dies sind nur einige der Dinge, die Sie tun k\u00f6nnen, um verantwortungsvoller zu sein.<\/p>\n\n<\/div>\n<\/div>\n<\/div>\n<\/div>\n\n\n<hr class=\"wp-block-separator has-text-color has-css-opacity has-background is-style-wide\" style=\"background-color:#f1ab39;color:#f1ab39\"\/>\n\n\n\n<h2 class=\"wp-block-heading\"><span class=\"ez-toc-section\" id=\"references\"><\/span>References<span class=\"ez-toc-section-end\"><\/span><\/h2>\n\n\n\n<ul class=\"wp-block-list\">\n<li><a href=\"https:\/\/solana.com\/\" target=\"_blank\" rel=\"noreferrer noopener\">https:\/\/solana.com\/<\/a><\/li>\n<\/ul>\n\n\n\n<hr class=\"wp-block-separator has-text-color has-css-opacity has-background is-style-wide\" style=\"background-color:#f1ab39;color:#f1ab39\"\/>\n\n\n\n<h3 class=\"wp-block-heading\">Author<\/h3>\n\n\n<div style=\"font-size:22px;\" class=\"wp-block-post-author\"><div class=\"wp-block-post-author__content\"><p class=\"wp-block-post-author__name\">Rudolf Brust<\/p><p class=\"wp-block-post-author__bio\">Der geborene Baden-Badener wuchs einen Steinwurf neben dem sch\u00f6nsten Casino Deutschlands auf. Der gelernte Bankkaufmann ist nicht nur Casino-Enthusiast, sondern auch ein Krypto-Experte der ersten Stunde. Er ist der \u201eTo-Go-Guy\u201c f\u00fcr die interessantesten Coins, den besten Bonus, aktuellen Promotionen und neue Top-Casinos.<\/p><\/div><\/div><div id=\"ez-toc-container\" class=\"ez-toc-v2_0_82_2 ez-toc-wrap-right counter-hierarchy ez-toc-counter ez-toc-custom ez-toc-container-direction\">\n<div class=\"ez-toc-title-container\">\n<p class=\"ez-toc-title\" style=\"cursor:inherit\"><\/p>\n<span class=\"ez-toc-title-toggle\"><a href=\"#\" class=\"ez-toc-pull-right ez-toc-btn ez-toc-btn-xs ez-toc-btn-default ez-toc-toggle\" aria-label=\"Toggle Table of Content\"><span class=\"ez-toc-js-icon-con\"><span class=\"\"><span class=\"eztoc-hide\" style=\"display:none;\">Toggle<\/span><span class=\"ez-toc-icon-toggle-span\"><svg style=\"fill: #000000;color:#000000\" xmlns=\"http:\/\/www.w3.org\/2000\/svg\" class=\"list-377408\" width=\"20px\" height=\"20px\" viewBox=\"0 0 24 24\" fill=\"none\"><path d=\"M6 6H4v2h2V6zm14 0H8v2h12V6zM4 11h2v2H4v-2zm16 0H8v2h12v-2zM4 16h2v2H4v-2zm16 0H8v2h12v-2z\" fill=\"currentColor\"><\/path><\/svg><svg style=\"fill: #000000;color:#000000\" class=\"arrow-unsorted-368013\" xmlns=\"http:\/\/www.w3.org\/2000\/svg\" width=\"10px\" height=\"10px\" viewBox=\"0 0 24 24\" version=\"1.2\" baseProfile=\"tiny\"><path d=\"M18.2 9.3l-6.2-6.3-6.2 6.3c-.2.2-.3.4-.3.7s.1.5.3.7c.2.2.4.3.7.3h11c.3 0 .5-.1.7-.3.2-.2.3-.5.3-.7s-.1-.5-.3-.7zM5.8 14.7l6.2 6.3 6.2-6.3c.2-.2.3-.5.3-.7s-.1-.5-.3-.7c-.2-.2-.4-.3-.7-.3h-11c-.3 0-.5.1-.7.3-.2.2-.3.5-.3.7s.1.5.3.7z\"\/><\/svg><\/span><\/span><\/span><\/a><\/span><\/div>\n<nav><ul class='ez-toc-list ez-toc-list-level-1 eztoc-toggle-hide-by-default' ><li class='ez-toc-page-1 ez-toc-heading-level-2'><a class=\"ez-toc-link ez-toc-heading-1\" href=\"https:\/\/bitcoincasino.to\/de\/solana\/#die_besten_solana_casinos_und_sportwettenanbieter_2026\" >Die besten Solana Casinos und Sportwettenanbieter 2026<\/a><\/li><li class='ez-toc-page-1 ez-toc-heading-level-2'><a class=\"ez-toc-link ez-toc-heading-2\" href=\"https:\/\/bitcoincasino.to\/de\/solana\/#einfuehrung_in_sol_casinos\" >Einf\u00fchrung in SOL Casinos<\/a><\/li><li class='ez-toc-page-1 ez-toc-heading-level-2'><a class=\"ez-toc-link ez-toc-heading-3\" href=\"https:\/\/bitcoincasino.to\/de\/solana\/#kurzanleitung_zum_einstieg_ins_solana-casino_%e2%80%93_schritt_fuer_schritt\" >Kurzanleitung zum Einstieg ins Solana-Casino &#8211; Schritt f\u00fcr Schritt<\/a><\/li><li class='ez-toc-page-1 ez-toc-heading-level-2'><a class=\"ez-toc-link ez-toc-heading-4\" href=\"https:\/\/bitcoincasino.to\/de\/solana\/#vor-und_nachteile\" >Vor-und Nachteile<\/a><\/li><li class='ez-toc-page-1 ez-toc-heading-level-2'><a class=\"ez-toc-link ez-toc-heading-5\" href=\"https:\/\/bitcoincasino.to\/de\/solana\/#solana_poker\" >Solana Poker<\/a><\/li><li class='ez-toc-page-1 ez-toc-heading-level-2'><a class=\"ez-toc-link ez-toc-heading-6\" href=\"https:\/\/bitcoincasino.to\/de\/solana\/#solana_tipps_und_tricks\" >Solana Tipps und Tricks<\/a><\/li><li class='ez-toc-page-1 ez-toc-heading-level-2'><a class=\"ez-toc-link ez-toc-heading-7\" href=\"https:\/\/bitcoincasino.to\/de\/solana\/#faq\" >FAQ<\/a><\/li><li class='ez-toc-page-1 ez-toc-heading-level-2'><a class=\"ez-toc-link ez-toc-heading-8\" href=\"https:\/\/bitcoincasino.to\/de\/solana\/#references\" >References<\/a><\/li><\/ul><\/nav><\/div>\n","protected":false},"excerpt":{"rendered":"<p>Solana ist eine der beliebtesten Kryptow\u00e4hrungen im Allgemeinen. Ob SOL unter den Betreibern von Crypto Casinos genauso beliebt ist oder nicht, werden wir auf dieser Seite f\u00fcr Sie analysieren. Wir k\u00f6nnen Ihnen an dieser Stelle schon verraten: Wir w\u00fcnschten, es g\u00e4be mehr Krypto Casinos, die SOL akzeptieren. Auf dieser Seite finden Sie unter anderem eine &#8230; <a title=\"Solana Casinos (SOL) 2026\" class=\"read-more\" href=\"https:\/\/bitcoincasino.to\/de\/solana\/\" aria-label=\"Mehr Informationen \u00fcber Solana Casinos (SOL) 2026\">Weiterlesen<\/a><\/p>\n","protected":false},"author":23,"featured_media":0,"parent":0,"menu_order":0,"comment_status":"open","ping_status":"closed","template":"","meta":{"footnotes":""},"class_list":["post-5695","page","type-page","status-publish"],"_links":{"self":[{"href":"https:\/\/bitcoincasino.to\/de\/wp-json\/wp\/v2\/pages\/5695","targetHints":{"allow":["GET"]}}],"collection":[{"href":"https:\/\/bitcoincasino.to\/de\/wp-json\/wp\/v2\/pages"}],"about":[{"href":"https:\/\/bitcoincasino.to\/de\/wp-json\/wp\/v2\/types\/page"}],"author":[{"embeddable":true,"href":"https:\/\/bitcoincasino.to\/de\/wp-json\/wp\/v2\/users\/23"}],"replies":[{"embeddable":true,"href":"https:\/\/bitcoincasino.to\/de\/wp-json\/wp\/v2\/comments?post=5695"}],"version-history":[{"count":8,"href":"https:\/\/bitcoincasino.to\/de\/wp-json\/wp\/v2\/pages\/5695\/revisions"}],"predecessor-version":[{"id":6516,"href":"https:\/\/bitcoincasino.to\/de\/wp-json\/wp\/v2\/pages\/5695\/revisions\/6516"}],"wp:attachment":[{"href":"https:\/\/bitcoincasino.to\/de\/wp-json\/wp\/v2\/media?parent=5695"}],"curies":[{"name":"wp","href":"https:\/\/api.w.org\/{rel}","templated":true}]}}