{"id":5818,"date":"2022-04-26T09:58:00","date_gmt":"2022-04-26T09:58:00","guid":{"rendered":"https:\/\/bitcoincasino.to\/about-us\/"},"modified":"2023-10-05T06:10:24","modified_gmt":"2023-10-05T06:10:24","slug":"uber-uns","status":"publish","type":"page","link":"https:\/\/bitcoincasino.to\/de\/uber-uns\/","title":{"rendered":"\u00dcber Uns"},"content":{"rendered":"\n<h2 class=\"wp-block-heading\"><span class=\"ez-toc-section\" id=\"wer_ist_bitcoincasinoto\"><\/span>Wer ist Bitcoincasino.to?<span class=\"ez-toc-section-end\"><\/span><\/h2>\n\n\n<div class=\"wp-block-image\">\n<figure class=\"alignright size-full\"><img decoding=\"async\" width=\"150\" height=\"150\" data-src=\"https:\/\/bitcoincasino.to\/wp-content\/uploads\/2022\/05\/about-us-btc.png\" alt=\"About us BTC logo\" class=\"wp-image-1519 lazyload\" data-srcset=\"https:\/\/bitcoincasino.to\/wp-content\/uploads\/2022\/05\/about-us-btc.png 150w, https:\/\/bitcoincasino.to\/wp-content\/uploads\/2022\/05\/about-us-btc-55x55.png 55w\" data-sizes=\"(max-width: 150px) 100vw, 150px\" src=\"data:image\/svg+xml;base64,PHN2ZyB3aWR0aD0iMSIgaGVpZ2h0PSIxIiB4bWxucz0iaHR0cDovL3d3dy53My5vcmcvMjAwMC9zdmciPjwvc3ZnPg==\" style=\"--smush-placeholder-width: 150px; --smush-placeholder-aspect-ratio: 150\/150;\" \/><\/figure>\n<\/div>\n\n\n<p><a href=\"https:\/\/bitcoincasino.to\/de\/\" data-type=\"page\" data-id=\"5516\">BitcoinCasino.to<\/a> wurde ins Leben gerufen, um Ihnen eine Website mit allen Informationen zur Verf\u00fcgung zu stellen, die Sie jemals \u00fcber Bitcoin- und Altcoin-Casinos ben\u00f6tigen werden. Unsere Research und Analyse der aktuellen Crypto-Casino-Branche soll dazu beitragen, die Informationsl\u00fccke zu schlie\u00dfen und Ihnen dabei zu helfen, die richtigen Entscheidungen zu treffen. Mit uns finden Sie das perfekte Crypto Casino f\u00fcr Ihre Anspr\u00fcche. <\/p>\n\n\n\n<p>Wir lieben Krypto-Gl\u00fccksspiele \u2013 alle Artikel und Rezensionen auf BitcoinCasino.to sind mit Leidenschaft und tats\u00e4chlichen Marktkenntnissen verfasst.<\/p>\n\n\n\n<h3 class=\"wp-block-heading\">Was Sie von uns erwarten k\u00f6nnen<\/h3>\n\n\n\n<p>Unser Ziel ist es, eine Art One-Stop-Shop f\u00fcr alles rund um Bitcoin-Casinospiele und Sportwetten zu sein. Das bedeutet, dass Sie davon ausgehen k\u00f6nnen, dass die neuesten Informationen zuerst hier bei uns verf\u00fcgbar sind, dass alle unsere aktuellen Leitf\u00e4den und Artikel kontinuierlich aktualisiert werden und dass wir Ihnen in unseren Top- und Vergleichslisten stets die neuesten Krypto-Casinoseiten ausgiebig vorstellen. <\/p>\n\n\n\n<p>Kurz gesagt, Folgendes k\u00f6nnen Sie von BitcoinCasino.to erwarten:<\/p>\n\n\n\n<ul class=\"wp-block-list\">\n<li>Ehrliche Bewertungen und genaue Inhalte<\/li>\n\n\n\n<li>Die neuesten Informationen zum Krypto-Gl\u00fccksspielmarkt<\/li>\n\n\n\n<li>Die besten neuen, sicheren und lizenzierten Krypto-Casinos<\/li>\n\n\n\n<li>Viele verschiedene Krypto-Zahlungsoptionen<\/li>\n<\/ul>\n\n\n\n<hr class=\"wp-block-separator has-text-color has-css-opacity has-background is-style-wide\" style=\"background-color:#f1ab39;color:#f1ab39\" \/>\n\n\n\n<h2 class=\"wp-block-heading\"><span class=\"ez-toc-section\" id=\"wie_wir_bitcoin-casinos_testen_und_bewerten\"><\/span>Wie wir Bitcoin-Casinos testen und bewerten<span class=\"ez-toc-section-end\"><\/span><\/h2>\n\n\n\n<p>Unser Ziel ist es, Ihnen vertrauensw\u00fcrdige Crypto Casinos  und Anbieter von Online Sportwetten zu pr\u00e4sentieren, auf denen Sie anonym spielen und Ihre bevorzugte Kryptow\u00e4hrung zum wetten verwenden k\u00f6nnen. Die gro\u00dfe Anzahl an verf\u00fcgbaren Casinos macht dies zu einer herausfordernden Aufgabe, aber genau das machen wir gerne.<\/p>\n\n\n\n<p>Wir bewerten Gl\u00fccksspielseiten anhand einer Reihe von Faktoren, und diejenigen, die auf unserer Liste landen, wurden von Experten ordnungsgem\u00e4\u00df eingestuft und \u00fcberpr\u00fcft, um sich ihren Platz zu sichern. Hier sind einige der Faktoren, die wir ber\u00fccksichtigen:<\/p>\n\n\n\n<ul class=\"wp-block-list\">\n<li>Datensicherheit und Verschl\u00fcsselung<\/li>\n\n\n\n<li>Vertrauensw\u00fcrdige Lizenzen (oder nachweislich vertrauensw\u00fcrdig ohne Lizenz)<\/li>\n\n\n\n<li>M\u00f6glichkeit, anonym zu spielen<\/li>\n\n\n\n<li>Umfangreiches Spieleportfolio und nachweislich faire Optionen<\/li>\n\n\n\n<li>Auswahl an Krypto-Zahlungsmethoden<\/li>\n\n\n\n<li>Ein- und Auszahlungsgeschwindigkeit<\/li>\n\n\n\n<li>Mobiler Support und Benutzeroberfl\u00e4che<\/li>\n\n\n\n<li>Gro\u00dfz\u00fcgige Bonusangebote und VIP-Programme<\/li>\n<\/ul>\n\n\n\n<hr class=\"wp-block-separator has-text-color has-css-opacity has-background is-style-wide\" style=\"background-color:#f1ab39;color:#f1ab39\" \/>\n\n\n\n<h2 class=\"wp-block-heading\"><span class=\"ez-toc-section\" id=\"wer_wir_sind\"><\/span>Wer wir sind<span class=\"ez-toc-section-end\"><\/span><\/h2>\n\n\n\n<p>Wir sind eine eingeschworene Gruppe von Krypto- und Casino-Enthusiasten mit h\u00f6herer Bildung. Wir wollten als kleines Team unabh\u00e4ngig und frei arbeiten, um unser gemeinsames Wissen \u00fcber die Casinobranche mit Ihnen zu teilen und uns dabei hoffentlich gegen\u00fcber der Konkurrenz zu behaupten. <\/p>\n\n\n\n<p>Als kleine Gruppe k\u00f6nnen wir uns besonders auf die unauff\u00e4lligen jedoch sehr wichtigen Details konzentrieren, die sonst leicht \u00fcbersehen werden. Wir achten auf Daten und Fakten und nutzen zuverl\u00e4ssige Quellen f\u00fcr die auf unserer Website bereitgestellten Informationen.<\/p>\n\n\n\n<ul class=\"wp-block-list\">\n<li>Webseite: https:\/\/bitcoincasino.to\/<\/li>\n\n\n\n<li>Firmenname: Bitcoin Casino N.V.<\/li>\n\n\n\n<li>Adresse: 9 Abraham de Veerstraat, Willemstad, Netherlands Antilles<\/li>\n\n\n\n<li>Kontaktinformation: <a href=\"https:\/\/bitcoincasino.to\/de\/kontakt\/\" data-type=\"page\" data-id=\"5823\">Kontaktformular<\/a><\/li>\n<\/ul>\n\n\n\n<hr class=\"wp-block-separator has-text-color has-css-opacity has-background is-style-wide\" style=\"background-color:#f1ab39;color:#f1ab39\" \/>\n\n\n\n<h2 class=\"wp-block-heading\"><span class=\"ez-toc-section\" id=\"mitteilung\"><\/span>Mitteilung<span class=\"ez-toc-section-end\"><\/span><\/h2>\n\n\n\n<p>Die Nutzung von BitcoinCasino.to wird immer kostenlos sein. Wir erheben keine Geb\u00fchren f\u00fcr Artikel, Leitf\u00e4den oder andere Dienstleistungen. Um daraus ein rentables Gesch\u00e4ft zu machen, m\u00fcssen wir irgendwie Einnahmen generieren. Hier spielt Affiliate-Marketing in unserem Gesch\u00e4ftsmodell eine Rolle.<\/p>\n\n\n\n<p>Immer wenn Sie eine Website aus unseren Listen besuchen und sich registrieren, erhalten wir m\u00f6glicherweise eine Entsch\u00e4digung vom Betreiber, der das Casino betreibt. Keine der Gl\u00fccksspielseiten oder deren Spiele ist unser Eigentum. Es sollte auch klargestellt werden, dass unser Affiliate-Modell \u00fcberhaupt keinen Einfluss darauf hat, wie wir unsere Inhalte verfassen, da die Casino-Betreiber keinen Einfluss darauf haben, wie wir ihre Webseiten \u00fcberpr\u00fcfen.<\/p>\n\n\n\n<hr class=\"wp-block-separator has-text-color has-css-opacity has-background is-style-wide\" style=\"background-color:#f1ab39;color:#f1ab39\" \/>\n\n\n\n<h2 class=\"wp-block-heading\"><span class=\"ez-toc-section\" id=\"nehmen_sie_kontakt_mit_uns_auf\"><\/span>Nehmen Sie Kontakt mit uns auf<span class=\"ez-toc-section-end\"><\/span><\/h2>\n\n\n\n<p>Wir sind stets f\u00fcr Sie da. Wenn Sie uns also kontaktieren m\u00f6chten, f\u00fcllen Sie einfach das Formular auf unserer Kontaktseite aus und wir werden uns bei Ihnen melden!<\/p>\n\n\n\n<p>Als unabh\u00e4ngige Vergleichsseite freuen wir uns immer \u00fcber Feedback und konstruktive Kritik, wie wir das Erlebnis f\u00fcr unsere Leser verbessern k\u00f6nnen. Wir beantworten alle relevanten Fragen und helfen Ihnen gerne weiter, wenn Sie auf unserer Website auf ein Problem sto\u00dfen, das wir beheben k\u00f6nnen. Bitte beachten Sie, dass wir an den von Ihnen m\u00f6glicherweise verkauften Dienstleistungen nicht interessiert sind und auf solche Anfragen nicht antworten.<\/p>\n<div id=\"ez-toc-container\" class=\"ez-toc-v2_0_82_2 ez-toc-wrap-right counter-hierarchy ez-toc-counter ez-toc-custom ez-toc-container-direction\">\n<div class=\"ez-toc-title-container\">\n<p class=\"ez-toc-title\" style=\"cursor:inherit\"><\/p>\n<span class=\"ez-toc-title-toggle\"><a href=\"#\" class=\"ez-toc-pull-right ez-toc-btn ez-toc-btn-xs ez-toc-btn-default ez-toc-toggle\" aria-label=\"Toggle Table of Content\"><span class=\"ez-toc-js-icon-con\"><span class=\"\"><span class=\"eztoc-hide\" style=\"display:none;\">Toggle<\/span><span class=\"ez-toc-icon-toggle-span\"><svg style=\"fill: #000000;color:#000000\" xmlns=\"http:\/\/www.w3.org\/2000\/svg\" class=\"list-377408\" width=\"20px\" height=\"20px\" viewBox=\"0 0 24 24\" fill=\"none\"><path d=\"M6 6H4v2h2V6zm14 0H8v2h12V6zM4 11h2v2H4v-2zm16 0H8v2h12v-2zM4 16h2v2H4v-2zm16 0H8v2h12v-2z\" fill=\"currentColor\"><\/path><\/svg><svg style=\"fill: #000000;color:#000000\" class=\"arrow-unsorted-368013\" xmlns=\"http:\/\/www.w3.org\/2000\/svg\" width=\"10px\" height=\"10px\" viewBox=\"0 0 24 24\" version=\"1.2\" baseProfile=\"tiny\"><path d=\"M18.2 9.3l-6.2-6.3-6.2 6.3c-.2.2-.3.4-.3.7s.1.5.3.7c.2.2.4.3.7.3h11c.3 0 .5-.1.7-.3.2-.2.3-.5.3-.7s-.1-.5-.3-.7zM5.8 14.7l6.2 6.3 6.2-6.3c.2-.2.3-.5.3-.7s-.1-.5-.3-.7c-.2-.2-.4-.3-.7-.3h-11c-.3 0-.5.1-.7.3-.2.2-.3.5-.3.7s.1.5.3.7z\"\/><\/svg><\/span><\/span><\/span><\/a><\/span><\/div>\n<nav><ul class='ez-toc-list ez-toc-list-level-1 eztoc-toggle-hide-by-default' ><li class='ez-toc-page-1 ez-toc-heading-level-2'><a class=\"ez-toc-link ez-toc-heading-1\" href=\"https:\/\/bitcoincasino.to\/de\/uber-uns\/#wer_ist_bitcoincasinoto\" >Wer ist Bitcoincasino.to?<\/a><\/li><li class='ez-toc-page-1 ez-toc-heading-level-2'><a class=\"ez-toc-link ez-toc-heading-2\" href=\"https:\/\/bitcoincasino.to\/de\/uber-uns\/#wie_wir_bitcoin-casinos_testen_und_bewerten\" >Wie wir Bitcoin-Casinos testen und bewerten<\/a><\/li><li class='ez-toc-page-1 ez-toc-heading-level-2'><a class=\"ez-toc-link ez-toc-heading-3\" href=\"https:\/\/bitcoincasino.to\/de\/uber-uns\/#wer_wir_sind\" >Wer wir sind<\/a><\/li><li class='ez-toc-page-1 ez-toc-heading-level-2'><a class=\"ez-toc-link ez-toc-heading-4\" href=\"https:\/\/bitcoincasino.to\/de\/uber-uns\/#mitteilung\" >Mitteilung<\/a><\/li><li class='ez-toc-page-1 ez-toc-heading-level-2'><a class=\"ez-toc-link ez-toc-heading-5\" href=\"https:\/\/bitcoincasino.to\/de\/uber-uns\/#nehmen_sie_kontakt_mit_uns_auf\" >Nehmen Sie Kontakt mit uns auf<\/a><\/li><\/ul><\/nav><\/div>\n","protected":false},"excerpt":{"rendered":"<p>Wer ist Bitcoincasino.to? BitcoinCasino.to wurde ins Leben gerufen, um Ihnen eine Website mit allen Informationen zur Verf\u00fcgung zu stellen, die Sie jemals \u00fcber Bitcoin- und Altcoin-Casinos ben\u00f6tigen werden. Unsere Research und Analyse der aktuellen Crypto-Casino-Branche soll dazu beitragen, die Informationsl\u00fccke zu schlie\u00dfen und Ihnen dabei zu helfen, die richtigen Entscheidungen zu treffen. Mit uns finden &#8230; <a title=\"\u00dcber Uns\" class=\"read-more\" href=\"https:\/\/bitcoincasino.to\/de\/uber-uns\/\" aria-label=\"Mehr Informationen \u00fcber \u00dcber Uns\">Weiterlesen<\/a><\/p>\n","protected":false},"author":23,"featured_media":0,"parent":0,"menu_order":0,"comment_status":"closed","ping_status":"closed","template":"","meta":{"footnotes":""},"class_list":["post-5818","page","type-page","status-publish"],"_links":{"self":[{"href":"https:\/\/bitcoincasino.to\/de\/wp-json\/wp\/v2\/pages\/5818","targetHints":{"allow":["GET"]}}],"collection":[{"href":"https:\/\/bitcoincasino.to\/de\/wp-json\/wp\/v2\/pages"}],"about":[{"href":"https:\/\/bitcoincasino.to\/de\/wp-json\/wp\/v2\/types\/page"}],"author":[{"embeddable":true,"href":"https:\/\/bitcoincasino.to\/de\/wp-json\/wp\/v2\/users\/23"}],"replies":[{"embeddable":true,"href":"https:\/\/bitcoincasino.to\/de\/wp-json\/wp\/v2\/comments?post=5818"}],"version-history":[{"count":3,"href":"https:\/\/bitcoincasino.to\/de\/wp-json\/wp\/v2\/pages\/5818\/revisions"}],"predecessor-version":[{"id":5835,"href":"https:\/\/bitcoincasino.to\/de\/wp-json\/wp\/v2\/pages\/5818\/revisions\/5835"}],"wp:attachment":[{"href":"https:\/\/bitcoincasino.to\/de\/wp-json\/wp\/v2\/media?parent=5818"}],"curies":[{"name":"wp","href":"https:\/\/api.w.org\/{rel}","templated":true}]}}