{"id":5836,"date":"2022-04-26T14:05:03","date_gmt":"2022-04-26T14:05:03","guid":{"rendered":"https:\/\/bitcoincasino.to\/careers\/"},"modified":"2023-10-14T14:04:51","modified_gmt":"2023-10-14T14:04:51","slug":"karriere","status":"publish","type":"page","link":"https:\/\/bitcoincasino.to\/de\/karriere\/","title":{"rendered":"Karriere"},"content":{"rendered":"\n<p>Obwohl wir entschlossen sind, ein kleines und effizientes Team zu bleiben, bringt uns das st\u00e4ndige Wachstum der Branche an einen Punkt, an dem ein paar zus\u00e4tzliche H\u00e4nde (und K\u00f6pfe) n\u00fctzlich w\u00e4ren. Jede Position ist wichtig und wir hoffen, dass die offene Position Rolle, nach der wir gerade suchen, f\u00fcr Sie von Interesse ist.<\/p>\n\n\n\n<h2 class=\"wp-block-heading\"><span class=\"ez-toc-section\" id=\"warum_sie_mit_uns_arbeiten_sollten\"><\/span>Warum Sie mit uns arbeiten sollten<span class=\"ez-toc-section-end\"><\/span><\/h2>\n\n\n\n<p>Wir sind hier bei <a href=\"https:\/\/bitcoincasino.to\/de\/\" data-type=\"page\" data-id=\"5516\">BitcoinCasino.to<\/a> eine eingeschworene Truppe. Wir kommunizieren t\u00e4glich \u00fcber Telegram und k\u00f6nnen einen unterhaltsamen und flexiblen Arbeitsplatz mit einer netten Gruppe von Krypto- und Casino-Enthusiasten bieten.<\/p>\n\n\n\n<p>Sie k\u00f6nnen von zu Hause aus arbeiten, sich aber auch immer an Kollegen wenden, um Hilfe und Unterst\u00fctzung zu erhalten. Sinnvoller Gedankenaustausch und t\u00e4gliche Kommunikation sind unser Antrieb und letztendlich auch die Art und Weise, wie wir die auf unserer Website ver\u00f6ffentlichten Inhalte kontinuierlich verbessern.<\/p>\n\n\n\n<hr class=\"wp-block-separator has-text-color has-css-opacity has-background is-style-wide\" style=\"background-color:#f1ab39;color:#f1ab39\"\/>\n\n\n\n<h2 class=\"wp-block-heading\"><span class=\"ez-toc-section\" id=\"was_wir_suchen\"><\/span>Was wir suchen<span class=\"ez-toc-section-end\"><\/span><\/h2>\n\n\n\n<p>Wir suchen Kollegen mit gro\u00dfer Leidenschaft und Fachwissen in der Kryptobranche und der Gl\u00fccksspielindustrie. Crypto Casinos und Sportwetten sollten eines Ihrer Fachgebiete, und wir sch\u00e4tzen diejenigen, die keine Angst haben, ihre Meinung zu \u00e4u\u00dfern und Ideen auszutauschen.<\/p>\n\n\n\n<p>Dar\u00fcber hinaus ist es uns wichtig, dass alle von uns bereitgestellten Informationen sachlich korrekt sind. Wir legen Wert darauf, Quellen bereitzustellen, Behauptungen mit Daten zu untermauern und Inhalte zu aktualisieren, um korrekt und relevant zu bleiben.<\/p>\n\n\n\n<hr class=\"wp-block-separator has-text-color has-css-opacity has-background is-style-wide\" style=\"background-color:#f1ab39;color:#f1ab39\"\/>\n\n\n\n<h2 class=\"wp-block-heading\"><span class=\"ez-toc-section\" id=\"offene_positionen\"><\/span>Offene Positionen<span class=\"ez-toc-section-end\"><\/span><\/h2>\n\n\n\n<p>Hier finden Sie alle unsere aktuell verf\u00fcgbaren Stellenangebote. Z\u00f6gern Sie nicht, sich mit uns in Verbindung zu setzen, wenn Sie der Meinung sind, dass Sie eine Stelle anbieten k\u00f6nnen, die hier nicht aufgef\u00fchrt ist.<\/p>\n\n\n\n<h3 class=\"wp-block-heading\">Autoren<\/h3>\n\n\n\n<p>Ein erfahrener Autor, der sich haupts\u00e4chlich mit Krypto-Casinos und Sportwetten besch\u00e4ftigt und noch mehr lernen m\u00f6chte. Jemand, der seine eigenen Texte Korrektur liest und nicht davor zur\u00fcckschreckt, neue W\u00f6rter zu lernen. Vollzeit-\/Teilzeitstelle.<\/p>\n\n\n\n<hr class=\"wp-block-separator has-text-color has-css-opacity has-background is-style-wide\" style=\"background-color:#f1ab39;color:#f1ab39\"\/>\n\n\n\n<h2 class=\"wp-block-heading\"><span class=\"ez-toc-section\" id=\"schicken_sie_uns_ihre_bewerbung\"><\/span>Schicken Sie uns Ihre Bewerbung<span class=\"ez-toc-section-end\"><\/span><\/h2>\n\n\n\n<p>Sprechen Sie uns an, wenn Ihnen eine der derzeit verf\u00fcgbaren Stellen gut zusagt. Senden Sie uns eine Bewerbung zusammen mit Ihrem Lebenslauf an <a href=\"mailto:jobs@bitcoincasino.to\" data-type=\"mailto\" data-id=\"mailto:jobs@bitcoincasino.to\">jobs@bitcoincasino.to <\/a>und wir werden uns zeitnah bei Ihnen melden.<\/p>\n<div id=\"ez-toc-container\" class=\"ez-toc-v2_0_82_2 ez-toc-wrap-right counter-hierarchy ez-toc-counter ez-toc-custom ez-toc-container-direction\">\n<div class=\"ez-toc-title-container\">\n<p class=\"ez-toc-title\" style=\"cursor:inherit\"><\/p>\n<span class=\"ez-toc-title-toggle\"><a href=\"#\" class=\"ez-toc-pull-right ez-toc-btn ez-toc-btn-xs ez-toc-btn-default ez-toc-toggle\" aria-label=\"Toggle Table of Content\"><span class=\"ez-toc-js-icon-con\"><span class=\"\"><span class=\"eztoc-hide\" style=\"display:none;\">Toggle<\/span><span class=\"ez-toc-icon-toggle-span\"><svg style=\"fill: #000000;color:#000000\" xmlns=\"http:\/\/www.w3.org\/2000\/svg\" class=\"list-377408\" width=\"20px\" height=\"20px\" viewBox=\"0 0 24 24\" fill=\"none\"><path d=\"M6 6H4v2h2V6zm14 0H8v2h12V6zM4 11h2v2H4v-2zm16 0H8v2h12v-2zM4 16h2v2H4v-2zm16 0H8v2h12v-2z\" fill=\"currentColor\"><\/path><\/svg><svg style=\"fill: #000000;color:#000000\" class=\"arrow-unsorted-368013\" xmlns=\"http:\/\/www.w3.org\/2000\/svg\" width=\"10px\" height=\"10px\" viewBox=\"0 0 24 24\" version=\"1.2\" baseProfile=\"tiny\"><path d=\"M18.2 9.3l-6.2-6.3-6.2 6.3c-.2.2-.3.4-.3.7s.1.5.3.7c.2.2.4.3.7.3h11c.3 0 .5-.1.7-.3.2-.2.3-.5.3-.7s-.1-.5-.3-.7zM5.8 14.7l6.2 6.3 6.2-6.3c.2-.2.3-.5.3-.7s-.1-.5-.3-.7c-.2-.2-.4-.3-.7-.3h-11c-.3 0-.5.1-.7.3-.2.2-.3.5-.3.7s.1.5.3.7z\"\/><\/svg><\/span><\/span><\/span><\/a><\/span><\/div>\n<nav><ul class='ez-toc-list ez-toc-list-level-1 eztoc-toggle-hide-by-default' ><li class='ez-toc-page-1 ez-toc-heading-level-2'><a class=\"ez-toc-link ez-toc-heading-1\" href=\"https:\/\/bitcoincasino.to\/de\/karriere\/#warum_sie_mit_uns_arbeiten_sollten\" >Warum Sie mit uns arbeiten sollten<\/a><\/li><li class='ez-toc-page-1 ez-toc-heading-level-2'><a class=\"ez-toc-link ez-toc-heading-2\" href=\"https:\/\/bitcoincasino.to\/de\/karriere\/#was_wir_suchen\" >Was wir suchen<\/a><\/li><li class='ez-toc-page-1 ez-toc-heading-level-2'><a class=\"ez-toc-link ez-toc-heading-3\" href=\"https:\/\/bitcoincasino.to\/de\/karriere\/#offene_positionen\" >Offene Positionen<\/a><\/li><li class='ez-toc-page-1 ez-toc-heading-level-2'><a class=\"ez-toc-link ez-toc-heading-4\" href=\"https:\/\/bitcoincasino.to\/de\/karriere\/#schicken_sie_uns_ihre_bewerbung\" >Schicken Sie uns Ihre Bewerbung<\/a><\/li><\/ul><\/nav><\/div>\n","protected":false},"excerpt":{"rendered":"<p>Obwohl wir entschlossen sind, ein kleines und effizientes Team zu bleiben, bringt uns das st\u00e4ndige Wachstum der Branche an einen Punkt, an dem ein paar zus\u00e4tzliche H\u00e4nde (und K\u00f6pfe) n\u00fctzlich w\u00e4ren. Jede Position ist wichtig und wir hoffen, dass die offene Position Rolle, nach der wir gerade suchen, f\u00fcr Sie von Interesse ist. Warum Sie &#8230; <a title=\"Karriere\" class=\"read-more\" href=\"https:\/\/bitcoincasino.to\/de\/karriere\/\" aria-label=\"Mehr Informationen \u00fcber Karriere\">Weiterlesen<\/a><\/p>\n","protected":false},"author":23,"featured_media":0,"parent":0,"menu_order":0,"comment_status":"closed","ping_status":"closed","template":"","meta":{"footnotes":""},"class_list":["post-5836","page","type-page","status-publish"],"_links":{"self":[{"href":"https:\/\/bitcoincasino.to\/de\/wp-json\/wp\/v2\/pages\/5836","targetHints":{"allow":["GET"]}}],"collection":[{"href":"https:\/\/bitcoincasino.to\/de\/wp-json\/wp\/v2\/pages"}],"about":[{"href":"https:\/\/bitcoincasino.to\/de\/wp-json\/wp\/v2\/types\/page"}],"author":[{"embeddable":true,"href":"https:\/\/bitcoincasino.to\/de\/wp-json\/wp\/v2\/users\/23"}],"replies":[{"embeddable":true,"href":"https:\/\/bitcoincasino.to\/de\/wp-json\/wp\/v2\/comments?post=5836"}],"version-history":[{"count":3,"href":"https:\/\/bitcoincasino.to\/de\/wp-json\/wp\/v2\/pages\/5836\/revisions"}],"predecessor-version":[{"id":5908,"href":"https:\/\/bitcoincasino.to\/de\/wp-json\/wp\/v2\/pages\/5836\/revisions\/5908"}],"wp:attachment":[{"href":"https:\/\/bitcoincasino.to\/de\/wp-json\/wp\/v2\/media?parent=5836"}],"curies":[{"name":"wp","href":"https:\/\/api.w.org\/{rel}","templated":true}]}}