{"id":5842,"date":"2022-05-04T11:38:45","date_gmt":"2022-05-04T11:38:45","guid":{"rendered":"https:\/\/bitcoincasino.to\/authors\/"},"modified":"2023-10-05T07:57:55","modified_gmt":"2023-10-05T07:57:55","slug":"team","status":"publish","type":"page","link":"https:\/\/bitcoincasino.to\/de\/team\/","title":{"rendered":"Team"},"content":{"rendered":"\n<p>Triff das Team! Dies ist unsere kleine Crew, die das  <a href=\"https:\/\/bitcoincasino.to\/de\/\" data-type=\"page\" data-id=\"1310\">BitcoinCasino.to<\/a> Schiff steuert. Unser Ziel ist es, die besten Krypto-Gl\u00fccksspielinhalte bereitzustellen, die Sie online finden k\u00f6nnen.<\/p>\n\n\n\n<p>Unsere Artikel und Leitf\u00e4den sind pers\u00f6nlich und mit Leidenschaft f\u00fcr die Branche, in der wir t\u00e4tig sind, verfasst. Schauen Sie sich unsere andere Seite \u00fcber uns an, um weitere Informationen dar\u00fcber zu erhalten, was wir tun und wie wir es tun. Sie k\u00f6nnen uns auch <a href=\"https:\/\/bitcoincasino.to\/de\/kontakt\/\" data-type=\"page\" data-id=\"5823\">kontaktieren<\/a>, wenn Sie Fragen, Feedback oder andere Anliegen haben. M\u00f6chten Sie Teil des Teams sein? <a href=\"mailto:jobs@bitcoincasino.to\" data-type=\"mailto\" data-id=\"mailto:jobs@bitcoincasino.to\">Hier bewerben<\/a>. <\/p>\n\n\n\n<hr class=\"wp-block-separator has-text-color has-css-opacity has-background is-style-wide\" style=\"background-color:#f1ab39;color:#f1ab39\" \/>\n\n\n\n<h2 class=\"wp-block-heading has-text-align-center\"><span class=\"ez-toc-section\" id=\"das_team\"><\/span>Das Team<span class=\"ez-toc-section-end\"><\/span><\/h2>\n\n\n\n<p class=\"has-text-align-center\">Treffen Sie die Gr\u00fcnder und Autoren von Bitcoin Casino.<\/p>\n\n\n\n<div style=\"height:30px\" aria-hidden=\"true\" class=\"wp-block-spacer\"><\/div>\n\n\n\n<div class=\"wp-block-columns is-layout-flex wp-container-core-columns-is-layout-9d6595d7 wp-block-columns-is-layout-flex\">\n<div class=\"wp-block-column is-layout-flow wp-block-column-is-layout-flow\">\n<h3 class=\"wp-block-heading has-text-align-center\"><a href=\"https:\/\/bitcoincasino.to\/authors\/jack\/\" data-type=\"page\">Jack M.<\/a><\/h3>\n\n\n\n<p class=\"has-text-align-center\"><\/p>\n\n\n\n<p class=\"has-text-align-center\"><\/p>\n\n\n\n<p class=\"has-text-align-center\"><\/p>\n<\/div>\n\n\n\n<div class=\"wp-block-column is-layout-flow wp-block-column-is-layout-flow\">\n<h3 class=\"wp-block-heading has-text-align-center\"><a href=\"https:\/\/bitcoincasino.to\/authors\/andrew\/\" data-type=\"page\">Andrew D.<\/a><\/h3>\n\n\n\n<p class=\"has-text-align-center\"><\/p>\n\n\n\n<p class=\"has-text-align-center\"><\/p>\n<\/div>\n\n\n\n<div class=\"wp-block-column is-layout-flow wp-block-column-is-layout-flow\">\n<h3 class=\"wp-block-heading has-text-align-center\"><a href=\"https:\/\/bitcoincasino.to\/authors\/vincent\/\" data-type=\"page\">Vincent S.<\/a><\/h3>\n\n\n\n<p class=\"has-text-align-center\"><\/p>\n\n\n\n<p class=\"has-text-align-center\"><\/p>\n<\/div>\n<\/div>\n\n\n\n<p><\/p>\n<div id=\"ez-toc-container\" class=\"ez-toc-v2_0_82_2 ez-toc-wrap-right counter-hierarchy ez-toc-counter ez-toc-custom ez-toc-container-direction\">\n<div class=\"ez-toc-title-container\">\n<p class=\"ez-toc-title\" style=\"cursor:inherit\"><\/p>\n<span class=\"ez-toc-title-toggle\"><a href=\"#\" class=\"ez-toc-pull-right ez-toc-btn ez-toc-btn-xs ez-toc-btn-default ez-toc-toggle\" aria-label=\"Toggle Table of Content\"><span class=\"ez-toc-js-icon-con\"><span class=\"\"><span class=\"eztoc-hide\" style=\"display:none;\">Toggle<\/span><span class=\"ez-toc-icon-toggle-span\"><svg style=\"fill: #000000;color:#000000\" xmlns=\"http:\/\/www.w3.org\/2000\/svg\" class=\"list-377408\" width=\"20px\" height=\"20px\" viewBox=\"0 0 24 24\" fill=\"none\"><path d=\"M6 6H4v2h2V6zm14 0H8v2h12V6zM4 11h2v2H4v-2zm16 0H8v2h12v-2zM4 16h2v2H4v-2zm16 0H8v2h12v-2z\" fill=\"currentColor\"><\/path><\/svg><svg style=\"fill: #000000;color:#000000\" class=\"arrow-unsorted-368013\" xmlns=\"http:\/\/www.w3.org\/2000\/svg\" width=\"10px\" height=\"10px\" viewBox=\"0 0 24 24\" version=\"1.2\" baseProfile=\"tiny\"><path d=\"M18.2 9.3l-6.2-6.3-6.2 6.3c-.2.2-.3.4-.3.7s.1.5.3.7c.2.2.4.3.7.3h11c.3 0 .5-.1.7-.3.2-.2.3-.5.3-.7s-.1-.5-.3-.7zM5.8 14.7l6.2 6.3 6.2-6.3c.2-.2.3-.5.3-.7s-.1-.5-.3-.7c-.2-.2-.4-.3-.7-.3h-11c-.3 0-.5.1-.7.3-.2.2-.3.5-.3.7s.1.5.3.7z\"\/><\/svg><\/span><\/span><\/span><\/a><\/span><\/div>\n<nav><ul class='ez-toc-list ez-toc-list-level-1 eztoc-toggle-hide-by-default' ><li class='ez-toc-page-1 ez-toc-heading-level-2'><a class=\"ez-toc-link ez-toc-heading-1\" href=\"https:\/\/bitcoincasino.to\/de\/team\/#das_team\" >Das Team<\/a><\/li><\/ul><\/nav><\/div>\n","protected":false},"excerpt":{"rendered":"<p>Triff das Team! Dies ist unsere kleine Crew, die das BitcoinCasino.to Schiff steuert. Unser Ziel ist es, die besten Krypto-Gl\u00fccksspielinhalte bereitzustellen, die Sie online finden k\u00f6nnen. Unsere Artikel und Leitf\u00e4den sind pers\u00f6nlich und mit Leidenschaft f\u00fcr die Branche, in der wir t\u00e4tig sind, verfasst. Schauen Sie sich unsere andere Seite \u00fcber uns an, um weitere &#8230; <a title=\"Team\" class=\"read-more\" href=\"https:\/\/bitcoincasino.to\/de\/team\/\" aria-label=\"Mehr Informationen \u00fcber Team\">Weiterlesen<\/a><\/p>\n","protected":false},"author":23,"featured_media":0,"parent":0,"menu_order":0,"comment_status":"closed","ping_status":"closed","template":"","meta":{"footnotes":""},"class_list":["post-5842","page","type-page","status-publish"],"_links":{"self":[{"href":"https:\/\/bitcoincasino.to\/de\/wp-json\/wp\/v2\/pages\/5842","targetHints":{"allow":["GET"]}}],"collection":[{"href":"https:\/\/bitcoincasino.to\/de\/wp-json\/wp\/v2\/pages"}],"about":[{"href":"https:\/\/bitcoincasino.to\/de\/wp-json\/wp\/v2\/types\/page"}],"author":[{"embeddable":true,"href":"https:\/\/bitcoincasino.to\/de\/wp-json\/wp\/v2\/users\/23"}],"replies":[{"embeddable":true,"href":"https:\/\/bitcoincasino.to\/de\/wp-json\/wp\/v2\/comments?post=5842"}],"version-history":[{"count":3,"href":"https:\/\/bitcoincasino.to\/de\/wp-json\/wp\/v2\/pages\/5842\/revisions"}],"predecessor-version":[{"id":5847,"href":"https:\/\/bitcoincasino.to\/de\/wp-json\/wp\/v2\/pages\/5842\/revisions\/5847"}],"wp:attachment":[{"href":"https:\/\/bitcoincasino.to\/de\/wp-json\/wp\/v2\/media?parent=5842"}],"curies":[{"name":"wp","href":"https:\/\/api.w.org\/{rel}","templated":true}]}}