{"id":5853,"date":"2022-04-25T13:35:55","date_gmt":"2022-04-25T13:35:55","guid":{"rendered":"https:\/\/bitcoincasino.to\/verantwortungsvolles-spielen\/"},"modified":"2023-10-05T11:36:37","modified_gmt":"2023-10-05T11:36:37","slug":"verantwortliches-spielen","status":"publish","type":"page","link":"https:\/\/bitcoincasino.to\/de\/verantwortliches-spielen\/","title":{"rendered":"Verantwortungsvolles Gl\u00fccksspiel"},"content":{"rendered":"\n<p>Lassen Sie uns \u00fcber verantwortungsvolles Gl\u00fccksspiel sprechen. F\u00fcr diejenigen, die Gl\u00fccksspielseiten und Casinos mit Krypto besuchen m\u00f6chten, gibt es viel Spa\u00df. Es sollte jedoch eine Grenze f\u00fcr die Spieldauer geben, da es m\u00f6glicherweise au\u00dfer Kontrolle geraten kann. Problematisches Gl\u00fccksspiel ist eine echte Sache. Um dies zu verhindern, gibt es diesen Leitfaden.<\/p>\n\n\n\n<p>Wo Sie Hilfe erhalten k\u00f6nnen, h\u00e4ngt von Ihrem Wohnort ab \u2013 wir haben auf dieser Seite mehrere n\u00fctzliche Ressourcen f\u00fcr verschiedene Bundesstaaten und L\u00e4nder aufgelistet. Bevor Sie sich zu einem dieser Artikel durchklicken, finden Sie in diesem Artikel wichtige Informationen zum Thema sowie hilfreiche Tipps, wie Sie problematischem Gl\u00fccksspiel vorbeugen k\u00f6nnen.<\/p>\n\n\n\n<hr class=\"wp-block-separator has-text-color has-css-opacity has-background is-style-wide\" style=\"background-color:#f1ab39;color:#f1ab39\" \/>\n\n\n\n<h2 class=\"wp-block-heading\"><span class=\"ez-toc-section\" id=\"was_ist_problematisches_gluecksspiel\"><\/span>Was ist problematisches Gl\u00fccksspiel?<span class=\"ez-toc-section-end\"><\/span><\/h2>\n\n\n\n<figure class=\"wp-block-image size-large rounded\"><img decoding=\"async\" width=\"1024\" height=\"168\" data-src=\"https:\/\/bitcoincasino.to\/wp-content\/uploads\/verantwortungsbewusstes-glucksspiel-1024x168.png\" alt=\"Spiele Verantwortungsbewusst!\" class=\"wp-image-5850 lazyload\" data-srcset=\"https:\/\/bitcoincasino.to\/wp-content\/uploads\/verantwortungsbewusstes-glucksspiel-1024x168.png 1024w, https:\/\/bitcoincasino.to\/wp-content\/uploads\/verantwortungsbewusstes-glucksspiel-300x49.png 300w, https:\/\/bitcoincasino.to\/wp-content\/uploads\/verantwortungsbewusstes-glucksspiel-768x126.png 768w, https:\/\/bitcoincasino.to\/wp-content\/uploads\/verantwortungsbewusstes-glucksspiel.png 1100w\" data-sizes=\"(max-width: 1024px) 100vw, 1024px\" src=\"data:image\/svg+xml;base64,PHN2ZyB3aWR0aD0iMSIgaGVpZ2h0PSIxIiB4bWxucz0iaHR0cDovL3d3dy53My5vcmcvMjAwMC9zdmciPjwvc3ZnPg==\" style=\"--smush-placeholder-width: 1024px; --smush-placeholder-aspect-ratio: 1024\/168;\" \/><\/figure>\n\n\n\n<p><\/p>\n\n\n\n<p>Unter problematischem Gl\u00fccksspiel versteht man, dass jemand Opfer eines negativen Spielmusters wird, jemand, der nicht mehr zum Spa\u00df spielt, sondern einfach, weil er nicht aufh\u00f6ren kann. Dies kann psychologischer Natur sein, zur Jagd auf Verluste, als letzter Ausweg zur Begleichung von Rechnungen oder aus anderen Gr\u00fcnden. Die Auswirkungen k\u00f6nnen sowohl psychisch und k\u00f6rperlich als auch wirtschaftlich sehr destruktiv sein.<\/p>\n\n\n\n<p>Wie bei den meisten S\u00fcchten wirkt sich problematisches Gl\u00fccksspiel auf unterschiedliche Weise auf Menschen aus. Manche neigen eher dazu, in ein negatives Muster zu verfallen als andere. Wichtig ist, sich Hilfe zu suchen, und zwar immer eher fr\u00fcher als sp\u00e4ter.<\/p>\n\n\n\n<h3 class=\"wp-block-heading\">Woher wei\u00df ich, ob ich ein Gl\u00fccksspielproblem habe?<\/h3>\n\n\n\n<p>Einfach ausgedr\u00fcckt: Sobald das Gl\u00fccksspiel zu einem Problem und nicht mehr zu einer reinen Unterhaltungsquelle geworden ist, wissen Sie, dass es an der Zeit ist, Ma\u00dfnahmen zu ergreifen. Wenn Sie anfangen, Verluste zu jagen oder mehr zu verlieren, als Sie sich leisten k\u00f6nnen, haben Sie h\u00f6chstwahrscheinlich eine Sucht entwickelt. Zum Gl\u00fcck gibt es viele Ressourcen, die Ihnen dabei helfen.<\/p>\n\n\n\n<p>Wenn Sie sich immer noch nicht sicher sind, ob Sie ein Gl\u00fccksspielproblem haben, k\u00f6nnen Sie diesen Gl\u00fccksspieltest durchf\u00fchren, um hoffentlich einen besseren \u00dcberblick zu bekommen. Beachten Sie, dass dieser Test nicht dazu gedacht ist, Sie zu diagnostizieren, da dies am besten von einem professionellen Berater durchgef\u00fchrt wird. Wir empfehlen dringend, alle Fragen wahrheitsgem\u00e4\u00df zu beantworten. Es dient Ihrer Gesundheit und Ihrem allgemeinen Wohlbefinden.<\/p>\n\n\n\n<hr class=\"wp-block-separator has-text-color has-css-opacity has-background is-style-wide\" style=\"background-color:#f1ab39;color:#f1ab39\" \/>\n\n\n\n<h2 class=\"wp-block-heading\"><span class=\"ez-toc-section\" id=\"gluecksspiel-probleme_mit_bitcoincasinoto_erkennen\"><\/span>Gl\u00fccksspiel-Probleme mit BitcoinCasino.to erkennen<span class=\"ez-toc-section-end\"><\/span><\/h2>\n\n\n\n<p>Zu wissen, dass ein Problem aufgetreten ist, ist die halbe Miete. Das Bewusstsein, dass Sie m\u00f6glicherweise zu viel spielen, wird Sie hoffentlich dazu veranlassen, Grenzen zu setzen und Hilfe zu suchen. Seien Sie sich auch dar\u00fcber im Klaren, dass Sie nie allein sind und dass Spielsucht \u00fcberall auf der Welt ein Problem darstellt.<\/p>\n\n\n\n<p>Hier sind einige Indikatoren, die Ihnen helfen sollen, ein potenzielles Gl\u00fccksspielproblem zu erkennen, das sich bei Ihnen selbst oder anderen entwickelt:<\/p>\n\n\n\n<ul class=\"wp-block-list\">\n<li>Spielen als Mittel zum Bezahlen von Rechnungen<\/li>\n\n\n\n<li>Ich bitte um Geld, um Gl\u00fccksspiele zu finanzieren<\/li>\n\n\n\n<li>Verlusten nachjagen, um Geld zur\u00fcckzugewinnen<\/li>\n\n\n\n<li>Beim Spielen ein schlechtes Gewissen haben<\/li>\n\n\n\n<li>Gl\u00fccksspiel ist ein Grund f\u00fcr Stress oder Angst<\/li>\n<\/ul>\n\n\n\n<p>Wir m\u00f6chten Ihnen helfen zu verstehen, warum verantwortungsvolles Gl\u00fccksspiel wichtig ist, auch wenn wir keine professionelle Beratung anbieten k\u00f6nnen. Lesen Sie weiter, um ein paar Tipps zu erhalten, wie Sie problematischem Gl\u00fccksspiel und Krypto-Ausgaben vorbeugen k\u00f6nnen.<\/p>\n\n\n\n<hr class=\"wp-block-separator has-text-color has-css-opacity has-background is-style-wide\" style=\"background-color:#f1ab39;color:#f1ab39\" \/>\n\n\n\n<h2 class=\"wp-block-heading\"><span class=\"ez-toc-section\" id=\"so_verhindern_sie_probleme_mit_glueckspiel\"><\/span>So verhindern Sie Probleme mit Gl\u00fcckspiel<span class=\"ez-toc-section-end\"><\/span><\/h2>\n\n\n\n<p>Um die Entwicklung eines Gl\u00fccksspielproblems zu verhindern, k\u00f6nnen verschiedene Ma\u00dfnahmen ergriffen werden. Da jeder anders ist, lohnt es sich, Ihre individuellen Spielmuster und -verhaltensweisen zu beachten. Verstehen Sie, welche Auswirkungen es auf Sie hat, und ergreifen Sie die notwendigen Schritte und Ma\u00dfnahmen, um es zu verhindern.<\/p>\n\n\n\n<h3 class=\"wp-block-heading\">Versuchen Sie nicht, Ihre Kryptow\u00e4hrung zu verdoppeln<\/h3>\n\n\n\n<p>Ein Vorteil beim Spielen mit Kryptos besteht darin, dass Sie h\u00f6chstwahrscheinlich Ihre Krypto- und Fiat-W\u00e4hrungen getrennt haben. Das bedeutet, dass Sie h\u00f6chstwahrscheinlich Rechnungen bezahlen und Lebensmittel f\u00fcr Fiat-Geld kaufen, w\u00e4hrend Sie Ihre Coins und Token sicher in einer Crypto Wallet aufbewahren.<\/p>\n\n\n\n<p>Dies bedeutet jedoch nicht, dass Sie mit Ihrer Kryptow\u00e4hrung r\u00fccksichtslos umgehen sollten. Im Gegenteil, Sie sollten es behalten oder mit Bedacht investieren. Den gesamten Betrag f\u00fcr Gl\u00fccksspiele auszugeben, in der Hoffnung, den Betrag zu verdoppeln, ist ein gro\u00dfes Risiko und ein fehlerhafter Plan.<\/p>\n\n\n\n<h3 class=\"wp-block-heading\">Legen Sie ein Budget fest<\/h3>\n\n\n\n<p>Sie k\u00f6nnten eine Krypto-Wallet ausschlie\u00dflich f\u00fcr Gl\u00fccksspiele haben, und das w\u00e4re eine gute M\u00f6glichkeit, verantwortungsvoller damit umzugehen. Legen Sie ein Budget fest, wie viel Krypto Sie bereit sind, monatlich auszugeben und m\u00f6glicherweise zu verlieren, und bleiben Sie dabei. Jeder Gewinn\u00fcberschuss kann entweder zur Erh\u00f6hung des Budgets verwendet oder direkt an Ihr Haupt-Krypto-Wallet gesendet werden, um Gewinne zu erzielen.<\/p>\n\n\n\n<h3 class=\"wp-block-heading\">Pausen einlegen<\/h3>\n\n\n\n<p>Manchmal ist es gut, einfach einen Schritt zur\u00fcckzutreten, eine Pause einzulegen und den Kopf frei zu bekommen. Dies gibt Ihnen mehr Zeit, \u00fcber die Wette, die Sie abschlie\u00dfen m\u00f6chten, nachzudenken oder sie ganz zu \u00fcberdenken. Auf jeder Gl\u00fccksspielseite gibt es au\u00dferdem Selbstausschlussprogramme, mit denen Sie sich selbst vom Spielen ausschlie\u00dfen k\u00f6nnen. Wenn Ihnen eine Pause zu schwer f\u00e4llt, ist es vielleicht an der Zeit, sich an eine Gl\u00fccksspielpr\u00e4ventionsorganisation zu wenden, um Sie auf den richtigen Weg zu bringen.<\/p>\n\n\n\n<hr class=\"wp-block-separator has-text-color has-css-opacity has-background is-style-wide\" style=\"background-color:#f1ab39;color:#f1ab39\" \/>\n\n\n\n<h2 class=\"wp-block-heading\"><span class=\"ez-toc-section\" id=\"hier_bekommen_sie_hilfe_und_unterstuetzung\"><\/span>Hier bekommen Sie Hilfe und Unterst\u00fctzung <span class=\"ez-toc-section-end\"><\/span><\/h2>\n\n\n\n<p>Es gibt weltweit viele verschiedene Organisationen, die sich mit Spielsucht befassen. Es ist keine Schande, sich Hilfe zu holen, und man ist nie allein. Es ist immer kostenlos und in der Regel k\u00f6nnen Sie auf vielf\u00e4ltige Weise Kontakt aufnehmen, z. B. per Live-Chat, Telefon, E-Mail oder in Gruppen, auch anonym.<\/p>\n\n\n\n<h2 class=\"wp-block-heading\"><span class=\"ez-toc-section\" id=\"deutschland\"><\/span>Deutschland:<span class=\"ez-toc-section-end\"><\/span><\/h2>\n\n\n\n<ul class=\"wp-block-list\">\n<li>Check Dein Spiel: <a href=\"https:\/\/www.check-dein-spiel.de\" target=\"_blank\" rel=\"noopener\">https:\/\/www.check-dein-spiel.de<\/a><\/li>\n\n\n\n<li>Spielsucht Therapie: <a href=\"https:\/\/www.spielsucht-therapie.de\" target=\"_blank\" rel=\"noopener\">https:\/\/www.spielsucht-therapie.de<\/a><\/li>\n\n\n\n<li>Fachverband f\u00fcr Gl\u00fccksspielsucht: <a href=\"https:\/\/www.gluecksspielsucht.de\/\" target=\"_blank\" rel=\"noopener\">https:\/\/www.gluecksspielsucht.de\/<\/a><\/li>\n<\/ul>\n\n\n\n<h2 class=\"wp-block-heading\"><span class=\"ez-toc-section\" id=\"oesterreich\"><\/span>\u00d6sterreich:<span class=\"ez-toc-section-end\"><\/span><\/h2>\n\n\n\n<ul class=\"wp-block-list\">\n<li>Anonyme Spieler: <a href=\"https:\/\/www.anonyme-spieler.at\" target=\"_blank\" rel=\"noopener\">https:\/\/www.anonyme-spieler.at<\/a><\/li>\n\n\n\n<li>Spielsuchthilfe: <a href=\"https:\/\/www.spielsuchthilfe.at\/\" target=\"_blank\" rel=\"noopener\">https:\/\/www.spielsuchthilfe.at<\/a><\/li>\n\n\n\n<li>Spielerhilfe: <a href=\"https:\/\/www.spielerhilfe.at\" target=\"_blank\" rel=\"noopener\">https:\/\/www.spielerhilfe.at<\/a><\/li>\n<\/ul>\n\n\n\n<h2 class=\"wp-block-heading\"><span class=\"ez-toc-section\" id=\"schweiz\"><\/span>Schweiz<span class=\"ez-toc-section-end\"><\/span><\/h2>\n\n\n\n<ul class=\"wp-block-list\">\n<li>Spielsuchtberatung:&nbsp;&nbsp; <a href=\"https:\/\/www.spielsucht-beratung.ch\/\" target=\"_blank\" rel=\"noopener\">https:\/\/www.spielsucht-beratung.ch<\/a><\/li>\n\n\n\n<li>Care Play:&nbsp;&nbsp; <a href=\"https:\/\/www.careplay.ch\/de\/beratung\/\" target=\"_blank\" rel=\"noopener\">https:\/\/www.careplay.ch\/de\/beratung<\/a><\/li>\n\n\n\n<li>Spielen ohne Sucht&nbsp;&nbsp; <a href=\"https:\/\/www.sos-spielsucht.ch\/en\/\" target=\"_blank\" rel=\"noopener\">https:\/\/www.sos-spielsucht.ch\/en<\/a><\/li>\n\n\n\n<li>Zentrum f\u00fcr Spielsucht:&nbsp;&nbsp;&nbsp; <a href=\"https:\/\/www.radix.ch\/de\/zentrum-fuer-spielsucht\" target=\"_blank\" rel=\"noopener\">https:\/\/www.radix.ch\/de\/zentrum-fuer-spielsucht<\/a><\/li>\n<\/ul>\n\n\n\n<hr class=\"wp-block-separator has-text-color has-css-opacity has-background is-style-wide\" style=\"background-color:#f1ab39;color:#f1ab39\" \/>\n\n\n\n<h3 class=\"wp-block-heading\">Author<\/h3>\n\n\n<div style=\"font-size:22px;\" class=\"wp-block-post-author\"><div class=\"wp-block-post-author__content\"><p class=\"wp-block-post-author__name\">Rudolf Brust<\/p><p class=\"wp-block-post-author__bio\">Der geborene Baden-Badener wuchs einen Steinwurf neben dem sch\u00f6nsten Casino Deutschlands auf. Der gelernte Bankkaufmann ist nicht nur Casino-Enthusiast, sondern auch ein Krypto-Experte der ersten Stunde. Er ist der \u201eTo-Go-Guy\u201c f\u00fcr die interessantesten Coins, den besten Bonus, aktuellen Promotionen und neue Top-Casinos.<\/p><\/div><\/div><div id=\"ez-toc-container\" class=\"ez-toc-v2_0_82_2 ez-toc-wrap-right counter-hierarchy ez-toc-counter ez-toc-custom ez-toc-container-direction\">\n<div class=\"ez-toc-title-container\">\n<p class=\"ez-toc-title\" style=\"cursor:inherit\"><\/p>\n<span class=\"ez-toc-title-toggle\"><a href=\"#\" class=\"ez-toc-pull-right ez-toc-btn ez-toc-btn-xs ez-toc-btn-default ez-toc-toggle\" aria-label=\"Toggle Table of Content\"><span class=\"ez-toc-js-icon-con\"><span class=\"\"><span class=\"eztoc-hide\" style=\"display:none;\">Toggle<\/span><span class=\"ez-toc-icon-toggle-span\"><svg style=\"fill: #000000;color:#000000\" xmlns=\"http:\/\/www.w3.org\/2000\/svg\" class=\"list-377408\" width=\"20px\" height=\"20px\" viewBox=\"0 0 24 24\" fill=\"none\"><path d=\"M6 6H4v2h2V6zm14 0H8v2h12V6zM4 11h2v2H4v-2zm16 0H8v2h12v-2zM4 16h2v2H4v-2zm16 0H8v2h12v-2z\" fill=\"currentColor\"><\/path><\/svg><svg style=\"fill: #000000;color:#000000\" class=\"arrow-unsorted-368013\" xmlns=\"http:\/\/www.w3.org\/2000\/svg\" width=\"10px\" height=\"10px\" viewBox=\"0 0 24 24\" version=\"1.2\" baseProfile=\"tiny\"><path d=\"M18.2 9.3l-6.2-6.3-6.2 6.3c-.2.2-.3.4-.3.7s.1.5.3.7c.2.2.4.3.7.3h11c.3 0 .5-.1.7-.3.2-.2.3-.5.3-.7s-.1-.5-.3-.7zM5.8 14.7l6.2 6.3 6.2-6.3c.2-.2.3-.5.3-.7s-.1-.5-.3-.7c-.2-.2-.4-.3-.7-.3h-11c-.3 0-.5.1-.7.3-.2.2-.3.5-.3.7s.1.5.3.7z\"\/><\/svg><\/span><\/span><\/span><\/a><\/span><\/div>\n<nav><ul class='ez-toc-list ez-toc-list-level-1 eztoc-toggle-hide-by-default' ><li class='ez-toc-page-1 ez-toc-heading-level-2'><a class=\"ez-toc-link ez-toc-heading-1\" href=\"https:\/\/bitcoincasino.to\/de\/verantwortliches-spielen\/#was_ist_problematisches_gluecksspiel\" >Was ist problematisches Gl\u00fccksspiel?<\/a><\/li><li class='ez-toc-page-1 ez-toc-heading-level-2'><a class=\"ez-toc-link ez-toc-heading-2\" href=\"https:\/\/bitcoincasino.to\/de\/verantwortliches-spielen\/#gluecksspiel-probleme_mit_bitcoincasinoto_erkennen\" >Gl\u00fccksspiel-Probleme mit BitcoinCasino.to erkennen<\/a><\/li><li class='ez-toc-page-1 ez-toc-heading-level-2'><a class=\"ez-toc-link ez-toc-heading-3\" href=\"https:\/\/bitcoincasino.to\/de\/verantwortliches-spielen\/#so_verhindern_sie_probleme_mit_glueckspiel\" >So verhindern Sie Probleme mit Gl\u00fcckspiel<\/a><\/li><li class='ez-toc-page-1 ez-toc-heading-level-2'><a class=\"ez-toc-link ez-toc-heading-4\" href=\"https:\/\/bitcoincasino.to\/de\/verantwortliches-spielen\/#hier_bekommen_sie_hilfe_und_unterstuetzung\" >Hier bekommen Sie Hilfe und Unterst\u00fctzung<\/a><\/li><li class='ez-toc-page-1 ez-toc-heading-level-2'><a class=\"ez-toc-link ez-toc-heading-5\" href=\"https:\/\/bitcoincasino.to\/de\/verantwortliches-spielen\/#deutschland\" >Deutschland:<\/a><\/li><li class='ez-toc-page-1 ez-toc-heading-level-2'><a class=\"ez-toc-link ez-toc-heading-6\" href=\"https:\/\/bitcoincasino.to\/de\/verantwortliches-spielen\/#oesterreich\" >\u00d6sterreich:<\/a><\/li><li class='ez-toc-page-1 ez-toc-heading-level-2'><a class=\"ez-toc-link ez-toc-heading-7\" href=\"https:\/\/bitcoincasino.to\/de\/verantwortliches-spielen\/#schweiz\" >Schweiz<\/a><\/li><\/ul><\/nav><\/div>\n","protected":false},"excerpt":{"rendered":"<p>Lassen Sie uns \u00fcber verantwortungsvolles Gl\u00fccksspiel sprechen. F\u00fcr diejenigen, die Gl\u00fccksspielseiten und Casinos mit Krypto besuchen m\u00f6chten, gibt es viel Spa\u00df. Es sollte jedoch eine Grenze f\u00fcr die Spieldauer geben, da es m\u00f6glicherweise au\u00dfer Kontrolle geraten kann. Problematisches Gl\u00fccksspiel ist eine echte Sache. Um dies zu verhindern, gibt es diesen Leitfaden. Wo Sie Hilfe erhalten &#8230; <a title=\"Verantwortungsvolles Gl\u00fccksspiel\" class=\"read-more\" href=\"https:\/\/bitcoincasino.to\/de\/verantwortliches-spielen\/\" aria-label=\"Mehr Informationen \u00fcber Verantwortungsvolles Gl\u00fccksspiel\">Weiterlesen<\/a><\/p>\n","protected":false},"author":23,"featured_media":0,"parent":0,"menu_order":0,"comment_status":"closed","ping_status":"closed","template":"","meta":{"footnotes":""},"class_list":["post-5853","page","type-page","status-publish"],"_links":{"self":[{"href":"https:\/\/bitcoincasino.to\/de\/wp-json\/wp\/v2\/pages\/5853","targetHints":{"allow":["GET"]}}],"collection":[{"href":"https:\/\/bitcoincasino.to\/de\/wp-json\/wp\/v2\/pages"}],"about":[{"href":"https:\/\/bitcoincasino.to\/de\/wp-json\/wp\/v2\/types\/page"}],"author":[{"embeddable":true,"href":"https:\/\/bitcoincasino.to\/de\/wp-json\/wp\/v2\/users\/23"}],"replies":[{"embeddable":true,"href":"https:\/\/bitcoincasino.to\/de\/wp-json\/wp\/v2\/comments?post=5853"}],"version-history":[{"count":4,"href":"https:\/\/bitcoincasino.to\/de\/wp-json\/wp\/v2\/pages\/5853\/revisions"}],"predecessor-version":[{"id":5864,"href":"https:\/\/bitcoincasino.to\/de\/wp-json\/wp\/v2\/pages\/5853\/revisions\/5864"}],"wp:attachment":[{"href":"https:\/\/bitcoincasino.to\/de\/wp-json\/wp\/v2\/media?parent=5853"}],"curies":[{"name":"wp","href":"https:\/\/api.w.org\/{rel}","templated":true}]}}