{"id":5588,"date":"2022-04-26T11:42:44","date_gmt":"2022-04-26T11:42:44","guid":{"rendered":"https:\/\/bitcoincasino.to\/kontakta-oss\/"},"modified":"2023-10-14T14:12:20","modified_gmt":"2023-10-14T14:12:20","slug":"kontakta-oss","status":"publish","type":"page","link":"https:\/\/bitcoincasino.to\/sv\/kontakta-oss\/","title":{"rendered":"Kontakta oss"},"content":{"rendered":"\n<p>Har du n\u00e5gra fr\u00e5gor, f\u00f6rslag eller annan feedback?<\/p>\n\n\n\n<p><strong>Vi f\u00f6resl\u00e5r att du kontaktar oss via Telegram: <a href=\"https:\/\/t.me\/bitcoincasinoto\" rel=\"nofollow\">https:\/\/t.me\/bitcoincasinoto<\/a><\/strong><\/p>\n\n\n\n<p>Alternativt kan du anv\u00e4nda detta kontaktformul\u00e4r:<\/p>\n\n\n<div class=\"wpforms-container wpforms-container-full wpforms-block wpforms-block-0c275bbb-84c7-4a2c-bdc5-ca90a9d50aa6\" id=\"wpforms-3353\"><form id=\"wpforms-form-3353\" class=\"wpforms-validate wpforms-form wpforms-ajax-form\" data-formid=\"3353\" method=\"post\" enctype=\"multipart\/form-data\" action=\"\/sv\/wp-json\/wp\/v2\/pages\/5588\" data-token=\"dfca5151485ec20812c5f1726d26f41d\" data-token-time=\"1775517574\"><noscript class=\"wpforms-error-noscript\">Aktivera JavaScript i din webbl\u00e4sare f\u00f6r att fylla i formul\u00e4ret.<\/noscript><div class=\"wpforms-field-container\"><div id=\"wpforms-3353-field_0-container\" class=\"wpforms-field wpforms-field-name\" data-field-id=\"0\"><label class=\"wpforms-field-label\">Name <span class=\"wpforms-required-label\">*<\/span><\/label><div class=\"wpforms-field-row wpforms-field-medium\"><div class=\"wpforms-field-row-block wpforms-first wpforms-one-half\"><input type=\"text\" id=\"wpforms-3353-field_0\" class=\"wpforms-field-name-first wpforms-field-required\" name=\"wpforms[fields][0][first]\" required><label for=\"wpforms-3353-field_0\" class=\"wpforms-field-sublabel after\">F\u00f6rst<\/label><\/div><div class=\"wpforms-field-row-block wpforms-one-half\"><input type=\"text\" id=\"wpforms-3353-field_0-last\" class=\"wpforms-field-name-last wpforms-field-required\" name=\"wpforms[fields][0][last]\" required><label for=\"wpforms-3353-field_0-last\" class=\"wpforms-field-sublabel after\">Sist<\/label><\/div><\/div><\/div><div id=\"wpforms-3353-field_1-container\" class=\"wpforms-field wpforms-field-email\" data-field-id=\"1\"><label class=\"wpforms-field-label\" for=\"wpforms-3353-field_1\">Email <span class=\"wpforms-required-label\">*<\/span><\/label><input type=\"email\" id=\"wpforms-3353-field_1\" class=\"wpforms-field-medium wpforms-field-required\" name=\"wpforms[fields][1]\" spellcheck=\"false\" required><\/div><div id=\"wpforms-3353-field_2-container\" class=\"wpforms-field wpforms-field-textarea\" data-field-id=\"2\"><label class=\"wpforms-field-label\" for=\"wpforms-3353-field_2\">Comment or Message<\/label><textarea id=\"wpforms-3353-field_2\" class=\"wpforms-field-medium\" name=\"wpforms[fields][2]\" ><\/textarea><\/div><\/div><!-- .wpforms-field-container --><div class=\"wpforms-recaptcha-container wpforms-is-recaptcha wpforms-is-recaptcha-type-v3\" ><input type=\"hidden\" name=\"wpforms[recaptcha]\" value=\"\"><\/div><div class=\"wpforms-submit-container\" ><input type=\"hidden\" name=\"wpforms[id]\" value=\"3353\"><input type=\"hidden\" name=\"page_title\" value=\"\"><input type=\"hidden\" name=\"page_url\" value=\"https:\/\/bitcoincasino.to\/sv\/wp-json\/wp\/v2\/pages\/5588\"><input type=\"hidden\" name=\"url_referer\" value=\"\"><button type=\"submit\" name=\"wpforms[submit]\" id=\"wpforms-submit-3353\" class=\"wpforms-submit\" data-alt-text=\"Sending...\" data-submit-text=\"Submit\" aria-live=\"assertive\" value=\"wpforms-submit\">Submit<\/button><img decoding=\"async\" data-src=\"https:\/\/bitcoincasino.to\/wp-content\/plugins\/wpforms\/assets\/images\/submit-spin.svg\" class=\"wpforms-submit-spinner lazyload\" style=\"--smush-placeholder-width: 26px; --smush-placeholder-aspect-ratio: 26\/26;display: none;\" width=\"26\" height=\"26\" alt=\"Laddar\" src=\"data:image\/svg+xml;base64,PHN2ZyB3aWR0aD0iMSIgaGVpZ2h0PSIxIiB4bWxucz0iaHR0cDovL3d3dy53My5vcmcvMjAwMC9zdmciPjwvc3ZnPg==\"><\/div><\/form><\/div>  <!-- .wpforms-container -->","protected":false},"excerpt":{"rendered":"<p>Har du n\u00e5gra fr\u00e5gor, f\u00f6rslag eller annan feedback? Vi f\u00f6resl\u00e5r att du kontaktar oss via Telegram: https:\/\/t.me\/bitcoincasinoto Alternativt kan du anv\u00e4nda detta kontaktformul\u00e4r:<\/p>\n","protected":false},"author":24,"featured_media":0,"parent":0,"menu_order":0,"comment_status":"closed","ping_status":"closed","template":"","meta":{"footnotes":""},"class_list":["post-5588","page","type-page","status-publish"],"_links":{"self":[{"href":"https:\/\/bitcoincasino.to\/sv\/wp-json\/wp\/v2\/pages\/5588","targetHints":{"allow":["GET"]}}],"collection":[{"href":"https:\/\/bitcoincasino.to\/sv\/wp-json\/wp\/v2\/pages"}],"about":[{"href":"https:\/\/bitcoincasino.to\/sv\/wp-json\/wp\/v2\/types\/page"}],"author":[{"embeddable":true,"href":"https:\/\/bitcoincasino.to\/sv\/wp-json\/wp\/v2\/users\/24"}],"replies":[{"embeddable":true,"href":"https:\/\/bitcoincasino.to\/sv\/wp-json\/wp\/v2\/comments?post=5588"}],"version-history":[{"count":5,"href":"https:\/\/bitcoincasino.to\/sv\/wp-json\/wp\/v2\/pages\/5588\/revisions"}],"predecessor-version":[{"id":5900,"href":"https:\/\/bitcoincasino.to\/sv\/wp-json\/wp\/v2\/pages\/5588\/revisions\/5900"}],"wp:attachment":[{"href":"https:\/\/bitcoincasino.to\/sv\/wp-json\/wp\/v2\/media?parent=5588"}],"curies":[{"name":"wp","href":"https:\/\/api.w.org\/{rel}","templated":true}]}}