{"id":5591,"date":"2022-04-26T09:58:00","date_gmt":"2022-04-26T09:58:00","guid":{"rendered":"https:\/\/bitcoincasino.to\/om-oss\/"},"modified":"2023-10-14T14:38:52","modified_gmt":"2023-10-14T14:38:52","slug":"om-oss","status":"publish","type":"page","link":"https:\/\/bitcoincasino.to\/sv\/om-oss\/","title":{"rendered":"Om oss"},"content":{"rendered":"\n<h2 class=\"wp-block-heading\"><span class=\"ez-toc-section\" id=\"vad_ar_bitcoincasinoto\"><\/span>Vad \u00e4r Bitcoincasino.to?<span class=\"ez-toc-section-end\"><\/span><\/h2>\n<div class=\"wp-block-image\">\n<figure class=\"alignright size-full\"><img decoding=\"async\" width=\"150\" height=\"150\" data-src=\"https:\/\/bitcoincasino.to\/wp-content\/uploads\/2022\/05\/about-us-btc.png\" alt=\"Om oss BTC:s logotyp\" class=\"wp-image-1519 lazyload\" data-srcset=\"https:\/\/bitcoincasino.to\/wp-content\/uploads\/2022\/05\/about-us-btc.png 150w, https:\/\/bitcoincasino.to\/wp-content\/uploads\/2022\/05\/about-us-btc-55x55.png 55w\" data-sizes=\"(max-width: 150px) 100vw, 150px\" src=\"data:image\/svg+xml;base64,PHN2ZyB3aWR0aD0iMSIgaGVpZ2h0PSIxIiB4bWxucz0iaHR0cDovL3d3dy53My5vcmcvMjAwMC9zdmciPjwvc3ZnPg==\" style=\"--smush-placeholder-width: 150px; --smush-placeholder-aspect-ratio: 150\/150;\" \/><\/figure>\n<\/div>\n<p><a href=\"https:\/\/bitcoincasino.to\/sv\/\" data-type=\"page\" data-id=\"1310\">BitcoinCasino.to<\/a> startades f\u00f6r att f\u00f6rse andra spelare med en webbplats som inneh\u00e5ller all information du n\u00e5gonsin kommer att beh\u00f6va om Bitcoin- och Altcoin-kasinon. V\u00e5r forskning och analys av den nuvarande kryptokasinobranschen \u00e4r avsedd att fylla informationsgapet och hj\u00e4lpa dig att fatta r\u00e4tt beslut n\u00e4r du v\u00e4ljer var du ska spela.<\/p>\n\n<p>Vi \u00e4lskar kryptospel &#8211; alla artiklar och recensioner p\u00e5 BitcoinCasino.to \u00e4r skrivna med passion och faktisk kunskap om marknaden.<\/p>\n\n<h3 class=\"wp-block-heading\">Vad du kan f\u00f6rv\u00e4nta dig av oss<\/h3>\n\n<p>Vi har best\u00e4mt oss f\u00f6r att vara en slags one stop shop f\u00f6r allt som r\u00f6r Bitcoin-gambling. Detta inneb\u00e4r att du kan f\u00f6rv\u00e4nta dig att den senaste informationen kommer f\u00f6rst p\u00e5 v\u00e5r webbplats, kontinuerliga uppdateringar av alla v\u00e5ra aktuella guider och artiklar, samt att vi alltid ger dig de nyaste kryptokasinosidorna i v\u00e5ra kurerade j\u00e4mf\u00f6relselistor.<\/p>\n\n<p>Kort sagt, h\u00e4r \u00e4r vad du kan f\u00f6rv\u00e4nta dig av BitcoinCasino.to:<\/p>\n\n<ul class=\"wp-block-list\">\n<li>\u00c4rliga recensioner och korrekt inneh\u00e5ll<\/li>\n\n\n\n<li>Den senaste informationen om marknaden f\u00f6r kryptospel<\/li>\n\n\n\n<li>De b\u00e4sta nya, s\u00e4kra och licensierade kryptokasinona<\/li>\n\n\n\n<li>Massor av olika alternativ f\u00f6r betalning med krypto<\/li>\n<\/ul>\n\n<hr class=\"wp-block-separator has-text-color has-css-opacity has-background is-style-wide\" style=\"background-color:#f1ab39;color:#f1ab39\"\/>\n\n<h2 class=\"wp-block-heading\"><span class=\"ez-toc-section\" id=\"hur_vi_rankar_och_granskar_bitcoin-kasinon\"><\/span>Hur vi rankar och granskar Bitcoin-kasinon<span class=\"ez-toc-section-end\"><\/span><\/h2>\n\n<p>V\u00e5rt m\u00e5l \u00e4r att f\u00f6rse dig med betrodda webbplatser d\u00e4r du kan spela anonymt och anv\u00e4nda din favoritkryptovaluta f\u00f6r att spela. Den stora m\u00e4ngden tillg\u00e4ngliga kasinon g\u00f6r detta till en utmanande uppgift, men det \u00e4r vad vi \u00e4lskar att g\u00f6ra.<\/p>\n\n<p>Vi utv\u00e4rderar spelsajter baserat p\u00e5 ett antal faktorer, och de som hamnar p\u00e5 v\u00e5ra listor har rankats ordentligt och granskats av experter f\u00f6r att f\u00f6rtj\u00e4na sin plats. H\u00e4r \u00e4r n\u00e5gra av de faktorer som vi tar h\u00e4nsyn till:<\/p>\n\n<ul class=\"wp-block-list\">\n<li>Datas\u00e4kerhet och kryptering<\/li>\n\n\n\n<li>Betrodda licenser (eller bevisade att de \u00e4r betrodda utan en licens)<\/li>\n\n\n\n<li>M\u00f6jlighet att spela anonymt<\/li>\n\n\n\n<li>Spelkatalog och bevisligen r\u00e4ttvisa alternativ<\/li>\n\n\n\n<li>Utbud av betalningsmetoder f\u00f6r kryptovalutor<\/li>\n\n\n\n<li>Snabbhet vid ins\u00e4ttning och uttag<\/li>\n\n\n\n<li>Mobilt st\u00f6d och anv\u00e4ndargr\u00e4nssnitt<\/li>\n\n\n\n<li>Gener\u00f6sa bonuserbjudanden och VIP-program<\/li>\n<\/ul>\n\n<hr class=\"wp-block-separator has-text-color has-css-opacity has-background is-style-wide\" style=\"background-color:#f1ab39;color:#f1ab39\"\/>\n\n<h2 class=\"wp-block-heading\"><span class=\"ez-toc-section\" id=\"vilka_vi_ar\"><\/span>Vilka vi \u00e4r<span class=\"ez-toc-section-end\"><\/span><\/h2>\n\n<p>Vi \u00e4r en sammansvetsad grupp av krypto- och kasinoentusiaster med h\u00f6gre utbildning. Vi ville arbeta sj\u00e4lvst\u00e4ndigt och fritt som ett litet team f\u00f6r att dela med oss av v\u00e5r samlade kunskap om kasinobranschen till v\u00e4rlden och f\u00f6rhoppningsvis f\u00f6rs\u00f6rja oss sj\u00e4lva p\u00e5 v\u00e4gen.<\/p>\n\n<p>Som en liten grupp kan vi l\u00e4gga mycket fokus p\u00e5 de mindre detaljerna som annars \u00e4r l\u00e4tta att missa. Vi tittar p\u00e5 data och fakta och anv\u00e4nder tillf\u00f6rlitliga k\u00e4llor f\u00f6r den information som finns p\u00e5 v\u00e5r webbplats.<\/p>\n\n<ul class=\"wp-block-list\">\n<li>Webbplats: https:\/\/bitcoincasino.to\/<\/li>\n\n\n\n<li>F\u00f6retagets namn: Bitcoin Casino N.V.<\/li>\n\n\n\n<li>Adress: 9 Abraham de Veerstraat, Willemstad, Nederl\u00e4ndska Antillerna<\/li>\n\n\n\n<li>Kontaktinformation: <a href=\"https:\/\/bitcoincasino.to\/sv\/kontakta-oss\/\" data-type=\"page\" data-id=\"1359\">Kontaktformul\u00e4r<\/a><\/li>\n<\/ul>\n\n<hr class=\"wp-block-separator has-text-color has-css-opacity has-background is-style-wide\" style=\"background-color:#f1ab39;color:#f1ab39\"\/>\n\n<h2 class=\"wp-block-heading\"><span class=\"ez-toc-section\" id=\"offentliggorande\"><\/span>Offentligg\u00f6rande<span class=\"ez-toc-section-end\"><\/span><\/h2>\n\n<p>BitcoinCasino.to kommer alltid att vara gratis att anv\u00e4nda. Vi tar aldrig betalt f\u00f6r n\u00e5gra artiklar, guider eller andra tj\u00e4nster. F\u00f6r att g\u00f6ra detta till en livskraftig verksamhet m\u00e5ste vi generera int\u00e4kter p\u00e5 n\u00e5got s\u00e4tt. Det \u00e4r h\u00e4r affiliate-marknadsf\u00f6ring spelar en roll i v\u00e5r aff\u00e4rsmodell.<\/p>\n\n<p>N\u00e4r du bes\u00f6ker en webbplats fr\u00e5n v\u00e5ra listor och registrerar dig kan vi f\u00e5 ers\u00e4ttning fr\u00e5n den operat\u00f6r som driver kasinot. Ingen av spelsajterna eller deras spel \u00e4gs av oss. Det \u00e4r ocks\u00e5 v\u00e4rt att klarg\u00f6ra att v\u00e5r affiliate-modell inte alls p\u00e5verkar hur vi skriver v\u00e5rt inneh\u00e5ll, eftersom kasinooperat\u00f6rerna inte har n\u00e5got att s\u00e4ga till om n\u00e4r det g\u00e4ller hur vi granskar deras webbplatser.<\/p>\n\n<hr class=\"wp-block-separator has-text-color has-css-opacity has-background is-style-wide\" style=\"background-color:#f1ab39;color:#f1ab39\"\/>\n\n<h2 class=\"wp-block-heading\"><span class=\"ez-toc-section\" id=\"ta_kontakt_med_oss\"><\/span>Ta kontakt med oss<span class=\"ez-toc-section-end\"><\/span><\/h2>\n\n<p>Vi \u00e4r aldrig utom r\u00e4ckh\u00e5ll, s\u00e5 om du beh\u00f6ver kontakta oss fyller du bara i formul\u00e4ret p\u00e5 v\u00e5r <a href=\"https:\/\/bitcoincasino.to\/sv\/kontakta-oss\/\" data-type=\"page\" data-id=\"1359\">kontaktsida<\/a> s\u00e5 \u00e5terkommer vi till dig!<\/p>\n\n<p>Som en oberoende j\u00e4mf\u00f6relsesajt v\u00e4lkomnar vi alltid feedback och konstruktiv kritik om hur vi kan f\u00f6rb\u00e4ttra upplevelsen f\u00f6r v\u00e5ra l\u00e4sare. Vi svarar p\u00e5 alla relevanta fr\u00e5gor och hj\u00e4lper g\u00e4rna till om du har st\u00f6tt p\u00e5 n\u00e5got problem p\u00e5 v\u00e5r webbplats som vi kan \u00e5tg\u00e4rda. Observera att vi inte \u00e4r intresserade av n\u00e5gra tj\u00e4nster som du kanske s\u00e4ljer och att vi inte kommer att svara p\u00e5 s\u00e5dana f\u00f6rfr\u00e5gningar.<\/p>\n<div id=\"ez-toc-container\" class=\"ez-toc-v2_0_82_2 ez-toc-wrap-right counter-hierarchy ez-toc-counter ez-toc-custom ez-toc-container-direction\">\n<div class=\"ez-toc-title-container\">\n<p class=\"ez-toc-title\" style=\"cursor:inherit\"><\/p>\n<span class=\"ez-toc-title-toggle\"><a href=\"#\" class=\"ez-toc-pull-right ez-toc-btn ez-toc-btn-xs ez-toc-btn-default ez-toc-toggle\" aria-label=\"Toggle Table of Content\"><span class=\"ez-toc-js-icon-con\"><span class=\"\"><span class=\"eztoc-hide\" style=\"display:none;\">Toggle<\/span><span class=\"ez-toc-icon-toggle-span\"><svg style=\"fill: #000000;color:#000000\" xmlns=\"http:\/\/www.w3.org\/2000\/svg\" class=\"list-377408\" width=\"20px\" height=\"20px\" viewBox=\"0 0 24 24\" fill=\"none\"><path d=\"M6 6H4v2h2V6zm14 0H8v2h12V6zM4 11h2v2H4v-2zm16 0H8v2h12v-2zM4 16h2v2H4v-2zm16 0H8v2h12v-2z\" fill=\"currentColor\"><\/path><\/svg><svg style=\"fill: #000000;color:#000000\" class=\"arrow-unsorted-368013\" xmlns=\"http:\/\/www.w3.org\/2000\/svg\" width=\"10px\" height=\"10px\" viewBox=\"0 0 24 24\" version=\"1.2\" baseProfile=\"tiny\"><path d=\"M18.2 9.3l-6.2-6.3-6.2 6.3c-.2.2-.3.4-.3.7s.1.5.3.7c.2.2.4.3.7.3h11c.3 0 .5-.1.7-.3.2-.2.3-.5.3-.7s-.1-.5-.3-.7zM5.8 14.7l6.2 6.3 6.2-6.3c.2-.2.3-.5.3-.7s-.1-.5-.3-.7c-.2-.2-.4-.3-.7-.3h-11c-.3 0-.5.1-.7.3-.2.2-.3.5-.3.7s.1.5.3.7z\"\/><\/svg><\/span><\/span><\/span><\/a><\/span><\/div>\n<nav><ul class='ez-toc-list ez-toc-list-level-1 eztoc-toggle-hide-by-default' ><li class='ez-toc-page-1 ez-toc-heading-level-2'><a class=\"ez-toc-link ez-toc-heading-1\" href=\"https:\/\/bitcoincasino.to\/sv\/om-oss\/#vad_ar_bitcoincasinoto\" >Vad \u00e4r Bitcoincasino.to?<\/a><\/li><li class='ez-toc-page-1 ez-toc-heading-level-2'><a class=\"ez-toc-link ez-toc-heading-2\" href=\"https:\/\/bitcoincasino.to\/sv\/om-oss\/#hur_vi_rankar_och_granskar_bitcoin-kasinon\" >Hur vi rankar och granskar Bitcoin-kasinon<\/a><\/li><li class='ez-toc-page-1 ez-toc-heading-level-2'><a class=\"ez-toc-link ez-toc-heading-3\" href=\"https:\/\/bitcoincasino.to\/sv\/om-oss\/#vilka_vi_ar\" >Vilka vi \u00e4r<\/a><\/li><li class='ez-toc-page-1 ez-toc-heading-level-2'><a class=\"ez-toc-link ez-toc-heading-4\" href=\"https:\/\/bitcoincasino.to\/sv\/om-oss\/#offentliggorande\" >Offentligg\u00f6rande<\/a><\/li><li class='ez-toc-page-1 ez-toc-heading-level-2'><a class=\"ez-toc-link ez-toc-heading-5\" href=\"https:\/\/bitcoincasino.to\/sv\/om-oss\/#ta_kontakt_med_oss\" >Ta kontakt med oss<\/a><\/li><\/ul><\/nav><\/div>\n","protected":false},"excerpt":{"rendered":"<p>Vad \u00e4r Bitcoincasino.to? BitcoinCasino.to startades f\u00f6r att f\u00f6rse andra spelare med en webbplats som inneh\u00e5ller all information du n\u00e5gonsin kommer att beh\u00f6va om Bitcoin- och Altcoin-kasinon. V\u00e5r forskning och analys av den nuvarande kryptokasinobranschen \u00e4r avsedd att fylla informationsgapet och hj\u00e4lpa dig att fatta r\u00e4tt beslut n\u00e4r du v\u00e4ljer var du ska spela. Vi \u00e4lskar &#8230; <a title=\"Om oss\" class=\"read-more\" href=\"https:\/\/bitcoincasino.to\/sv\/om-oss\/\" aria-label=\"L\u00e4s mer om Om oss\">L\u00e4s mer<\/a><\/p>\n","protected":false},"author":21,"featured_media":0,"parent":0,"menu_order":0,"comment_status":"closed","ping_status":"closed","template":"","meta":{"footnotes":""},"class_list":["post-5591","page","type-page","status-publish"],"_links":{"self":[{"href":"https:\/\/bitcoincasino.to\/sv\/wp-json\/wp\/v2\/pages\/5591","targetHints":{"allow":["GET"]}}],"collection":[{"href":"https:\/\/bitcoincasino.to\/sv\/wp-json\/wp\/v2\/pages"}],"about":[{"href":"https:\/\/bitcoincasino.to\/sv\/wp-json\/wp\/v2\/types\/page"}],"author":[{"embeddable":true,"href":"https:\/\/bitcoincasino.to\/sv\/wp-json\/wp\/v2\/users\/21"}],"replies":[{"embeddable":true,"href":"https:\/\/bitcoincasino.to\/sv\/wp-json\/wp\/v2\/comments?post=5591"}],"version-history":[{"count":10,"href":"https:\/\/bitcoincasino.to\/sv\/wp-json\/wp\/v2\/pages\/5591\/revisions"}],"predecessor-version":[{"id":5953,"href":"https:\/\/bitcoincasino.to\/sv\/wp-json\/wp\/v2\/pages\/5591\/revisions\/5953"}],"wp:attachment":[{"href":"https:\/\/bitcoincasino.to\/sv\/wp-json\/wp\/v2\/media?parent=5591"}],"curies":[{"name":"wp","href":"https:\/\/api.w.org\/{rel}","templated":true}]}}