{"id":5596,"date":"2023-02-06T19:06:14","date_gmt":"2023-02-06T19:06:14","guid":{"rendered":"https:\/\/bitcoincasino.to\/fairspin-casino-recension-och-test-2023\/"},"modified":"2025-01-08T08:41:53","modified_gmt":"2025-01-08T08:41:53","slug":"fairspin","status":"publish","type":"page","link":"https:\/\/bitcoincasino.to\/sv\/recensioner\/fairspin\/","title":{"rendered":"Fairspin Casino recension och test (2026)"},"content":{"rendered":"\n<p>Fairspin Casino lanserades 2018 och har haft hyfsad framg\u00e5ng sedan dess. Vi tar en titt p\u00e5 detta etablerade kryptocasino f\u00f6r att se hur det st\u00e5r sig i j\u00e4mf\u00f6relse med andra moderna spelsajter. V\u00e5rt team unders\u00f6kte allt fr\u00e5n urvalet av spel och leverant\u00f6rer till bonuserbjudanden och kryptobetalningsmetoder.<\/p>\n\n\n\n<p>Kolla in v\u00e5r recension nedan f\u00f6r att se om Fairspin \u00e4r r\u00e4tt val f\u00f6r dig eller om du \u00e4r b\u00e4ttre p\u00e5 att hitta en annan kryptocasinosida i v\u00e5ra kuraterade listor.<\/p>\n\n\n\n\n<table id=\"tablepress-11\" class=\"tablepress tablepress-id-11 tablepress-responsive tablepress-responsive-stack-headers tablepress-responsive-stack-phone\">\n<thead>\n<tr class=\"row-1\">\n\t<td class=\"column-1\"><\/td><th class=\"column-2\">Casino<\/th><th class=\"column-3\">Betyg<\/th><th class=\"column-4\">Spela nu<\/th>\n<\/tr>\n<\/thead>\n<tbody class=\"row-striping\">\n<tr class=\"row-2\">\n\t<td class=\"column-1\"><\/td><td class=\"column-2\"><a href=\"\/go\/fairspin\" target=\"_blank\" rel=\"nofollow noopener\"><img decoding=\"async\" data-src=\"\/wp-content\/uploads\/fairspin.png\" width=\"130\" height=\"65\" alt=\"Fairspin\" src=\"data:image\/svg+xml;base64,PHN2ZyB3aWR0aD0iMSIgaGVpZ2h0PSIxIiB4bWxucz0iaHR0cDovL3d3dy53My5vcmcvMjAwMC9zdmciPjwvc3ZnPg==\" class=\"lazyload\" style=\"--smush-placeholder-width: 130px; --smush-placeholder-aspect-ratio: 130\/65;\"><\/a><\/td><td class=\"column-3\"><i class=\"fa fa-star\"><\/i><i class=\"fa fa-star\"><\/i><i class=\"fa fa-star\"><\/i><i class=\"fa fa-star\"><\/i><i class=\"fa fa-star-half\"><\/i><br \/>\n<strong>Fairspin<\/strong><\/td><td class=\"column-4\"><a href=\"\/go\/fairspin\" class=\"PlayNow\" rel=\"nofollow noopener\" target=\"_blank\">Spela nu!<\/a><\/td>\n<\/tr>\n<\/tbody>\n<\/table>\n<!-- #tablepress-11 from cache -->\n\n\n\n<hr class=\"wp-block-separator has-text-color has-css-opacity has-background is-style-wide\" style=\"background-color:#f1ab39;color:#f1ab39\"\/>\n\n\n\n<h3 class=\"wp-block-heading\">Om Fairspin<\/h3>\n\n\n\n<figure class=\"wp-block-table\"><table class=\"has-fixed-layout\"><thead><tr><th class=\"has-text-align-center\" data-align=\"center\">Lansering<\/th><th class=\"has-text-align-center\" data-align=\"center\">Licens<\/th><th class=\"has-text-align-center\" data-align=\"center\">Leverant\u00f6rer<\/th><th class=\"has-text-align-center\" data-align=\"center\">Spel<\/th><\/tr><\/thead><tbody><tr><td class=\"has-text-align-center\" data-align=\"center\">2018<\/td><td class=\"has-text-align-center\" data-align=\"center\">Curacao Egaming<\/td><td class=\"has-text-align-center\" data-align=\"center\">83+<\/td><td class=\"has-text-align-center\" data-align=\"center\">5000+<\/td><\/tr><\/tbody><\/table><\/figure>\n\n\n\n<hr class=\"wp-block-separator has-text-color has-css-opacity has-background is-style-wide\" style=\"background-color:#f1ab39;color:#f1ab39\"\/>\n\n\n\n<h2 class=\"wp-block-heading\"><span class=\"ez-toc-section\" id=\"rik_erfarenhet_pa_fairspin_kryptocasino\"><\/span>Rik erfarenhet p\u00e5 Fairspin kryptocasino<span class=\"ez-toc-section-end\"><\/span><\/h2>\n\n\n<div class=\"wp-block-image\">\n<figure class=\"alignleft size-full\"><img decoding=\"async\" data-src=\"https:\/\/bitcoincasino.to\/wp-content\/uploads\/fairspin.png\" alt=\"Fairspin\" class=\"wp-image-3362 lazyload\" src=\"data:image\/svg+xml;base64,PHN2ZyB3aWR0aD0iMSIgaGVpZ2h0PSIxIiB4bWxucz0iaHR0cDovL3d3dy53My5vcmcvMjAwMC9zdmciPjwvc3ZnPg==\" style=\"--smush-placeholder-width: 130px; --smush-placeholder-aspect-ratio: 130\/65;\" \/><\/figure>\n<\/div>\n\n\n<p>Om du letar efter en unik spelupplevelse med krypto kommer du inte riktigt att hitta den p\u00e5 Fairspin. Det \u00e4r ett kryptocasino som m\u00e5nga andra, och erbjuder en komplett upplevelse med allt du kan f\u00f6rv\u00e4nta dig av ett modernt <a href=\"https:\/\/bitcoincasino.to\/sv\/\" data-type=\"page\" data-id=\"1310\">BTC-casino<\/a>. Det finns mycket inneh\u00e5ll h\u00e4r som r\u00e4cker l\u00e4nge, och det \u00e4r tillr\u00e4ckligt f\u00f6r de flesta.<\/p>\n\n\n\n<p>Huruvida det tr\u00e4ffar varje m\u00e4rke eller inte \u00e4r n\u00e5got vi kommer att t\u00e4cka i den h\u00e4r recensionen, men vi kan s\u00e4ga med s\u00e4kerhet att det finns mycket att njuta av med Fairspin. Det vill s\u00e4ga, f\u00f6rutom det v\u00e4lkomstbonuspaket som de f\u00f6r n\u00e4rvarande erbjuder. Vi ska strax f\u00f6rklara varf\u00f6r, men det \u00e4r helt enkelt inte idealiskt.<\/p>\n\n\n\n<p>Sammantaget \u00e4r det dock en rik upplevelse med alla kryptospelfunktioner vi vill ha och f\u00f6rv\u00e4ntar oss, och sedan n\u00e5gra. Om du \u00e4r h\u00e4r enbart f\u00f6r ett bra v\u00e4lkomstbonuserbjudande, kolla in v\u00e5ra andra <a href=\"https:\/\/bitcoincasino.to\/sv\/recensioner\/\" data-type=\"page\" data-id=\"3092\">recensioner<\/a> ist\u00e4llet.<\/p>\n\n\n\n<hr class=\"wp-block-separator has-text-color has-css-opacity has-background is-style-wide\" style=\"background-color:#f1ab39;color:#f1ab39\"\/>\n\n\n\n<h2 class=\"wp-block-heading\"><span class=\"ez-toc-section\" id=\"fordelar_och_nackdelar\"><\/span>F\u00f6rdelar och nackdelar<span class=\"ez-toc-section-end\"><\/span><\/h2>\n\n\n\n<figure class=\"wp-block-table\"><table class=\"has-fixed-layout\"><thead><tr><th>Proffs<\/th><th>Cons<\/th><\/tr><\/thead><tbody><tr><td>Komplett erfarenhet av kryptospel<\/td><td>Svagt v\u00e4lkomsterbjudande<\/td><\/tr><tr><td>Massor av spel i olika kategorier<\/td><td>Osk\u00e4liga oms\u00e4ttningskrav<\/td><\/tr><tr><td>M\u00e5nga popul\u00e4ra kryptomynt accepteras<\/td><td>Tr\u00e5kigt tema och utseende<\/td><\/tr><tr><td>Regelbundna turneringar med kontantpriser<\/td><td><\/td><\/tr><tr><td>Omfattande kryptobetting med esport<\/td><td><\/td><\/tr><\/tbody><\/table><\/figure>\n\n\n\n<hr class=\"wp-block-separator has-text-color has-css-opacity has-background is-style-wide\" style=\"background-color:#f1ab39;color:#f1ab39\"\/>\n\n\n\n<h2 class=\"wp-block-heading\"><span class=\"ez-toc-section\" id=\"fairspin_bonus_och_kampanjer\"><\/span>Fairspin bonus och kampanjer<span class=\"ez-toc-section-end\"><\/span><\/h2>\n\n\n\n<p>\u00c4rligt talat \u00e4r v\u00e4lkomstbonusen p\u00e5 Fairspin en besvikelse. Bonusv\u00e4rdet i sig \u00e4r svagt, men ut\u00f6ver det \u00e4r villkoren ocks\u00e5 or\u00e4ttvisa. Det \u00e4r ganska ironiskt, med tanke p\u00e5 namnet p\u00e5 casinot. Vi kommer bara att t\u00e4cka det kort, eftersom vi inte riktigt kan rekommendera att g\u00f6ra anspr\u00e5k p\u00e5 det om du inte verkligen har slut p\u00e5 bonuserbjudanden p\u00e5 andra webbplatser.<\/p>\n\n\n\n<p>I skrivande stund kan du f\u00e5 100% upp till $100 000 bonusfonder. Spelare har tidigare rapporterat problem med otydliga bonusvillkor, och vi har noterat att Fairspin har \u00e4ndrat dem. Men inte till det b\u00e4ttre. \u00c4ven om villkoren \u00e4r lite tydligare \u00e4r de fortfarande riktigt d\u00e5liga.<\/p>\n\n\n\n<p>Oms\u00e4ttningskraven \u00e4r 60x (!) vilket \u00e4r betydligt s\u00e4mre \u00e4n de vanliga 30-40x som vi \u00e4r vana vid nuf\u00f6rtiden. Dessutom har du bara 3 dagar p\u00e5 dig att satsa dem, vilket \u00e4r l\u00f6jligt kort. J\u00e4mf\u00f6r det med de 10-60 dagar du kan f\u00e5 p\u00e5 andra casinosajter. Ju h\u00f6gre oms\u00e4ttningskravet \u00e4r, desto l\u00e4ngre tid f\u00e5r du p\u00e5 dig att oms\u00e4tta dem. Detta \u00e4r inte fallet med Fairspin, och vi kan inte i god tro rekommendera deras v\u00e4lkomstbonus.<\/p>\n\n\n\n<hr class=\"wp-block-separator has-text-color has-css-opacity has-background is-style-wide\" style=\"background-color:#f1ab39;color:#f1ab39\"\/>\n\n\n\n<h2 class=\"wp-block-heading\"><span class=\"ez-toc-section\" id=\"betalningsalternativ_for_kryptovalutor\"><\/span>Betalningsalternativ f\u00f6r kryptovalutor<span class=\"ez-toc-section-end\"><\/span><\/h2>\n\n\n\n<p>Det finns en hel del olika mynt som du kan s\u00e4tta in p\u00e5 Fairspin casino f\u00f6r att skicka pengar till ditt kontosaldo. Om du har altcoins kommer du att bli glad att veta att flera av de mer popul\u00e4ra accepteras h\u00e4r. De accepterar \u00e4ven fiatvaluta, f\u00f6r dem som \u00e4r intresserade av det. I tabellen nedan kan du se vilka kryptomynt du kan anv\u00e4nda.<\/p>\n\n\n\n<h3 class=\"wp-block-heading\">Ins\u00e4ttningar och uttag<\/h3>\n\n\n\n<figure class=\"wp-block-table is-style-stripes\"><table class=\"has-fixed-layout\"><tbody><tr><td>Bitcoin<\/td><td>Ethereum<\/td><td>F\u00f6rankring<\/td><\/tr><tr><td>Streck<\/td><td>Monero<\/td><td>Dogecoin<\/td><\/tr><tr><td>Neo<\/td><td>Cardano<\/td><td>Bitcoin kontanter<\/td><\/tr><tr><td>Rippel<\/td><td>Nem<\/td><td>Stellar<\/td><\/tr><tr><td>Binance Mynt<\/td><td>USD Mynt<\/td><td>EOS<\/td><\/tr><tr><td>Tvilling<\/td><td>Paxos<\/td><td><\/td><\/tr><\/tbody><\/table><\/figure>\n\n\n\n<hr class=\"wp-block-separator has-text-color has-css-opacity has-background is-style-wide\" style=\"background-color:#f1ab39;color:#f1ab39\"\/>\n\n\n\n<h2 class=\"wp-block-heading\"><span class=\"ez-toc-section\" id=\"programvaruleverantorer_pa_fairspin_casino\"><\/span>Programvaruleverant\u00f6rer p\u00e5 Fairspin casino<span class=\"ez-toc-section-end\"><\/span><\/h2>\n\n\n\n<p>Trots de nedsl\u00e5ende v\u00e4lkomstbonusvillkoren har Fairspin \u00e5tminstone en hel del spel. Bra s\u00e5dana ocks\u00e5, fr\u00e5n m\u00e5nga popul\u00e4ra programvaruleverant\u00f6rer. Du kommer verkligen aldrig att f\u00e5 slut p\u00e5 spel att spela h\u00e4r, med \u00f6ver 5000 som erbjuds fr\u00e5n 80+ leverant\u00f6rer. Det finns ocks\u00e5 m\u00e5nga kategorier att utforska, och de uppdaterar st\u00e4ndigt sin webbplats med nya evenemang och liknande.<\/p>\n\n\n\n<p>Du har de typiska spelautomaterna, bordsspelen och jackpottarna, men \u00e4ven &#8221;k\u00f6p bonus&#8221;-spel, den nya spelkategorin &#8221;spela med bonus&#8221; och ambiti\u00f6sa turneringar p\u00e5 regelbunden basis.<\/p>\n\n\n\n<p>Vid sidan av metakategorierna casino och sport finns det dessutom en tredje kategori: Fair's Wheel. Det \u00e4r ett lyckohjul som du kan snurra gratis var 24:e timme f\u00f6r att vinna TFS-tokens, deras egen kryptovaluta.<\/p>\n\n\n\n<p>Vinsterna p\u00e5 hjulet kommer att \u00e4ndras beroende p\u00e5 din aktuella VIP Club-medlemsniv\u00e5. H\u00f6gre niv\u00e5er ger st\u00f6rre och b\u00e4ttre bel\u00f6ningar, som man kan f\u00f6rv\u00e4nta sig. Det \u00e4r en rolig extrafunktion som fungerar bra med de andra kampanjerna p\u00e5 sajten.<\/p>\n\n\n\n<hr class=\"wp-block-separator has-text-color has-css-opacity has-background is-style-wide\" style=\"background-color:#f1ab39;color:#f1ab39\"\/>\n\n\n\n<h2 class=\"wp-block-heading\"><span class=\"ez-toc-section\" id=\"mobil_och_app\"><\/span>Mobil och app<span class=\"ez-toc-section-end\"><\/span><\/h2>\n\n\n\n<p>Den mobila spelupplevelsen p\u00e5 Fairspin \u00e4r ganska anst\u00e4ndig. Det \u00e4r inte banbrytande p\u00e5 n\u00e5got s\u00e4tt, men det f\u00e5r jobbet gjort. Menyerna \u00e4r ganska smidiga och l\u00e4tta att navigera i. De erbjuder inte n\u00e5gon app, men det \u00e4r okej.<\/p>\n\n\n\n<p>Som vi har n\u00e4mnt m\u00e5nga g\u00e5nger fungerar m\u00e5nga moderna casinon riktigt bra direkt i din mobila webbl\u00e4sare, vilket g\u00f6r en app \u00f6verfl\u00f6dig i m\u00e5nga fall. Detta g\u00e4ller s\u00e4rskilt f\u00f6r dem som bara vill ta en ny v\u00e4lkomstbonus, oms\u00e4tta den och sedan g\u00e5 vidare.<\/p>\n\n\n\n<hr class=\"wp-block-separator has-text-color has-css-opacity has-background is-style-wide\" style=\"background-color:#f1ab39;color:#f1ab39\"\/>\n\n\n\n<h2 class=\"wp-block-heading\"><span class=\"ez-toc-section\" id=\"kundtjanst\"><\/span>Kundtj\u00e4nst<span class=\"ez-toc-section-end\"><\/span><\/h2>\n\n\n\n<p>Vi hittade flera alternativ f\u00f6r kundservice hos Fairspin, vilket alltid \u00e4r uppskattat. Fler alternativ \u00e4r en bra sak, eftersom spelare kommer att ha sina egna preferenser n\u00e4r det g\u00e4ller att kontakta casinopersonal.<\/p>\n\n\n\n<p>Anv\u00e4nd antingen livechatt, telegram Facebook messenger eller Instagram f\u00f6r att meddela Fairspin.io direkt och f\u00e5 ett snabbt svar. F\u00f6r dem som f\u00f6redrar att ringa finns \u00e4ven det alternativet. De har ocks\u00e5 en e-post f\u00f6r de tillf\u00e4llen d\u00e5 du inte beh\u00f6ver ett svar direkt. Kolla in dessa metoder:<\/p>\n\n\n\n<ul class=\"wp-block-list\">\n<li>E-post: support.en@fairspin.io<\/li>\n\n\n\n<li>Tfn: + 31 (97) 010280059<\/li>\n<\/ul>\n\n\n\n<hr class=\"wp-block-separator has-text-color has-css-opacity has-background is-style-wide\" style=\"background-color:#f1ab39;color:#f1ab39\"\/>\n\n\n\n<h2 class=\"wp-block-heading\"><span class=\"ez-toc-section\" id=\"rekommendation_och_dom\"><\/span>Rekommendation och dom<span class=\"ez-toc-section-end\"><\/span><\/h2>\n\n\n\n<p>Den stora fr\u00e5gan kvarst\u00e5r d\u00e5, rekommenderar vi faktiskt Fairspin Casino? Kort sagt: om du bes\u00f6ker oss bara f\u00f6r att f\u00e5 ett nytt och gener\u00f6st v\u00e4lkomsterbjudande, s\u00e5 nej. Deras v\u00e4lkomstbonus \u00e4r svag och or\u00e4ttvis, i skrivande stund. Med 60x oms\u00e4ttning och bara 3 dagar p\u00e5 dig att satsa kommer du helt enkelt inte att ha kul.<\/p>\n\n\n\n<p>Om du bara vill spela en massa kvalitetsspel, delta i turneringar, utforska roliga funktioner och h\u00f6ja niv\u00e5n p\u00e5 ditt VIP Club-medlemskap f\u00f6r en massa bel\u00f6ningar, d\u00e5 \u00e4r Fairspin n\u00e5got f\u00f6r dig.<\/p>\n\n\n\n<p>Trots vad vi tycker om v\u00e4lkomsterbjudandet \u00e4r allt annat faktiskt bra. Om de en dag best\u00e4mmer sig f\u00f6r att f\u00f6rb\u00e4ttra sina bonusar, kommer detta casino att f\u00e5 en betydande \u00f6kning av framg\u00e5ng och rykte. F\u00f6r nu, ge detta Bitcoin-casino ett skott om du inte har n\u00e5got emot att hoppa \u00f6ver bonusen.<\/p>\n\n\n\n<hr class=\"wp-block-separator has-text-color has-css-opacity has-background is-style-wide\" style=\"background-color:#f1ab39;color:#f1ab39\"\/>\n\n\n\n<h2 class=\"wp-block-heading\"><span class=\"ez-toc-section\" id=\"vanliga_fragor\"><\/span>VANLIGA FR\u00c5GOR<span class=\"ez-toc-section-end\"><\/span><\/h2>\n\n\n<div id=\"rank-math-faq\" class=\"rank-math-block\">\n<div class=\"rank-math-list \">\n<div id=\"faq-question-1675710607780\" class=\"rank-math-list-item\">\n<h3 class=\"rank-math-question \">\u00c4r Fairspin legit eller en bluff?<\/h3>\n<div class=\"rank-math-answer \">\n\n<p>Fairspin drivs legitimt och regleras av Curacao Egaming, en v\u00e4lk\u00e4nd och popul\u00e4r spellicens.<\/p>\n\n<\/div>\n<\/div>\n<div id=\"faq-question-1675710612586\" class=\"rank-math-list-item\">\n<h3 class=\"rank-math-question \">Hur m\u00e5nga spel har Fairspin.io?<\/h3>\n<div class=\"rank-math-answer \">\n\n<p>\u00d6ver 5000. De erbjuder spel fr\u00e5n 83+ mjukvaruleverant\u00f6rer i m\u00e5nga olika kategorier. Hitta popul\u00e4ra slots, bordsspel, jackpottar och kryptospel och delta i turneringar.<\/p>\n\n<\/div>\n<\/div>\n<div id=\"faq-question-1675710613119\" class=\"rank-math-list-item\">\n<h3 class=\"rank-math-question \">Vem \u00e4ger Fairspin kryptocasino?<\/h3>\n<div class=\"rank-math-answer \">\n\n<p>Fairspin.io \u00e4gs och drivs av Techcore Holding B.V. Kasinot lanserades 2018 och \u00e4r licensierat och reglerat av Curacao Egaming.<\/p>\n\n<\/div>\n<\/div>\n<\/div>\n<\/div>\n\n\n<hr class=\"wp-block-separator has-text-color has-css-opacity has-background is-style-wide\" style=\"background-color:#f1ab39;color:#f1ab39\"\/>\n\n\n\n<h3 class=\"wp-block-heading\">F\u00f6rfattare<\/h3>\n\n\n<div id=\"ez-toc-container\" class=\"ez-toc-v2_0_82_2 ez-toc-wrap-right counter-hierarchy ez-toc-counter ez-toc-custom ez-toc-container-direction\">\n<div class=\"ez-toc-title-container\">\n<p class=\"ez-toc-title\" style=\"cursor:inherit\"><\/p>\n<span class=\"ez-toc-title-toggle\"><a href=\"#\" class=\"ez-toc-pull-right ez-toc-btn ez-toc-btn-xs ez-toc-btn-default ez-toc-toggle\" aria-label=\"Toggle Table of Content\"><span class=\"ez-toc-js-icon-con\"><span class=\"\"><span class=\"eztoc-hide\" style=\"display:none;\">Toggle<\/span><span class=\"ez-toc-icon-toggle-span\"><svg style=\"fill: #000000;color:#000000\" xmlns=\"http:\/\/www.w3.org\/2000\/svg\" class=\"list-377408\" width=\"20px\" height=\"20px\" viewBox=\"0 0 24 24\" fill=\"none\"><path d=\"M6 6H4v2h2V6zm14 0H8v2h12V6zM4 11h2v2H4v-2zm16 0H8v2h12v-2zM4 16h2v2H4v-2zm16 0H8v2h12v-2z\" fill=\"currentColor\"><\/path><\/svg><svg style=\"fill: #000000;color:#000000\" class=\"arrow-unsorted-368013\" xmlns=\"http:\/\/www.w3.org\/2000\/svg\" width=\"10px\" height=\"10px\" viewBox=\"0 0 24 24\" version=\"1.2\" baseProfile=\"tiny\"><path d=\"M18.2 9.3l-6.2-6.3-6.2 6.3c-.2.2-.3.4-.3.7s.1.5.3.7c.2.2.4.3.7.3h11c.3 0 .5-.1.7-.3.2-.2.3-.5.3-.7s-.1-.5-.3-.7zM5.8 14.7l6.2 6.3 6.2-6.3c.2-.2.3-.5.3-.7s-.1-.5-.3-.7c-.2-.2-.4-.3-.7-.3h-11c-.3 0-.5.1-.7.3-.2.2-.3.5-.3.7s.1.5.3.7z\"\/><\/svg><\/span><\/span><\/span><\/a><\/span><\/div>\n<nav><ul class='ez-toc-list ez-toc-list-level-1 eztoc-toggle-hide-by-default' ><li class='ez-toc-page-1 ez-toc-heading-level-2'><a class=\"ez-toc-link ez-toc-heading-1\" href=\"https:\/\/bitcoincasino.to\/sv\/recensioner\/fairspin\/#rik_erfarenhet_pa_fairspin_kryptocasino\" >Rik erfarenhet p\u00e5 Fairspin kryptocasino<\/a><\/li><li class='ez-toc-page-1 ez-toc-heading-level-2'><a class=\"ez-toc-link ez-toc-heading-2\" href=\"https:\/\/bitcoincasino.to\/sv\/recensioner\/fairspin\/#fordelar_och_nackdelar\" >F\u00f6rdelar och nackdelar<\/a><\/li><li class='ez-toc-page-1 ez-toc-heading-level-2'><a class=\"ez-toc-link ez-toc-heading-3\" href=\"https:\/\/bitcoincasino.to\/sv\/recensioner\/fairspin\/#fairspin_bonus_och_kampanjer\" >Fairspin bonus och kampanjer<\/a><\/li><li class='ez-toc-page-1 ez-toc-heading-level-2'><a class=\"ez-toc-link ez-toc-heading-4\" href=\"https:\/\/bitcoincasino.to\/sv\/recensioner\/fairspin\/#betalningsalternativ_for_kryptovalutor\" >Betalningsalternativ f\u00f6r kryptovalutor<\/a><\/li><li class='ez-toc-page-1 ez-toc-heading-level-2'><a class=\"ez-toc-link ez-toc-heading-5\" href=\"https:\/\/bitcoincasino.to\/sv\/recensioner\/fairspin\/#programvaruleverantorer_pa_fairspin_casino\" >Programvaruleverant\u00f6rer p\u00e5 Fairspin casino<\/a><\/li><li class='ez-toc-page-1 ez-toc-heading-level-2'><a class=\"ez-toc-link ez-toc-heading-6\" href=\"https:\/\/bitcoincasino.to\/sv\/recensioner\/fairspin\/#mobil_och_app\" >Mobil och app<\/a><\/li><li class='ez-toc-page-1 ez-toc-heading-level-2'><a class=\"ez-toc-link ez-toc-heading-7\" href=\"https:\/\/bitcoincasino.to\/sv\/recensioner\/fairspin\/#kundtjanst\" >Kundtj\u00e4nst<\/a><\/li><li class='ez-toc-page-1 ez-toc-heading-level-2'><a class=\"ez-toc-link ez-toc-heading-8\" href=\"https:\/\/bitcoincasino.to\/sv\/recensioner\/fairspin\/#rekommendation_och_dom\" >Rekommendation och dom<\/a><\/li><li class='ez-toc-page-1 ez-toc-heading-level-2'><a class=\"ez-toc-link ez-toc-heading-9\" href=\"https:\/\/bitcoincasino.to\/sv\/recensioner\/fairspin\/#vanliga_fragor\" >VANLIGA FR\u00c5GOR<\/a><\/li><\/ul><\/nav><\/div>\n","protected":false},"excerpt":{"rendered":"<p>Fairspin Casino lanserades 2018 och har haft hyfsad framg\u00e5ng sedan dess. Vi tar en titt p\u00e5 detta etablerade kryptocasino f\u00f6r att se hur det st\u00e5r sig i j\u00e4mf\u00f6relse med andra moderna spelsajter. V\u00e5rt team unders\u00f6kte allt fr\u00e5n urvalet av spel och leverant\u00f6rer till bonuserbjudanden och kryptobetalningsmetoder. Kolla in v\u00e5r recension nedan f\u00f6r att se om &#8230; <a title=\"Fairspin Casino recension och test (2026)\" class=\"read-more\" href=\"https:\/\/bitcoincasino.to\/sv\/recensioner\/fairspin\/\" aria-label=\"L\u00e4s mer om Fairspin Casino recension och test (2026)\">L\u00e4s mer<\/a><\/p>\n","protected":false},"author":24,"featured_media":0,"parent":5961,"menu_order":0,"comment_status":"open","ping_status":"closed","template":"","meta":{"footnotes":""},"class_list":["post-5596","page","type-page","status-publish"],"_links":{"self":[{"href":"https:\/\/bitcoincasino.to\/sv\/wp-json\/wp\/v2\/pages\/5596","targetHints":{"allow":["GET"]}}],"collection":[{"href":"https:\/\/bitcoincasino.to\/sv\/wp-json\/wp\/v2\/pages"}],"about":[{"href":"https:\/\/bitcoincasino.to\/sv\/wp-json\/wp\/v2\/types\/page"}],"author":[{"embeddable":true,"href":"https:\/\/bitcoincasino.to\/sv\/wp-json\/wp\/v2\/users\/24"}],"replies":[{"embeddable":true,"href":"https:\/\/bitcoincasino.to\/sv\/wp-json\/wp\/v2\/comments?post=5596"}],"version-history":[{"count":5,"href":"https:\/\/bitcoincasino.to\/sv\/wp-json\/wp\/v2\/pages\/5596\/revisions"}],"predecessor-version":[{"id":6522,"href":"https:\/\/bitcoincasino.to\/sv\/wp-json\/wp\/v2\/pages\/5596\/revisions\/6522"}],"up":[{"embeddable":true,"href":"https:\/\/bitcoincasino.to\/sv\/wp-json\/wp\/v2\/pages\/5961"}],"wp:attachment":[{"href":"https:\/\/bitcoincasino.to\/sv\/wp-json\/wp\/v2\/media?parent=5596"}],"curies":[{"name":"wp","href":"https:\/\/api.w.org\/{rel}","templated":true}]}}