{"id":5598,"date":"2023-01-27T15:28:52","date_gmt":"2023-01-27T15:28:52","guid":{"rendered":"https:\/\/bitcoincasino.to\/bc-game-casino-recension-test-2023\/"},"modified":"2025-01-08T08:41:36","modified_gmt":"2025-01-08T08:41:36","slug":"bc-game","status":"publish","type":"page","link":"https:\/\/bitcoincasino.to\/sv\/recensioner\/bc-game\/","title":{"rendered":"BC.Game Casino Recension &amp; Test (2026)"},"content":{"rendered":"\n<p>BC.Game casino har funnits ett tag nu, och vi \u00e5terbes\u00f6ker det f\u00f6r att se om det fortfarande \u00e4r v\u00e4rt v\u00e5r tid och mynt. M\u00e5nga av dessa &#8221;\u00e4ldre&#8221; kryptokasinon verkar bara ha blivit b\u00e4ttre med tiden och nylanserat sina webbplatser med en f\u00f6rb\u00e4ttrad anv\u00e4ndarupplevelse.<\/p>\n\n\n\n<p>V\u00e5rt f\u00f6rsta intryck \u00e4r att BC.Game definitivt har g\u00e5tt i r\u00e4tt riktning, och hittills har vi blivit positivt \u00f6verraskade av det stora antalet funktioner, spel och kryptobonusar som erbjuds. Denna casinorecension kommer att t\u00e4cka allt du beh\u00f6ver veta innan du g\u00e5r till webbplatsen.<\/p>\n\n\n\n<table id=\"tablepress-11\" class=\"tablepress tablepress-id-11 tablepress-responsive tablepress-responsive-stack-headers tablepress-responsive-stack-phone\">\n<thead>\n<tr class=\"row-1\">\n\t<td class=\"column-1\"><\/td><th class=\"column-2\">Casino<\/th><th class=\"column-3\">Betyg<\/th><th class=\"column-4\">Spela nu<\/th>\n<\/tr>\n<\/thead>\n<tbody class=\"row-striping\">\n<tr class=\"row-2\">\n\t<td class=\"column-1\"><\/td><td class=\"column-2\"><a href=\"\/go\/bc-game\" target=\"_blank\" rel=\"nofollow noopener\"><img decoding=\"async\" data-src=\"\/wp-content\/uploads\/bc-game.png\" width=\"130\" height=\"65\" alt=\"BC.Game\" src=\"data:image\/svg+xml;base64,PHN2ZyB3aWR0aD0iMSIgaGVpZ2h0PSIxIiB4bWxucz0iaHR0cDovL3d3dy53My5vcmcvMjAwMC9zdmciPjwvc3ZnPg==\" class=\"lazyload\" style=\"--smush-placeholder-width: 130px; --smush-placeholder-aspect-ratio: 130\/65;\"><\/a><\/td><td class=\"column-3\"><i class=\"fa fa-star\"><\/i><i class=\"fa fa-star\"><\/i><i class=\"fa fa-star\"><\/i><i class=\"fa fa-star\"><\/i><i class=\"fa fa-star\"><\/i><br \/>\n<strong>BC.Game<\/strong><\/td><td class=\"column-4\"><a href=\"\/go\/bc-game\" class=\"PlayNow\" rel=\"nofollow noopener\" target=\"_blank\">Spela nu!<\/a><\/td>\n<\/tr>\n<\/tbody>\n<\/table>\n<!-- #tablepress-11 from cache -->\n\n\n\n<hr class=\"wp-block-separator has-text-color has-css-opacity has-background is-style-wide\" style=\"background-color:#f1ab39;color:#f1ab39\"\/>\n\n\n\n<h3 class=\"wp-block-heading\">Om BC.Game<\/h3>\n\n\n\n<figure class=\"wp-block-table\"><table class=\"has-fixed-layout\"><thead><tr><th class=\"has-text-align-center\" data-align=\"center\">Start<\/th><th class=\"has-text-align-center\" data-align=\"center\">Licens<\/th><th class=\"has-text-align-center\" data-align=\"center\">Leverant\u00f6rer<\/th><th class=\"has-text-align-center\" data-align=\"center\">Spel<\/th><\/tr><\/thead><tbody><tr><td class=\"has-text-align-center\" data-align=\"center\">2017<\/td><td class=\"has-text-align-center\" data-align=\"center\">Curacao Interaktiv licensiering<\/td><td class=\"has-text-align-center\" data-align=\"center\">60+<\/td><td class=\"has-text-align-center\" data-align=\"center\">8000+<\/td><\/tr><\/tbody><\/table><\/figure>\n\n\n\n<hr class=\"wp-block-separator has-text-color has-css-opacity has-background is-style-wide\" style=\"background-color:#f1ab39;color:#f1ab39\"\/>\n\n\n\n<h2 class=\"wp-block-heading\"><span class=\"ez-toc-section\" id=\"bcgame_%e2%80%93_det_ultimata_kryptocasinot\"><\/span>BC.Game &#8211; Det ultimata kryptocasinot?<span class=\"ez-toc-section-end\"><\/span><\/h2>\n\n\n<div class=\"wp-block-image\">\n<figure class=\"alignright size-full\"><img decoding=\"async\" width=\"130\" height=\"65\" data-src=\"https:\/\/bitcoincasino.to\/wp-content\/uploads\/bc-game.png\" alt=\"BC.Game\" class=\"wp-image-5383 lazyload\" src=\"data:image\/svg+xml;base64,PHN2ZyB3aWR0aD0iMSIgaGVpZ2h0PSIxIiB4bWxucz0iaHR0cDovL3d3dy53My5vcmcvMjAwMC9zdmciPjwvc3ZnPg==\" style=\"--smush-placeholder-width: 130px; --smush-placeholder-aspect-ratio: 130\/65;\" \/><\/figure>\n<\/div>\n\n\n<p>Det finns n\u00e5gra f\u00e5 kryptospelsajter som verkligen sticker ut fr\u00e5n m\u00e4ngden. Vanligtvis har de funnits l\u00e4ngre och har gott om tid att f\u00f6rb\u00e4ttra sin webbplats och den \u00f6vergripande anv\u00e4ndarupplevelsen. Ett s\u00e5dant casino \u00e4r BC.Game, och anledningarna till varf\u00f6r kommer att bli uppenbara i v\u00e5r recension.<\/p>\n\n\n\n<p>N\u00e4r man kommer in p\u00e5 webbplatsen \u00e4r det genast mycket som h\u00e4nder. Vissa spelare kan tycka att detta \u00e4r \u00f6verv\u00e4ldigande, men tack och lov har BC Game byggt en ordentlig meny som g\u00f6r allt l\u00e4ttare att navigera. Temat \u00e4r inte n\u00e5got speciellt men snyggt och enkelt f\u00f6r \u00f6gonen (men du kan v\u00e4xla mellan ljusa och m\u00f6rka l\u00e4gen).<\/p>\n\n\n\n<p>Dessutom har skrivbordsversionen av casinot en aktiv chatt till h\u00f6ger, d\u00e4r spelare \u00f6ppet kan dela sina erfarenheter och vinster. Det h\u00e4r \u00e4r en rolig funktion som vi inte ser s\u00e5 ofta, men som ger bra extra underh\u00e5llning.<\/p>\n\n\n\n<p>V\u00e5rt team har haft en fantastisk tid med BC.Game, och vi kommer att dyka ner i detaljerna nedan. L\u00e4r dig om det \u00e4r det ultimata kryptocasinot, eller om det finns n\u00e5gra brister som h\u00e5ller det tillbaka.<\/p>\n\n\n\n<figure class=\"wp-block-image alignwide size-large\"><img decoding=\"async\" width=\"1024\" height=\"650\" data-src=\"https:\/\/bitcoincasino.to\/wp-content\/uploads\/bc-game-review-1024x650.webp\" alt=\"BC.Game Casino\" class=\"wp-image-3483 lazyload\" data-srcset=\"https:\/\/bitcoincasino.to\/wp-content\/uploads\/bc-game-review-1024x650.webp 1024w, https:\/\/bitcoincasino.to\/wp-content\/uploads\/bc-game-review-300x191.webp 300w, https:\/\/bitcoincasino.to\/wp-content\/uploads\/bc-game-review-768x488.webp 768w, https:\/\/bitcoincasino.to\/wp-content\/uploads\/bc-game-review-1536x975.webp 1536w, https:\/\/bitcoincasino.to\/wp-content\/uploads\/bc-game-review-2048x1301.webp 2048w\" data-sizes=\"(max-width: 1024px) 100vw, 1024px\" src=\"data:image\/svg+xml;base64,PHN2ZyB3aWR0aD0iMSIgaGVpZ2h0PSIxIiB4bWxucz0iaHR0cDovL3d3dy53My5vcmcvMjAwMC9zdmciPjwvc3ZnPg==\" style=\"--smush-placeholder-width: 1024px; --smush-placeholder-aspect-ratio: 1024\/650;\" \/><figcaption class=\"wp-element-caption\">BC.Game Casino<\/figcaption><\/figure>\n\n\n\n<hr class=\"wp-block-separator has-text-color has-css-opacity has-background is-style-wide\" style=\"background-color:#f1ab39;color:#f1ab39\"\/>\n\n\n\n<h2 class=\"wp-block-heading\"><span class=\"ez-toc-section\" id=\"fordelar_och_nackdelar\"><\/span>F\u00f6rdelar och nackdelar<span class=\"ez-toc-section-end\"><\/span><\/h2>\n\n\n\n<figure class=\"wp-block-table\"><table class=\"has-fixed-layout\"><thead><tr><th>Proffs<\/th><th>Cons<\/th><\/tr><\/thead><tbody><tr><td>M\u00e5nga alternativ f\u00f6r kryptobetalningar<\/td><td>Potentiell uttagsavgift med krypto<\/td><\/tr><tr><td>M\u00f6jlighet att k\u00f6pa krypto fr\u00e5n webbplatsen<\/td><td>Absurt h\u00f6ga oms\u00e4ttningskrav<\/td><\/tr><tr><td>8000+ spel fr\u00e5n 60+ leverant\u00f6rer<\/td><td>Komplicerat bonussystem<\/td><\/tr><tr><td>Omfattande sektion f\u00f6r sportspel<\/td><td><\/td><\/tr><tr><td>Upps\u00e4ttning av originalspel<\/td><td><\/td><\/tr><tr><td>Inga bonusrestriktioner och tidsbegr\u00e4nsningar<\/td><td><\/td><\/tr><\/tbody><\/table><\/figure>\n\n\n\n<hr class=\"wp-block-separator has-text-color has-css-opacity has-background is-style-wide\" style=\"background-color:#f1ab39;color:#f1ab39\"\/>\n\n\n\n<h2 class=\"wp-block-heading\"><span class=\"ez-toc-section\" id=\"bcgame_bonus_och_kampanjer\"><\/span>BC.Game bonus och kampanjer<span class=\"ez-toc-section-end\"><\/span><\/h2>\n\n\n\n<p>Detta kryptocasino har ett ganska intressant s\u00e4tt att n\u00e4rma sig sina kampanjerbjudanden. Till att b\u00f6rja med har BC.Game sin egen kryptovaluta som heter BC Dollar, eller BCD. Den fungerar som en stablecoin (USDT), eftersom 1 BCD \u00e4r v\u00e4rd 1 US-dollar.<\/p>\n\n\n\n<p>N\u00e4r du f\u00f6rst registrerar dig hos BC.Game kan du h\u00e4mta bonusar p\u00e5 dina fyra f\u00f6rsta ins\u00e4ttningar. Dessa bonuserbjudanden best\u00e5r alla av BCD, som du kan anv\u00e4nda n\u00e4r du spelar. F\u00f6rdelen med detta \u00e4r att du kan f\u00e5 mycket mer \u00e4n vad du skulle g\u00f6ra om det var fiat, BTC eller andra altcoins. S\u00e5 h\u00e4r ser de fyra ins\u00e4ttningarna ut:<\/p>\n\n\n\n<ol class=\"wp-block-list\">\n<li>180% upp till 20 000 BCD<\/li>\n\n\n\n<li>250% upp till 40 000 BCD<\/li>\n\n\n\n<li>300% upp till 60 000 BCD<\/li>\n\n\n\n<li>360% upp till 100 000 BCD<\/li>\n<\/ol>\n\n\n\n<p>H\u00e4r \u00e4r aff\u00e4ren: det finns m\u00e5nga bra saker att s\u00e4ga om BC.Game casino. De har verkligen g\u00e5tt all-in n\u00e4r det g\u00e4ller att skapa den ultimata kryptospelupplevelsen. Bonusavsnittet \u00e4r typ d\u00e4r de missar m\u00e5let. Det \u00e4r inte s\u00e5 att det \u00e4r d\u00e5ligt, men det \u00e4r on\u00f6digt komplicerat och kommer med riktigt h\u00f6ga oms\u00e4ttningskrav som ett resultat.<\/p>\n\n\n\n<p>Uppl\u00e5sningsbeloppet \u00e4r satsningsbeloppet x 1% x 20%. Exempel: Om du satsar 500 $ l\u00e5ser du upp 500 x 1% x 20%, vilket ger dig 1 BCD. Detta \u00e4r bara f\u00f6rvirrande och inneb\u00e4r att det finns ett 500% oms\u00e4ttningskrav. \u00c4ven om detta belopp uppenbarligen \u00e4r absurt, har BC.Game n\u00e5gra funktioner p\u00e5 plats f\u00f6r att lindra satsningen lite. S\u00e5 h\u00e4r g\u00f6r du:<\/p>\n\n\n\n<ul class=\"wp-block-list\">\n<li>Inga begr\u00e4nsningar f\u00f6r utbetalningar &#8211; Din f\u00f6rsta ins\u00e4ttning kan tas ut n\u00e4r som helst, den \u00e4r inte l\u00e5st tillsammans med dina bonusfonder.<\/li>\n\n\n\n<li>Inga tidsgr\u00e4nser &#8211; Det finns ingen tidsgr\u00e4ns f\u00f6r n\u00e4r du m\u00e5ste ha omsatt din bonus, vilket inneb\u00e4r att du kan ta god tid p\u00e5 dig att f\u00e5 det gjort (vilket du kommer att beh\u00f6va).<\/li>\n\n\n\n<li>\u00d6ver 6000 spel som r\u00e4knas mot oms\u00e4ttningskravet &#8211; 6000+ av deras 8000+ spel r\u00e4knas mot oms\u00e4ttningskravet, vilket ger dig mer frihet att spela vad du vill.<\/li>\n<\/ul>\n\n\n\n<p>Observera att dessa villkor g\u00f6r att det h\u00f6ga oms\u00e4ttningskravet blir mer begripligt. Eftersom det \u00e4r BCD, och inte BTC till exempel, har det inte samma effekt eller fungerar p\u00e5 samma s\u00e4tt.<\/p>\n\n\n\n<p align=\"center\"><a href=\"\/go\/bc-game\" class=\"PlayNow\" rel=\"nofollow noopener\" target=\"_blank\">H\u00e4mta en BC.game-bonus nu<\/a><\/p>\n\n\n\n<hr class=\"wp-block-separator has-text-color has-css-opacity has-background is-style-wide\" style=\"background-color:#f1ab39;color:#f1ab39\"\/>\n\n\n\n<h2 class=\"wp-block-heading\"><span class=\"ez-toc-section\" id=\"betalningsalternativ_for_kryptovalutor\"><\/span>Betalningsalternativ f\u00f6r kryptovalutor<span class=\"ez-toc-section-end\"><\/span><\/h2>\n\n\n\n<p>BC.Game har ett brett urval av kryptobetalningsmetoder att v\u00e4lja mellan, vilket alla kryptospelare kommer att uppskatta. Anv\u00e4nd n\u00e5gon av dina popul\u00e4ra altcoins f\u00f6r att g\u00f6ra en ins\u00e4ttning och f\u00e5 BCD-bonusfonder, eller helt enkelt s\u00e4tta in BTC om det \u00e4r din sylt. Det finns ocks\u00e5 m\u00f6jlighet att s\u00e4tta in fiatvaluta, men tillg\u00e4ngligheten varierar beroende p\u00e5 var du befinner dig. Se tabellen nedan f\u00f6r de mest popul\u00e4ra kryptobetalningarna som finns tillg\u00e4ngliga p\u00e5 webbplatsen:<\/p>\n\n\n\n<figure class=\"wp-block-table is-style-stripes\"><table class=\"has-fixed-layout\"><tbody><tr><td>Bitcoin<\/td><td>Ethereum<\/td><td>Dogecoin<\/td><\/tr><tr><td>Rippel<\/td><td>Cardano<\/td><td>Polkadot<\/td><\/tr><tr><td>Tron<\/td><td>Binance Mynt<\/td><td>Lavin<\/td><\/tr><tr><td>Solana<\/td><td>Polygon<\/td><td>Arbitrum<\/td><\/tr><tr><td>Optimism<\/td><td>Cronos<\/td><td>Fantomen<\/td><\/tr><tr><td>Torskedja<\/td><td>Kosmos<\/td><td>N\u00e4ra<\/td><\/tr><tr><td>F\u00f6rankring<\/td><td><\/td><td><\/td><\/tr><\/tbody><\/table><\/figure>\n\n\n\n<hr class=\"wp-block-separator has-text-color has-css-opacity has-background is-style-wide\" style=\"background-color:#f1ab39;color:#f1ab39\"\/>\n\n\n\n<h2 class=\"wp-block-heading\"><span class=\"ez-toc-section\" id=\"programleverantorer_pa_bcgame\"><\/span>Programleverant\u00f6rer p\u00e5 BC.Game<span class=\"ez-toc-section-end\"><\/span><\/h2>\n\n\n\n<p>Vi \u00e4r verkligen glada \u00f6ver antalet spel och programvaruleverant\u00f6rer som finns tillg\u00e4ngliga p\u00e5 BC.Game. Det finns bara s\u00e5 mycket att uppleva, och i kombination med alla bonusfunktioner och VIP-klubben blir det ett komplett underh\u00e5llningspaket.<\/p>\n\n\n\n<p>F\u00f6rutom de m\u00e5nga spelautomaterna hittar du livecasinospel, bordsspel, feature buy-ins och till och med BC Originals, som \u00e4r webbplatsens egen upps\u00e4ttning spel. Det finns m\u00e5nga s\u00e5dana, och \u00e4ven om de flesta inte \u00e4r s\u00e4rskilt intressanta, erbjuder vissa av dem faktiskt en fantastisk och rolig tid.<\/p>\n\n\n\n<p>Ut\u00f6ver de klassiska spelautomaterna och spelen har du en hel <a href=\"https:\/\/bitcoincasino.to\/sv\/bitcoin-betting\/\" data-type=\"page\" data-id=\"1328\">kryptobettingsektion<\/a> om du gillar det. V\u00e4lj mellan m\u00e5nga olika sporter, s\u00e5v\u00e4l som e-sport, och anv\u00e4nd deras intuitiva plattform f\u00f6r att placera spel. Detta \u00e4r en fullst\u00e4ndig Bitcoin-sportbok, inklusive liveevenemang, Premier League, bonusar och en hel massa andra funktioner som borde gl\u00e4dja de flesta sportspelare.<\/p>\n\n\n\n<hr class=\"wp-block-separator has-text-color has-css-opacity has-background is-style-wide\" style=\"background-color:#f1ab39;color:#f1ab39\"\/>\n\n\n\n<h2 class=\"wp-block-heading\"><span class=\"ez-toc-section\" id=\"kundtjanst\"><\/span>Kundtj\u00e4nst<span class=\"ez-toc-section-end\"><\/span><\/h2>\n\n\n\n<p>Detta \u00e4r ett kryptocasino som har allt st\u00f6d du beh\u00f6ver, vilket alltid \u00e4r trevligt att se. Du kan helt enkelt l\u00e4mna ett meddelande med feedback om du har n\u00e5gon, och f\u00e5 bel\u00f6ning f\u00f6r det ocks\u00e5. Men du kanske vill st\u00e4lla en fr\u00e5ga eller f\u00e5 hj\u00e4lp med transaktioner eller n\u00e5got annat problem. De har naturligtvis koll p\u00e5 dig d\u00e4r ocks\u00e5.<\/p>\n\n\n\n<p>Kontakta live-supporten med bara ett klick och f\u00e5 svar inom tv\u00e5 timmar f\u00f6r det mesta. Den finns ocks\u00e5 p\u00e5 flera spr\u00e5k, om det \u00e4r n\u00e5got du f\u00f6redrar. Det finns ocks\u00e5 ett alternativ att skicka e-post till dem, vilket du kan g\u00f6ra p\u00e5 support@bc.game, men detta \u00e4r i allm\u00e4nhet f\u00f6r feedbackf\u00f6rfr\u00e5gningar. Slutligen kan du bes\u00f6ka deras helpdesk f\u00f6r att hitta en omfattande FAQ-sektion f\u00f6r att svara p\u00e5 alla vanliga fr\u00e5gor du kan t\u00e4nka dig.<\/p>\n\n\n\n<hr class=\"wp-block-separator has-text-color has-css-opacity has-background is-style-wide\" style=\"background-color:#f1ab39;color:#f1ab39\"\/>\n\n\n\n<h2 class=\"wp-block-heading\"><span class=\"ez-toc-section\" id=\"rekommendation_och_dom\"><\/span>Rekommendation och dom<span class=\"ez-toc-section-end\"><\/span><\/h2>\n\n\n\n<p>Vi kan med gl\u00e4dje rekommendera BC.Game till alla kryptocasinoentusiaster som letar efter en ny (inte helt ny, utan snarare omarbetad) spelsajt som g\u00e5r all-in p\u00e5 kryptobetalningar, kryptospel och kryptobonusar. Naturligtvis, som tidigare n\u00e4mnts, \u00e4r de f\u00f6rsta ins\u00e4ttningsbonusarna och deras oms\u00e4ttningskrav lite komplicerade, men det finns definitivt v\u00e4rde att h\u00e4mta. Det \u00e4r bara en bra id\u00e9 att kontrollera villkoren f\u00f6r att se om de passar din spelstil.<\/p>\n\n\n\n<p>Slutligen har BC.Game m\u00e5nga funktioner och villkor som du inte hittar n\u00e4stan n\u00e5gon annanstans, vilket i sig \u00e4r v\u00e4rt ett bes\u00f6k. Precis som med krypto i allm\u00e4nhet str\u00e4var de efter f\u00e4rre restriktioner och mer frihet f\u00f6r spelarna.<\/p>\n\n\n\n<hr class=\"wp-block-separator has-text-color has-css-opacity has-background is-style-wide\" style=\"background-color:#f1ab39;color:#f1ab39\"\/>\n\n\n\n<h2 class=\"wp-block-heading\"><span class=\"ez-toc-section\" id=\"sa_har_registrerar_du_dig_och_spelar_pa_bcgame\"><\/span>S\u00e5 h\u00e4r registrerar du dig och spelar p\u00e5 BC.Game<span class=\"ez-toc-section-end\"><\/span><\/h2>\n\n\n\n<p>Du kan skapa ett konto p\u00e5 BC.Game i n\u00e5gra snabba steg:<\/p>\n\n\n\n<ol class=\"wp-block-list\">\n<li><a href=\"\/go\/bc-game\" target=\"_blank\" rel=\"noreferrer noopener nofollow\">Klicka dig fram till BC.Game<\/a><\/li>\n\n\n\n<li>V\u00e4lj om du vill registrera dig med din e-postadress eller ditt telefonnummer.<\/li>\n\n\n\n<li>V\u00e4lj ett l\u00f6senord och ange eventuell kampanjkod.<\/li>\n\n\n\n<li>Klicka p\u00e5 Registrera dig och du \u00e4r klar! Det \u00e4r verkligen s\u00e5 enkelt, och n\u00e5got vi vill att alla kryptocasinon ska efterlikna.<\/li>\n<\/ol>\n\n\n\n<hr class=\"wp-block-separator has-text-color has-css-opacity has-background is-style-wide\" style=\"background-color:#f1ab39;color:#f1ab39\"\/>\n\n\n\n<h2 class=\"wp-block-heading\"><span class=\"ez-toc-section\" id=\"vanliga_fragor\"><\/span>VANLIGA FR\u00c5GOR<span class=\"ez-toc-section-end\"><\/span><\/h2>\n\n\n<div id=\"rank-math-faq\" class=\"rank-math-block\">\n<div class=\"rank-math-list \">\n<div id=\"faq-question-1674832700284\" class=\"rank-math-list-item\">\n<h3 class=\"rank-math-question \">\u00c4r BC.Game ett s\u00e4kert kryptokasino?<\/h3>\n<div class=\"rank-math-answer \">\n\n<p>Ja, vi har verifierat att BC.Game \u00e4r s\u00e4kert och tryggt att anv\u00e4nda. Det \u00e4r f\u00f6r n\u00e4rvarande licensierat och reglerat av CIL och \u00e4r en f\u00f6respr\u00e5kare f\u00f6r r\u00e4ttvisa i spel.<\/p>\n\n<\/div>\n<\/div>\n<div id=\"faq-question-1674832704100\" class=\"rank-math-list-item\">\n<h3 class=\"rank-math-question \">Erbjuder de snabb och anonym registrering?<\/h3>\n<div class=\"rank-math-answer \">\n\n<p>Korrekt. Du kan v\u00e4lja att inte ange ditt telefonnummer vid registreringen och ist\u00e4llet endast anv\u00e4nda din e-postadress. Ut\u00f6ver det beh\u00f6ver du bara ange ett l\u00f6senord. Det \u00e4r en snabb och smidig process.<\/p>\n\n<\/div>\n<\/div>\n<div id=\"faq-question-1674832704568\" class=\"rank-math-list-item\">\n<h3 class=\"rank-math-question \">Hur m\u00e5nga spel har de p\u00e5 BC.Game Casino?<\/h3>\n<div class=\"rank-math-answer \">\n\n<p>F\u00f6r n\u00e4rvarande har BC.Game casino \u00f6ver 8000 spel tillg\u00e4ngliga, fr\u00e5n 60+ mjukvaruleverant\u00f6rer. 6000+ av dessa spel kommer ocks\u00e5 att r\u00e4knas mot ditt oms\u00e4ttningskrav. Dessutom kan du kolla in deras sportavdelning f\u00f6r kryptobetting ocks\u00e5.<\/p>\n\n<\/div>\n<\/div>\n<\/div>\n<\/div>\n\n\n<hr class=\"wp-block-separator has-text-color has-css-opacity has-background is-style-wide\" style=\"background-color:#f1ab39;color:#f1ab39\"\/>\n\n\n\n<h3 class=\"wp-block-heading\">F\u00f6rfattare<\/h3>\n\n\n<div id=\"ez-toc-container\" class=\"ez-toc-v2_0_82_2 ez-toc-wrap-right counter-hierarchy ez-toc-counter ez-toc-custom ez-toc-container-direction\">\n<div class=\"ez-toc-title-container\">\n<p class=\"ez-toc-title\" style=\"cursor:inherit\"><\/p>\n<span class=\"ez-toc-title-toggle\"><a href=\"#\" class=\"ez-toc-pull-right ez-toc-btn ez-toc-btn-xs ez-toc-btn-default ez-toc-toggle\" aria-label=\"Toggle Table of Content\"><span class=\"ez-toc-js-icon-con\"><span class=\"\"><span class=\"eztoc-hide\" style=\"display:none;\">Toggle<\/span><span class=\"ez-toc-icon-toggle-span\"><svg style=\"fill: #000000;color:#000000\" xmlns=\"http:\/\/www.w3.org\/2000\/svg\" class=\"list-377408\" width=\"20px\" height=\"20px\" viewBox=\"0 0 24 24\" fill=\"none\"><path d=\"M6 6H4v2h2V6zm14 0H8v2h12V6zM4 11h2v2H4v-2zm16 0H8v2h12v-2zM4 16h2v2H4v-2zm16 0H8v2h12v-2z\" fill=\"currentColor\"><\/path><\/svg><svg style=\"fill: #000000;color:#000000\" class=\"arrow-unsorted-368013\" xmlns=\"http:\/\/www.w3.org\/2000\/svg\" width=\"10px\" height=\"10px\" viewBox=\"0 0 24 24\" version=\"1.2\" baseProfile=\"tiny\"><path d=\"M18.2 9.3l-6.2-6.3-6.2 6.3c-.2.2-.3.4-.3.7s.1.5.3.7c.2.2.4.3.7.3h11c.3 0 .5-.1.7-.3.2-.2.3-.5.3-.7s-.1-.5-.3-.7zM5.8 14.7l6.2 6.3 6.2-6.3c.2-.2.3-.5.3-.7s-.1-.5-.3-.7c-.2-.2-.4-.3-.7-.3h-11c-.3 0-.5.1-.7.3-.2.2-.3.5-.3.7s.1.5.3.7z\"\/><\/svg><\/span><\/span><\/span><\/a><\/span><\/div>\n<nav><ul class='ez-toc-list ez-toc-list-level-1 eztoc-toggle-hide-by-default' ><li class='ez-toc-page-1 ez-toc-heading-level-2'><a class=\"ez-toc-link ez-toc-heading-1\" href=\"https:\/\/bitcoincasino.to\/sv\/recensioner\/bc-game\/#bcgame_%e2%80%93_det_ultimata_kryptocasinot\" >BC.Game &#8211; Det ultimata kryptocasinot?<\/a><\/li><li class='ez-toc-page-1 ez-toc-heading-level-2'><a class=\"ez-toc-link ez-toc-heading-2\" href=\"https:\/\/bitcoincasino.to\/sv\/recensioner\/bc-game\/#fordelar_och_nackdelar\" >F\u00f6rdelar och nackdelar<\/a><\/li><li class='ez-toc-page-1 ez-toc-heading-level-2'><a class=\"ez-toc-link ez-toc-heading-3\" href=\"https:\/\/bitcoincasino.to\/sv\/recensioner\/bc-game\/#bcgame_bonus_och_kampanjer\" >BC.Game bonus och kampanjer<\/a><\/li><li class='ez-toc-page-1 ez-toc-heading-level-2'><a class=\"ez-toc-link ez-toc-heading-4\" href=\"https:\/\/bitcoincasino.to\/sv\/recensioner\/bc-game\/#betalningsalternativ_for_kryptovalutor\" >Betalningsalternativ f\u00f6r kryptovalutor<\/a><\/li><li class='ez-toc-page-1 ez-toc-heading-level-2'><a class=\"ez-toc-link ez-toc-heading-5\" href=\"https:\/\/bitcoincasino.to\/sv\/recensioner\/bc-game\/#programleverantorer_pa_bcgame\" >Programleverant\u00f6rer p\u00e5 BC.Game<\/a><\/li><li class='ez-toc-page-1 ez-toc-heading-level-2'><a class=\"ez-toc-link ez-toc-heading-6\" href=\"https:\/\/bitcoincasino.to\/sv\/recensioner\/bc-game\/#kundtjanst\" >Kundtj\u00e4nst<\/a><\/li><li class='ez-toc-page-1 ez-toc-heading-level-2'><a class=\"ez-toc-link ez-toc-heading-7\" href=\"https:\/\/bitcoincasino.to\/sv\/recensioner\/bc-game\/#rekommendation_och_dom\" >Rekommendation och dom<\/a><\/li><li class='ez-toc-page-1 ez-toc-heading-level-2'><a class=\"ez-toc-link ez-toc-heading-8\" href=\"https:\/\/bitcoincasino.to\/sv\/recensioner\/bc-game\/#sa_har_registrerar_du_dig_och_spelar_pa_bcgame\" >S\u00e5 h\u00e4r registrerar du dig och spelar p\u00e5 BC.Game<\/a><\/li><li class='ez-toc-page-1 ez-toc-heading-level-2'><a class=\"ez-toc-link ez-toc-heading-9\" href=\"https:\/\/bitcoincasino.to\/sv\/recensioner\/bc-game\/#vanliga_fragor\" >VANLIGA FR\u00c5GOR<\/a><\/li><\/ul><\/nav><\/div>\n","protected":false},"excerpt":{"rendered":"<p>BC.Game casino har funnits ett tag nu, och vi \u00e5terbes\u00f6ker det f\u00f6r att se om det fortfarande \u00e4r v\u00e4rt v\u00e5r tid och mynt. M\u00e5nga av dessa &#8221;\u00e4ldre&#8221; kryptokasinon verkar bara ha blivit b\u00e4ttre med tiden och nylanserat sina webbplatser med en f\u00f6rb\u00e4ttrad anv\u00e4ndarupplevelse. V\u00e5rt f\u00f6rsta intryck \u00e4r att BC.Game definitivt har g\u00e5tt i r\u00e4tt riktning, &#8230; <a title=\"BC.Game Casino Recension &amp; Test (2026)\" class=\"read-more\" href=\"https:\/\/bitcoincasino.to\/sv\/recensioner\/bc-game\/\" aria-label=\"L\u00e4s mer om BC.Game Casino Recension &amp; Test (2026)\">L\u00e4s mer<\/a><\/p>\n","protected":false},"author":24,"featured_media":0,"parent":5961,"menu_order":0,"comment_status":"open","ping_status":"closed","template":"","meta":{"footnotes":""},"class_list":["post-5598","page","type-page","status-publish"],"_links":{"self":[{"href":"https:\/\/bitcoincasino.to\/sv\/wp-json\/wp\/v2\/pages\/5598","targetHints":{"allow":["GET"]}}],"collection":[{"href":"https:\/\/bitcoincasino.to\/sv\/wp-json\/wp\/v2\/pages"}],"about":[{"href":"https:\/\/bitcoincasino.to\/sv\/wp-json\/wp\/v2\/types\/page"}],"author":[{"embeddable":true,"href":"https:\/\/bitcoincasino.to\/sv\/wp-json\/wp\/v2\/users\/24"}],"replies":[{"embeddable":true,"href":"https:\/\/bitcoincasino.to\/sv\/wp-json\/wp\/v2\/comments?post=5598"}],"version-history":[{"count":8,"href":"https:\/\/bitcoincasino.to\/sv\/wp-json\/wp\/v2\/pages\/5598\/revisions"}],"predecessor-version":[{"id":6520,"href":"https:\/\/bitcoincasino.to\/sv\/wp-json\/wp\/v2\/pages\/5598\/revisions\/6520"}],"up":[{"embeddable":true,"href":"https:\/\/bitcoincasino.to\/sv\/wp-json\/wp\/v2\/pages\/5961"}],"wp:attachment":[{"href":"https:\/\/bitcoincasino.to\/sv\/wp-json\/wp\/v2\/media?parent=5598"}],"curies":[{"name":"wp","href":"https:\/\/api.w.org\/{rel}","templated":true}]}}