{"id":5600,"date":"2023-02-23T15:26:58","date_gmt":"2023-02-23T15:26:58","guid":{"rendered":"https:\/\/bitcoincasino.to\/fortunejack-casino-recension-test-2023\/"},"modified":"2025-01-08T08:42:57","modified_gmt":"2025-01-08T08:42:57","slug":"fortunejack","status":"publish","type":"page","link":"https:\/\/bitcoincasino.to\/sv\/recensioner\/fortunejack\/","title":{"rendered":"FortuneJack Casino Recension &amp; Test (2026)"},"content":{"rendered":"\n<p>Idag ska vi ta en titt p\u00e5 ett \u00e4ldre kryptocasino. FortuneJack grundades 2014, s\u00e5 det har funnits i ett decennium nu. Det finns mycket som h\u00e4nder med denna casinosida och vi kommer att t\u00e4cka s\u00e5 mycket som m\u00f6jligt i den h\u00e4r recensionen.<\/p>\n\n\n\n<p>F\u00f6lj med oss n\u00e4r vi tittar p\u00e5 alla funktioner som finns tillg\u00e4ngliga p\u00e5 FortuneJack, inklusive deras spelutbud, v\u00e4lkomstbonus, krypto betalningsalternativ och allt annat du kanske vill veta innan du registrerar dig.<\/p>\n\n\n\n<table id=\"tablepress-11\" class=\"tablepress tablepress-id-11 tablepress-responsive tablepress-responsive-stack-headers tablepress-responsive-stack-phone\">\n<thead>\n<tr class=\"row-1\">\n\t<td class=\"column-1\"><\/td><th class=\"column-2\">Casino<\/th><th class=\"column-3\">Betyg<\/th><th class=\"column-4\">Spela nu<\/th>\n<\/tr>\n<\/thead>\n<tbody class=\"row-striping\">\n<tr class=\"row-2\">\n\t<td class=\"column-1\"><\/td><td class=\"column-2\"><a href=\"\/go\/fortunejack\" target=\"_blank\" rel=\"nofollow noopener\"><img decoding=\"async\" data-src=\"\/wp-content\/uploads\/fortunejack.png\" width=\"130\" height=\"65\" alt=\"FortuneJack\" src=\"data:image\/svg+xml;base64,PHN2ZyB3aWR0aD0iMSIgaGVpZ2h0PSIxIiB4bWxucz0iaHR0cDovL3d3dy53My5vcmcvMjAwMC9zdmciPjwvc3ZnPg==\" class=\"lazyload\" style=\"--smush-placeholder-width: 130px; --smush-placeholder-aspect-ratio: 130\/65;\"><\/a><\/td><td class=\"column-3\"><i class=\"fa fa-star\"><\/i><i class=\"fa fa-star\"><\/i><i class=\"fa fa-star\"><\/i><i class=\"fa fa-star\"><\/i><i class=\"fa fa-star\"><\/i><br \/>\n<strong>FortuneJack<\/strong><\/td><td class=\"column-4\"><a href=\"\/go\/fortunejack\" class=\"PlayNow\" rel=\"nofollow noopener\" target=\"_blank\">Spela nu!<\/a><\/td>\n<\/tr>\n<\/tbody>\n<\/table>\n<!-- #tablepress-11 from cache -->\n\n\n\n<hr class=\"wp-block-separator has-text-color has-css-opacity has-background is-style-wide\" style=\"background-color:#f1ab39;color:#f1ab39\"\/>\n\n\n\n<h3 class=\"wp-block-heading\">Om FortuneJack<\/h3>\n\n\n\n<figure class=\"wp-block-table\"><table class=\"has-fixed-layout\"><thead><tr><th class=\"has-text-align-center\" data-align=\"center\">Start<\/th><th class=\"has-text-align-center\" data-align=\"center\">Licens<\/th><th class=\"has-text-align-center\" data-align=\"center\">Leverant\u00f6rer<\/th><th class=\"has-text-align-center\" data-align=\"center\">Spel<\/th><\/tr><\/thead><tbody><tr><td class=\"has-text-align-center\" data-align=\"center\">2014<\/td><td class=\"has-text-align-center\" data-align=\"center\">Antillephone N.V.<\/td><td class=\"has-text-align-center\" data-align=\"center\">26+<\/td><td class=\"has-text-align-center\" data-align=\"center\">3050+<\/td><\/tr><\/tbody><\/table><\/figure>\n\n\n\n<hr class=\"wp-block-separator has-text-color has-css-opacity has-background is-style-wide\" style=\"background-color:#f1ab39;color:#f1ab39\"\/>\n\n\n\n<h2 class=\"wp-block-heading\"><span class=\"ez-toc-section\" id=\"fortunejack_ar_den_gamla_trotjanaren\"><\/span>FortuneJack \u00e4r den gamla trotj\u00e4naren<span class=\"ez-toc-section-end\"><\/span><\/h2>\n\n\n<div class=\"wp-block-image\">\n<figure class=\"alignright size-full\"><img decoding=\"async\" data-src=\"https:\/\/bitcoincasino.to\/wp-content\/uploads\/fortunejack.png\" alt=\"FortuneJack\" class=\"wp-image-1958 lazyload\" src=\"data:image\/svg+xml;base64,PHN2ZyB3aWR0aD0iMSIgaGVpZ2h0PSIxIiB4bWxucz0iaHR0cDovL3d3dy53My5vcmcvMjAwMC9zdmciPjwvc3ZnPg==\" style=\"--smush-placeholder-width: 130px; --smush-placeholder-aspect-ratio: 130\/65;\" \/><\/figure>\n<\/div>\n\n\n<p>\u00c4ven om FortuneJack \u00e4r ett av de \u00e4ldre klassiska Bitcoin-casinona, lyckas de h\u00e5lla j\u00e4mna steg med de senaste lanseringarna. Med ett decennium av erfarenhet har de haft gott om tid att l\u00e4ra sig av misstag, l\u00e5na id\u00e9er fr\u00e5n konkurrenter och iterera p\u00e5 sina m\u00e5nga funktioner.<\/p>\n\n\n\n<p>FortuneJack \u00e4r ett ganska bra s\u00e4tt att prova kryptospel f\u00f6r f\u00f6rsta g\u00e5ngen. Vi kan rekommendera det till b\u00e5de nyb\u00f6rjare och veteraner, eftersom det finns mycket att g\u00f6ra, en gener\u00f6s v\u00e4lkomstbonus att h\u00e4mta och tillr\u00e4ckligt med spel f\u00f6r att h\u00e5lla dig underh\u00e5llen ett tag. Allt detta samtidigt som allt \u00e4r enkelt och str\u00f6mlinjeformat.<\/p>\n\n\n\n<p>Webbplatsen har en balans mellan funktionsrikedom och minimalism. Du har ocks\u00e5 tillr\u00e4ckligt med kryptoalternativ att v\u00e4lja mellan, och nya kryptoentusiaster kan till och med k\u00f6pa Bitcoin och altcoins direkt fr\u00e5n FortuneJack med Visa, Mastercard eller Apple Pay &#8211; men mer om det senare. L\u00e5t oss dyka in i <a href=\"https:\/\/bitcoincasino.to\/sv\/recensioner\/\" data-type=\"page\" data-id=\"3092\">casinorecensionen<\/a>.<\/p>\n\n\n\n<figure class=\"wp-block-image size-full is-resized\"><img decoding=\"async\" width=\"1008\" height=\"680\" data-src=\"https:\/\/bitcoincasino.to\/wp-content\/uploads\/fortunejack-review.webp\" alt=\"FortuneJacks webbplats utseende\" class=\"wp-image-3698 lazyload\" style=\"--smush-placeholder-width: 1008px; --smush-placeholder-aspect-ratio: 1008\/680;width:1100px;height:undefinedpx\" data-srcset=\"https:\/\/bitcoincasino.to\/wp-content\/uploads\/fortunejack-review.webp 1008w, https:\/\/bitcoincasino.to\/wp-content\/uploads\/fortunejack-review-300x202.webp 300w, https:\/\/bitcoincasino.to\/wp-content\/uploads\/fortunejack-review-768x518.webp 768w\" data-sizes=\"(max-width: 1008px) 100vw, 1008px\" src=\"data:image\/svg+xml;base64,PHN2ZyB3aWR0aD0iMSIgaGVpZ2h0PSIxIiB4bWxucz0iaHR0cDovL3d3dy53My5vcmcvMjAwMC9zdmciPjwvc3ZnPg==\" \/><figcaption class=\"wp-element-caption\">Sk\u00e4rmdump av FortuneJack med det aktuella v\u00e4lkomstbonuserbjudandet och andra funktioner.<\/figcaption><\/figure>\n\n\n\n<hr class=\"wp-block-separator has-text-color has-css-opacity has-background is-style-wide\" style=\"background-color:#f1ab39;color:#f1ab39\"\/>\n\n\n\n<h2 class=\"wp-block-heading\"><span class=\"ez-toc-section\" id=\"fordelar_och_nackdelar\"><\/span>F\u00f6rdelar och nackdelar<span class=\"ez-toc-section-end\"><\/span><\/h2>\n\n\n\n<figure class=\"wp-block-table\"><table class=\"has-fixed-layout\"><thead><tr><th>Proffs<\/th><th>Cons<\/th><\/tr><\/thead><tbody><tr><td>Enkel design med enkel navigering p\u00e5 webbplatsen<\/td><td>Lojalitetspo\u00e4ng f\u00f6rfaller efter 1 m\u00e5nad<\/td><\/tr><tr><td>Stora bonuskampanjer<\/td><td>Bristande navigering i kategorin spel<\/td><\/tr><tr><td>V\u00e4lkomstbonus med l\u00e5gt oms\u00e4ttningskrav<\/td><td>Verifiering av telefonnummer<\/td><\/tr><tr><td>Flera ledande programvaruleverant\u00f6rer<\/td><td><\/td><\/tr><tr><td>Accepterar mer \u00e4n bara de vanliga mynten<\/td><td><\/td><\/tr><\/tbody><\/table><\/figure>\n\n\n\n<hr class=\"wp-block-separator has-text-color has-css-opacity has-background is-style-wide\" style=\"background-color:#f1ab39;color:#f1ab39\"\/>\n\n\n\n<h2 class=\"wp-block-heading\"><span class=\"ez-toc-section\" id=\"fortunejack_bonus_och_kampanjer\"><\/span>FortuneJack bonus och kampanjer<span class=\"ez-toc-section-end\"><\/span><\/h2>\n\n\n\n<p>V\u00e4lkomstbonusdelen \u00e4r en av m\u00e5nga funktioner som FortuneJack g\u00f6r r\u00e4tt. Vi gillar en bra bonus, och det \u00e4r vad de har levererat. V\u00e4lkomstbonusen \u00e4r s\u00e4rskilt bra och str\u00e4cker sig \u00f6ver fyra ins\u00e4ttningar med gener\u00f6sa oms\u00e4ttningskrav och en imponerande m\u00e4ngd potentiella extrafonder.<\/p>\n\n\n\n<p>Om du vill mer \u00e4n f\u00f6rdubbla din Bitcoin-ins\u00e4ttning kommer du f\u00f6rmodligen att h\u00e5lla med om att FortuneJack \u00e4r ett bra st\u00e4lle att g\u00f6ra det p\u00e5. Innan vi g\u00e5r igenom bonusvillkoren ska vi ta en titt p\u00e5 de fyra f\u00f6rsta ins\u00e4ttningsbonusarna.<\/p>\n\n\n\n<h3 class=\"wp-block-heading\">V\u00e4lkomstbonus (fyra ins\u00e4ttningar)<\/h3>\n\n\n\n<p><strong>Ny bonusm\u00f6jlighet: 130% + 300 gratissnurr. Kampanjkod: Fortune130.<\/strong><\/p>\n\n\n\n<p>F\u00f6r att f\u00e5 tillg\u00e5ng till den f\u00f6rsta ins\u00e4ttningsbonusen m\u00e5ste du s\u00e4tta in minst 1 mBTC. Naturligtvis kan du s\u00e4tta in s\u00e5 mycket som upp till 1.5 BTC om du vill f\u00e5 ut mer av det. F\u00f6r att ocks\u00e5 f\u00e5 de 250 gratissnurren m\u00e5ste din f\u00f6rsta ins\u00e4ttning vara mer \u00e4n 5 mBTC.<\/p>\n\n\n\n<ul class=\"wp-block-list\">\n<li>1: a ins\u00e4ttningen: 110% upp till 1.5 BTC + 250 gratissnurr<\/li>\n\n\n\n<li>2: a ins\u00e4ttningen: 100% upp till 1.5 BTC + 100 gratissnurr<\/li>\n\n\n\n<li>3:e ins\u00e4ttning: 100% upp till 1,5 BTC<\/li>\n\n\n\n<li>4:e ins\u00e4ttning: 100% upp till 1,5 BTC<\/li>\n<\/ul>\n\n\n\n<p>Observera att f\u00f6r den andra, tredje och fj\u00e4rde ins\u00e4ttningen m\u00e5ste din f\u00f6rsta ins\u00e4ttning vara minst 2 mBTC, och \u00e5terigen 5 mBTC f\u00f6r eventuella gratissnurr.<\/p>\n\n\n\n<p>Dessutom kan du v\u00e4lja att f\u00e5 en 20% cashback-bonus ist\u00e4llet f\u00f6r n\u00e5gon av dessa fyra matchningsbonusar (+ FS). Cashbacken p\u00e5 20% \u00e4r giltig 24 timmar efter aktivering och kr\u00e4ver ocks\u00e5 en minsta ins\u00e4ttning p\u00e5 2 mBTC.<\/p>\n\n\n\n<p>Slutligen bonusvillkoren. Oms\u00e4ttningskraven f\u00f6r alla dessa ins\u00e4ttningsbonusar \u00e4r endast 30x (trettio g\u00e5nger), vilket anses vara l\u00e5gt enligt dagens standarder (en positiv sak). Det \u00e4r ocks\u00e5 v\u00e4rt att notera att alla gratissnurr m\u00e5ste anv\u00e4ndas samma dag som de f\u00f6rv\u00e4rvades, f\u00f6re midnatt.<\/p>\n\n\n\n<hr class=\"wp-block-separator has-text-color has-css-opacity has-background is-style-wide\" style=\"background-color:#f1ab39;color:#f1ab39\"\/>\n\n\n\n<h2 class=\"wp-block-heading\"><span class=\"ez-toc-section\" id=\"betalningsalternativ_for_kryptovalutor\"><\/span>Betalningsalternativ f\u00f6r kryptovalutor<span class=\"ez-toc-section-end\"><\/span><\/h2>\n\n\n\n<p>Detta \u00e4r fr\u00e4mst ett kryptovalutacasino, vilket inneb\u00e4r att du kommer att anv\u00e4nda antingen Bitcoin eller n\u00e5gra popul\u00e4ra altcoins f\u00f6r att g\u00f6ra dina ins\u00e4ttningar och uttag. Lyckligtvis har du en hel del alternativ, \u00e4ven om det kanske inte \u00e4r lika m\u00e5nga som n\u00e5gra av FortuneJacks st\u00f6rre konkurrenter.<\/p>\n\n\n\n<p>\u00c4nd\u00e5 \u00e4r det tillr\u00e4ckligt f\u00f6r att tillfredsst\u00e4lla de flesta kryptoentusiaster, och vi \u00e4r n\u00f6jda med det tillg\u00e4ngliga urvalet. Om du letar efter m\u00f6jligheten att k\u00f6pa kryptovaluta direkt fr\u00e5n webbplatsen har du ocks\u00e5 tur. Det \u00e4r fullt m\u00f6jligt att k\u00f6pa Bitcoin och altcoins med antingen Visa\/Mastercard eller Apple Pay. Processen \u00e4r snabb och enkel och g\u00f6r att du kan b\u00f6rja spela direkt.<\/p>\n\n\n\n<h3 class=\"wp-block-heading\">Ins\u00e4ttnings- och uttagsmetoder<\/h3>\n\n\n\n<figure class=\"wp-block-table is-style-stripes\"><table class=\"has-fixed-layout\"><tbody><tr><td><a href=\"https:\/\/bitcoincasino.to\/sv\/\" data-type=\"page\" data-id=\"1310\">Bitcoin<\/a><\/td><td>Litecoin<\/td><td>Dogecoin<\/td><\/tr><tr><td><a href=\"https:\/\/bitcoincasino.to\/sv\/ethereum\/\" data-type=\"page\" data-id=\"1395\">Ethereum<\/a><\/td><td>Dash<\/td><td>Tron<\/td><\/tr><tr><td>Zcash<\/td><td>Tether<\/td><td>USD Coin<\/td><\/tr><tr><td>Binance Coin<\/td><td>Binance USD<\/td><td><\/td><\/tr><\/tbody><\/table><\/figure>\n\n\n\n<hr class=\"wp-block-separator has-text-color has-css-opacity has-background is-style-wide\" style=\"background-color:#f1ab39;color:#f1ab39\"\/>\n\n\n\n<h2 class=\"wp-block-heading\"><span class=\"ez-toc-section\" id=\"programleverantorer_pa_fortunejack\"><\/span>Programleverant\u00f6rer p\u00e5 FortuneJack<span class=\"ez-toc-section-end\"><\/span><\/h2>\n\n\n\n<p>Det finns m\u00e5nga spel tillg\u00e4ngliga h\u00e4r. \u00d6ver 3000 spelautomater att njuta av, faktiskt. Detta \u00e4r naturligtvis mycket mindre \u00e4n n\u00e5gra av de andra <a href=\"https:\/\/bitcoincasino.to\/sv\/\" data-type=\"page\" data-id=\"1310\">BTC-casinon<\/a> som vi har granskat h\u00e4r p\u00e5 BitcoinCasino.to. Men det handlar fortfarande om tusentals spel som sp\u00e4nner \u00f6ver flera kategorier.<\/p>\n\n\n\n<p>\u00c4ven om det bara finns under 30 programvaruleverant\u00f6rer i skrivande stund, och vissa av dem \u00e4r begr\u00e4nsade till vissa l\u00e4nder och regioner, kommer du inte att f\u00e5 slut p\u00e5 nya spel att spela. Med toppleverant\u00f6rer som NetEnt, Play'n GO, Quickspin, Microgaming och Yggdrasil kan du vara s\u00e4ker p\u00e5 att hitta kvalitetsspel att njuta av.<\/p>\n\n\n\n<p>Det var lite sv\u00e5rt att navigera i spelkategorierna, om vi ska vara \u00e4rliga. Att hitta bordsspel och andra typer av spel var inte s\u00e5 l\u00e4tt som det borde ha varit, och kr\u00e4vde att vi anv\u00e4nde s\u00f6kfunktionen, vilket inte \u00e4r perfekt.<\/p>\n\n\n\n<h3 class=\"wp-block-heading\">Spelautomater och bevisligen r\u00e4ttvisa spel<\/h3>\n\n\n\n<p>Med \u00f6ver 3000 slots tillg\u00e4ngliga och en separat avdelning f\u00f6r bevisligen r\u00e4ttvisa spel, fann vi att FortuneJack levererar en stabil spelupplevelse. Spelen, ut\u00f6ver livecasinot och sportboken, ger ett komplett paket med kul. F\u00f6rhoppningsvis kommer de att l\u00e4gga till fler spel (och original) i den bevisligen r\u00e4ttvisa kategorin, eftersom den inte riktigt var f\u00e4rdigutvecklad \u00e4nnu.<\/p>\n\n\n\n<hr class=\"wp-block-separator has-text-color has-css-opacity has-background is-style-wide\" style=\"background-color:#f1ab39;color:#f1ab39\"\/>\n\n\n\n<h2 class=\"wp-block-heading\"><span class=\"ez-toc-section\" id=\"mobil_och_app\"><\/span>Mobil och app<span class=\"ez-toc-section-end\"><\/span><\/h2>\n\n\n\n<p>FortuneJack k\u00e4nns riktigt bra att anv\u00e4nda p\u00e5 mobila enheter. Layouten \u00e4r perfekt utformad f\u00f6r att fungera med de flesta mobila webbl\u00e4sare, d\u00e4r allt \u00e4r inom r\u00e4ckh\u00e5ll och tydligt klickbart. Vissa kanske vill ladda ner en app, men f\u00e4rre kryptocasinon har en appversion nuf\u00f6rtiden.<\/p>\n\n\n\n<p>Anledningen \u00e4r att i stort sett alla kryptocasinon redan \u00e4r byggda f\u00f6r mobil, vilket i huvudsak g\u00f6r dem till mobila kryptocasinon, fr\u00e5n grunden. Vi rekommenderar att du helt enkelt loggar in p\u00e5 ditt casinokonto fr\u00e5n vilken modern mobil enhet som helst, t.ex. en telefon eller surfplatta, och njuter av den snygga designen p\u00e5 FortuneJack casino.<\/p>\n\n\n\n<hr class=\"wp-block-separator has-text-color has-css-opacity has-background is-style-wide\" style=\"background-color:#f1ab39;color:#f1ab39\"\/>\n\n\n\n<h2 class=\"wp-block-heading\"><span class=\"ez-toc-section\" id=\"kundtjanst\"><\/span>Kundtj\u00e4nst<span class=\"ez-toc-section-end\"><\/span><\/h2>\n\n\n\n<p>N\u00e4r det g\u00e4ller supportalternativ erbjuder FortuneJack flera s\u00e4tt att kontakta dem. Det finns inget telefonnummer att ringa, vilket kan anses vara en nackdel f\u00f6r vissa, men n\u00e4r du har b\u00e5de livechatt och e-post som alternativ \u00e4r det inte det v\u00e4rsta.<\/p>\n\n\n\n<p>Klicka p\u00e5 livechattknappen i det nedre h\u00f6gra h\u00f6rnet f\u00f6r att f\u00e5 kontakt med en medarbetare inom n\u00e5gra minuter, eller skicka ett e-postmeddelande med fr\u00e5gor eller problem till support@fortunejack.com. Naturligtvis kan du bara bes\u00f6ka deras FAQ-sida om du letar efter svar p\u00e5 mer vanliga fr\u00e5gor, relaterade till bonusar, skapande av konto \/ verifiering etc.<\/p>\n\n\n\n<hr class=\"wp-block-separator has-text-color has-css-opacity has-background is-style-wide\" style=\"background-color:#f1ab39;color:#f1ab39\"\/>\n\n\n\n<h2 class=\"wp-block-heading\"><span class=\"ez-toc-section\" id=\"rekommendation_och_dom\"><\/span>Rekommendation och dom<span class=\"ez-toc-section-end\"><\/span><\/h2>\n\n\n\n<p>FortuneJack \u00e4r en klassiker, den gamla trotj\u00e4naren. Den har funnits l\u00e4nge och har bara f\u00f6r\u00e4ndrats till det b\u00e4ttre. Du kan lita p\u00e5 att casinot ger dig en gener\u00f6s v\u00e4lkomstbonus, ett anst\u00e4ndigt stort urval av spel (slots, bevisligen r\u00e4ttvisa spel och till och med en sportsbook) och flera andra funktioner.<\/p>\n\n\n\n<p>Hitta ett s\u00e4tt att s\u00e4tta in kryptovaluta som fungerar f\u00f6r dig, oavsett om du har n\u00e5got av de accepterade mynten eller best\u00e4mmer dig f\u00f6r att k\u00f6pa n\u00e5gra direkt innan du b\u00f6rjar spela. Vi tycker att FortuneJack casino \u00e4r v\u00e4rt v\u00e5r tid och v\u00e5ra pengar, och f\u00f6rhoppningsvis \u00e4ven dina.<\/p>\n\n\n\n<hr class=\"wp-block-separator has-text-color has-css-opacity has-background is-style-wide\" style=\"background-color:#f1ab39;color:#f1ab39\"\/>\n\n\n\n<h2 class=\"wp-block-heading\"><span class=\"ez-toc-section\" id=\"vanliga_fragor\"><\/span>VANLIGA FR\u00c5GOR<span class=\"ez-toc-section-end\"><\/span><\/h2>\n\n\n<div id=\"rank-math-faq\" class=\"rank-math-block\">\n<div class=\"rank-math-list \">\n<div id=\"faq-question-1677165355740\" class=\"rank-math-list-item\">\n<h3 class=\"rank-math-question \">\u00c4r FortuneJack ett legitimt kryptocasino?<\/h3>\n<div class=\"rank-math-answer \">\n\n<p>Ja, det \u00e4r ett etablerat och v\u00e4lrenommerat Bitcoin-casino som har funnits i ett decennium nu, och \u00e4r v\u00e4l omtyckt av spelare \u00f6ver hela v\u00e4rlden, inklusive v\u00e5rt team.<\/p>\n\n<\/div>\n<\/div>\n<div id=\"faq-question-1677165359403\" class=\"rank-math-list-item\">\n<h3 class=\"rank-math-question \">Kan jag k\u00f6pa kryptovaluta fr\u00e5n FortuneJack?<\/h3>\n<div class=\"rank-math-answer \">\n\n<p>Du kan anv\u00e4nda kreditkort som Visa och Mastercard, eller mobila betalningar som Apple Pay, f\u00f6r att k\u00f6pa kryptovaluta direkt fr\u00e5n FortuneJacks webbplats, efter att ha skapat ett konto.<\/p>\n\n<\/div>\n<\/div>\n<div id=\"faq-question-1677165360005\" class=\"rank-math-list-item\">\n<h3 class=\"rank-math-question \">Var innehar FortuneJack casino n\u00e5gon licens?<\/h3>\n<div class=\"rank-math-answer \">\n\n<p>FortuneJack (som \u00e4gs av Nexus Group Enterprises) har en spellicens fr\u00e5n Curacao, via Antillephone N.V.<\/p>\n\n<\/div>\n<\/div>\n<\/div>\n<\/div>\n\n\n<hr class=\"wp-block-separator has-text-color has-css-opacity has-background is-style-wide\" style=\"background-color:#f1ab39;color:#f1ab39\"\/>\n\n\n\n<h3 class=\"wp-block-heading\">F\u00f6rfattare<\/h3>\n\n\n<div id=\"ez-toc-container\" class=\"ez-toc-v2_0_82_2 ez-toc-wrap-right counter-hierarchy ez-toc-counter ez-toc-custom ez-toc-container-direction\">\n<div class=\"ez-toc-title-container\">\n<p class=\"ez-toc-title\" style=\"cursor:inherit\"><\/p>\n<span class=\"ez-toc-title-toggle\"><a href=\"#\" class=\"ez-toc-pull-right ez-toc-btn ez-toc-btn-xs ez-toc-btn-default ez-toc-toggle\" aria-label=\"Toggle Table of Content\"><span class=\"ez-toc-js-icon-con\"><span class=\"\"><span class=\"eztoc-hide\" style=\"display:none;\">Toggle<\/span><span class=\"ez-toc-icon-toggle-span\"><svg style=\"fill: #000000;color:#000000\" xmlns=\"http:\/\/www.w3.org\/2000\/svg\" class=\"list-377408\" width=\"20px\" height=\"20px\" viewBox=\"0 0 24 24\" fill=\"none\"><path d=\"M6 6H4v2h2V6zm14 0H8v2h12V6zM4 11h2v2H4v-2zm16 0H8v2h12v-2zM4 16h2v2H4v-2zm16 0H8v2h12v-2z\" fill=\"currentColor\"><\/path><\/svg><svg style=\"fill: #000000;color:#000000\" class=\"arrow-unsorted-368013\" xmlns=\"http:\/\/www.w3.org\/2000\/svg\" width=\"10px\" height=\"10px\" viewBox=\"0 0 24 24\" version=\"1.2\" baseProfile=\"tiny\"><path d=\"M18.2 9.3l-6.2-6.3-6.2 6.3c-.2.2-.3.4-.3.7s.1.5.3.7c.2.2.4.3.7.3h11c.3 0 .5-.1.7-.3.2-.2.3-.5.3-.7s-.1-.5-.3-.7zM5.8 14.7l6.2 6.3 6.2-6.3c.2-.2.3-.5.3-.7s-.1-.5-.3-.7c-.2-.2-.4-.3-.7-.3h-11c-.3 0-.5.1-.7.3-.2.2-.3.5-.3.7s.1.5.3.7z\"\/><\/svg><\/span><\/span><\/span><\/a><\/span><\/div>\n<nav><ul class='ez-toc-list ez-toc-list-level-1 eztoc-toggle-hide-by-default' ><li class='ez-toc-page-1 ez-toc-heading-level-2'><a class=\"ez-toc-link ez-toc-heading-1\" href=\"https:\/\/bitcoincasino.to\/sv\/recensioner\/fortunejack\/#fortunejack_ar_den_gamla_trotjanaren\" >FortuneJack \u00e4r den gamla trotj\u00e4naren<\/a><\/li><li class='ez-toc-page-1 ez-toc-heading-level-2'><a class=\"ez-toc-link ez-toc-heading-2\" href=\"https:\/\/bitcoincasino.to\/sv\/recensioner\/fortunejack\/#fordelar_och_nackdelar\" >F\u00f6rdelar och nackdelar<\/a><\/li><li class='ez-toc-page-1 ez-toc-heading-level-2'><a class=\"ez-toc-link ez-toc-heading-3\" href=\"https:\/\/bitcoincasino.to\/sv\/recensioner\/fortunejack\/#fortunejack_bonus_och_kampanjer\" >FortuneJack bonus och kampanjer<\/a><\/li><li class='ez-toc-page-1 ez-toc-heading-level-2'><a class=\"ez-toc-link ez-toc-heading-4\" href=\"https:\/\/bitcoincasino.to\/sv\/recensioner\/fortunejack\/#betalningsalternativ_for_kryptovalutor\" >Betalningsalternativ f\u00f6r kryptovalutor<\/a><\/li><li class='ez-toc-page-1 ez-toc-heading-level-2'><a class=\"ez-toc-link ez-toc-heading-5\" href=\"https:\/\/bitcoincasino.to\/sv\/recensioner\/fortunejack\/#programleverantorer_pa_fortunejack\" >Programleverant\u00f6rer p\u00e5 FortuneJack<\/a><\/li><li class='ez-toc-page-1 ez-toc-heading-level-2'><a class=\"ez-toc-link ez-toc-heading-6\" href=\"https:\/\/bitcoincasino.to\/sv\/recensioner\/fortunejack\/#mobil_och_app\" >Mobil och app<\/a><\/li><li class='ez-toc-page-1 ez-toc-heading-level-2'><a class=\"ez-toc-link ez-toc-heading-7\" href=\"https:\/\/bitcoincasino.to\/sv\/recensioner\/fortunejack\/#kundtjanst\" >Kundtj\u00e4nst<\/a><\/li><li class='ez-toc-page-1 ez-toc-heading-level-2'><a class=\"ez-toc-link ez-toc-heading-8\" href=\"https:\/\/bitcoincasino.to\/sv\/recensioner\/fortunejack\/#rekommendation_och_dom\" >Rekommendation och dom<\/a><\/li><li class='ez-toc-page-1 ez-toc-heading-level-2'><a class=\"ez-toc-link ez-toc-heading-9\" href=\"https:\/\/bitcoincasino.to\/sv\/recensioner\/fortunejack\/#vanliga_fragor\" >VANLIGA FR\u00c5GOR<\/a><\/li><\/ul><\/nav><\/div>\n","protected":false},"excerpt":{"rendered":"<p>Idag ska vi ta en titt p\u00e5 ett \u00e4ldre kryptocasino. FortuneJack grundades 2014, s\u00e5 det har funnits i ett decennium nu. Det finns mycket som h\u00e4nder med denna casinosida och vi kommer att t\u00e4cka s\u00e5 mycket som m\u00f6jligt i den h\u00e4r recensionen. F\u00f6lj med oss n\u00e4r vi tittar p\u00e5 alla funktioner som finns tillg\u00e4ngliga p\u00e5 &#8230; <a title=\"FortuneJack Casino Recension &amp; Test (2026)\" class=\"read-more\" href=\"https:\/\/bitcoincasino.to\/sv\/recensioner\/fortunejack\/\" aria-label=\"L\u00e4s mer om FortuneJack Casino Recension &amp; Test (2026)\">L\u00e4s mer<\/a><\/p>\n","protected":false},"author":24,"featured_media":0,"parent":5961,"menu_order":0,"comment_status":"open","ping_status":"closed","template":"","meta":{"footnotes":""},"class_list":["post-5600","page","type-page","status-publish"],"_links":{"self":[{"href":"https:\/\/bitcoincasino.to\/sv\/wp-json\/wp\/v2\/pages\/5600","targetHints":{"allow":["GET"]}}],"collection":[{"href":"https:\/\/bitcoincasino.to\/sv\/wp-json\/wp\/v2\/pages"}],"about":[{"href":"https:\/\/bitcoincasino.to\/sv\/wp-json\/wp\/v2\/types\/page"}],"author":[{"embeddable":true,"href":"https:\/\/bitcoincasino.to\/sv\/wp-json\/wp\/v2\/users\/24"}],"replies":[{"embeddable":true,"href":"https:\/\/bitcoincasino.to\/sv\/wp-json\/wp\/v2\/comments?post=5600"}],"version-history":[{"count":7,"href":"https:\/\/bitcoincasino.to\/sv\/wp-json\/wp\/v2\/pages\/5600\/revisions"}],"predecessor-version":[{"id":6523,"href":"https:\/\/bitcoincasino.to\/sv\/wp-json\/wp\/v2\/pages\/5600\/revisions\/6523"}],"up":[{"embeddable":true,"href":"https:\/\/bitcoincasino.to\/sv\/wp-json\/wp\/v2\/pages\/5961"}],"wp:attachment":[{"href":"https:\/\/bitcoincasino.to\/sv\/wp-json\/wp\/v2\/media?parent=5600"}],"curies":[{"name":"wp","href":"https:\/\/api.w.org\/{rel}","templated":true}]}}