{"id":5601,"date":"2023-02-01T09:41:42","date_gmt":"2023-02-01T09:41:42","guid":{"rendered":"https:\/\/bitcoincasino.to\/stake-com-casino-recension-test-2023\/"},"modified":"2025-01-08T08:43:02","modified_gmt":"2025-01-08T08:43:02","slug":"stake","status":"publish","type":"page","link":"https:\/\/bitcoincasino.to\/sv\/recensioner\/stake\/","title":{"rendered":"Stake Casino Recension &amp; Test 2026 (Stake.com)"},"content":{"rendered":"\n<p>Under \u00e5rens lopp har Stake.com blivit ett av de mest popul\u00e4ra kryptocasinona p\u00e5 marknaden. De \u00e4r riktigt bra p\u00e5 marknadsf\u00f6ring, och de har flera streamers som lockar en yngre publik. Stake g\u00f6r vad de flesta andra kryptocasinosidor g\u00f6r, men lite mer, vilket verkar fungera f\u00f6r dem.<\/p>\n\n\n\n<p>V\u00e5rt team har spelat p\u00e5 Stake casino till och fr\u00e5n under ett par veckor nu f\u00f6r att testa hur det g\u00e5r och j\u00e4mf\u00f6ra det med andra popul\u00e4ra Bitcoin-casinon. Denna recension kommer att t\u00e4cka allt du beh\u00f6ver veta, och om de \u00e4r v\u00e4rda din dyrbara tid just nu eller inte.<\/p>\n\n\n\n<table id=\"tablepress-11\" class=\"tablepress tablepress-id-11 tablepress-responsive tablepress-responsive-stack-headers tablepress-responsive-stack-phone\">\n<thead>\n<tr class=\"row-1\">\n\t<td class=\"column-1\"><\/td><th class=\"column-2\">Casino<\/th><th class=\"column-3\">Betyg<\/th><th class=\"column-4\">Spela nu<\/th>\n<\/tr>\n<\/thead>\n<tbody class=\"row-striping\">\n<tr class=\"row-2\">\n\t<td class=\"column-1\"><\/td><td class=\"column-2\"><a href=\"\/go\/stake\" target=\"_blank\" rel=\"nofollow noopener\"><img decoding=\"async\" data-src=\"\/wp-content\/uploads\/stake.png\" width=\"130\" height=\"65\" alt=\"Stake\" src=\"data:image\/svg+xml;base64,PHN2ZyB3aWR0aD0iMSIgaGVpZ2h0PSIxIiB4bWxucz0iaHR0cDovL3d3dy53My5vcmcvMjAwMC9zdmciPjwvc3ZnPg==\" class=\"lazyload\" style=\"--smush-placeholder-width: 130px; --smush-placeholder-aspect-ratio: 130\/65;\"><\/a><\/td><td class=\"column-3\"><i class=\"fa fa-star\"><\/i><i class=\"fa fa-star\"><\/i><i class=\"fa fa-star\"><\/i><i class=\"fa fa-star\"><\/i><i class=\"fa fa-star\"><\/i><br \/>\n<strong>Stake<\/strong><\/td><td class=\"column-4\"><a href=\"\/go\/stake\" class=\"PlayNow\" rel=\"nofollow noopener\" target=\"_blank\">Spela nu!<\/a><\/td>\n<\/tr>\n<\/tbody>\n<\/table>\n<!-- #tablepress-11 from cache -->\n\n\n\n<hr class=\"wp-block-separator has-text-color has-css-opacity has-background is-style-wide\" style=\"background-color:#f1ab39;color:#f1ab39\"\/>\n\n\n\n<h3 class=\"wp-block-heading\">Om Stake.com<\/h3>\n\n\n\n<figure class=\"wp-block-table\"><table class=\"has-fixed-layout\"><thead><tr><th class=\"has-text-align-center\" data-align=\"center\">Start<\/th><th class=\"has-text-align-center\" data-align=\"center\">Licens<\/th><th class=\"has-text-align-center\" data-align=\"center\">Leverant\u00f6rer<\/th><th class=\"has-text-align-center\" data-align=\"center\">Spel<\/th><\/tr><\/thead><tbody><tr><td class=\"has-text-align-center\" data-align=\"center\">2017<\/td><td class=\"has-text-align-center\" data-align=\"center\">Antillephone N.V.<\/td><td class=\"has-text-align-center\" data-align=\"center\">36+<\/td><td class=\"has-text-align-center\" data-align=\"center\">3000+<\/td><\/tr><\/tbody><\/table><\/figure>\n\n\n\n<hr class=\"wp-block-separator has-text-color has-css-opacity has-background is-style-wide\" style=\"background-color:#f1ab39;color:#f1ab39\"\/>\n\n\n\n<h2 class=\"wp-block-heading\"><span class=\"ez-toc-section\" id=\"stakecom_%e2%80%93_det_mest_populara_kryptocasinot\"><\/span>Stake.com &#8211; Det mest popul\u00e4ra kryptocasinot?<span class=\"ez-toc-section-end\"><\/span><\/h2>\n\n\n<div class=\"wp-block-image\">\n<figure class=\"alignright size-full\"><img decoding=\"async\" width=\"130\" height=\"65\" data-src=\"https:\/\/bitcoincasino.to\/wp-content\/uploads\/stake.png\" alt=\"Insats\" class=\"wp-image-2011 lazyload\" src=\"data:image\/svg+xml;base64,PHN2ZyB3aWR0aD0iMSIgaGVpZ2h0PSIxIiB4bWxucz0iaHR0cDovL3d3dy53My5vcmcvMjAwMC9zdmciPjwvc3ZnPg==\" style=\"--smush-placeholder-width: 130px; --smush-placeholder-aspect-ratio: 130\/65;\" \/><\/figure>\n<\/div>\n\n\n<p>Recensionen av Stake casino har varit l\u00e4nge p\u00e5 g\u00e5ng. Det har blivit en riktigt popul\u00e4r, etablerad kryptospelsida som f\u00f6rmodligen \u00e4r mer mainstream \u00e4n n\u00e5gon av sina konkurrenter.  <\/p>\n\n\n\n<p>Vi gillar det, vi har njutit av v\u00e5r tid med det och det h\u00e5ller \u00e4n idag. Branschen f\u00f6r\u00e4ndras st\u00e4ndigt och onlinecasinon \u00e5ldras v\u00e4ldigt snabbt, s\u00e4rskilt kryptocasinon. Men m\u00e4nniskorna p\u00e5 Stake.com har lyckats h\u00e5lla sig starka och implementera nya intressanta funktioner samtidigt som de h\u00e5ller sina marknadsf\u00f6ringsstrategier p\u00e5 topp.<\/p>\n\n\n\n<p>Det \u00e4r inte den mest sp\u00e4nnande av webbplatser. Temat och utseendet \u00e4r enkelt, och det finns inget som verkligen sticker ut eller \u00e4r intressant. Logotypen \u00e4r dock snygg. Naturligtvis \u00e4r vi h\u00e4r f\u00f6r att prata substans, s\u00e5 vi kommer att dyka djupare och avsl\u00f6ja allt du beh\u00f6ver veta om Stake.com i den h\u00e4r recensionen.<\/p>\n\n\n\n<figure class=\"wp-block-image alignwide size-large\"><img decoding=\"async\" width=\"1024\" height=\"641\" data-src=\"https:\/\/bitcoincasino.to\/wp-content\/uploads\/stake-review-1024x641.webp\" alt=\"Stake.com Casino Recension\" class=\"wp-image-3481 lazyload\" data-srcset=\"https:\/\/bitcoincasino.to\/wp-content\/uploads\/stake-review-1024x641.webp 1024w, https:\/\/bitcoincasino.to\/wp-content\/uploads\/stake-review-300x188.webp 300w, https:\/\/bitcoincasino.to\/wp-content\/uploads\/stake-review-768x481.webp 768w, https:\/\/bitcoincasino.to\/wp-content\/uploads\/stake-review-1536x962.webp 1536w, https:\/\/bitcoincasino.to\/wp-content\/uploads\/stake-review-2048x1283.webp 2048w\" data-sizes=\"(max-width: 1024px) 100vw, 1024px\" src=\"data:image\/svg+xml;base64,PHN2ZyB3aWR0aD0iMSIgaGVpZ2h0PSIxIiB4bWxucz0iaHR0cDovL3d3dy53My5vcmcvMjAwMC9zdmciPjwvc3ZnPg==\" style=\"--smush-placeholder-width: 1024px; --smush-placeholder-aspect-ratio: 1024\/641;\" \/><figcaption class=\"wp-element-caption\">Stake.com Casino  <\/figcaption><\/figure>\n\n\n\n<hr class=\"wp-block-separator has-text-color has-css-opacity has-background is-style-wide\" style=\"background-color:#f1ab39;color:#f1ab39\"\/>\n\n\n\n<h2 class=\"wp-block-heading\"><span class=\"ez-toc-section\" id=\"fordelar_och_nackdelar\"><\/span>F\u00f6rdelar och nackdelar<span class=\"ez-toc-section-end\"><\/span><\/h2>\n\n\n\n<figure class=\"wp-block-table\"><table class=\"has-fixed-layout\"><thead><tr><th>Proffs<\/th><th>Cons<\/th><\/tr><\/thead><tbody><tr><td>M\u00e5nga tillg\u00e4ngliga alternativ f\u00f6r kryptobetalningar<\/td><td>Ingen traditionell v\u00e4lkomstbonus<\/td><\/tr><tr><td>Bevisligen r\u00e4ttvisa kryptospel<\/td><td>B\u00e4ttre odds p\u00e5 andra kryptobettingsajter<\/td><\/tr><tr><td>Roliga inslag i samh\u00e4llet<\/td><td>F\u00e4rre matcher \u00e4n de flesta konkurrenter<\/td><\/tr><tr><td>Fantastiska bonuskampanjer<\/td><td><\/td><\/tr><tr><td>Omfattande spelavdelning<\/td><td><\/td><\/tr><\/tbody><\/table><\/figure>\n\n\n\n<hr class=\"wp-block-separator has-text-color has-css-opacity has-background is-style-wide\" style=\"background-color:#f1ab39;color:#f1ab39\"\/>\n\n\n\n<h2 class=\"wp-block-heading\"><span class=\"ez-toc-section\" id=\"insatsbonus_och_kampanjer\"><\/span>Insatsbonus och kampanjer<span class=\"ez-toc-section-end\"><\/span><\/h2>\n\n\n\n<p>Vi blev lite besvikna n\u00e4r vi uppt\u00e4ckte att Stake.com, i skrivande stund, fortfarande inte har n\u00e5gon <a href=\"https:\/\/bitcoincasino.to\/sv\/bitcoin-casino-bonus\/\" data-type=\"page\" data-id=\"2785\">v\u00e4lkomstbonus<\/a>. Det finns flera andra kampanjer och erbjudanden att dra nytta av och njuta av, men du kommer inte att kunna f\u00e5 din f\u00f6rsta ins\u00e4ttning matchad eller str\u00f6sslad med gratissnurr.<\/p>\n\n\n\n<p>Stake uppdaterar st\u00e4ndigt sitt urval av bonusar, med tidsbegr\u00e4nsat deltagande. Detta \u00e4r ett bra s\u00e4tt att hitta nya bonuserbjudanden regelbundet. Det finns dagliga t\u00e4vlingar, veckovisa utlottningar, drops, utmaningar och mycket mer. Vi rekommenderar att du h\u00e5ller utkik efter lukrativa casinokampanjer direkt p\u00e5 deras webbplats f\u00f6r att h\u00e5lla dig uppdaterad med de senaste erbjudandena.<\/p>\n\n\n\n<hr class=\"wp-block-separator has-text-color has-css-opacity has-background is-style-wide\" style=\"background-color:#f1ab39;color:#f1ab39\"\/>\n\n\n\n<h2 class=\"wp-block-heading\"><span class=\"ez-toc-section\" id=\"betalningsalternativ_for_kryptovalutor\"><\/span>Betalningsalternativ f\u00f6r kryptovalutor<span class=\"ez-toc-section-end\"><\/span><\/h2>\n\n\n\n<p>En av de saker som Stake verkligen g\u00f6r r\u00e4tt \u00e4r antalet kryptobetalningar de accepterar. Bitcoin och i stort sett alla altcoin du kan t\u00e4nka dig kan anv\u00e4ndas f\u00f6r att g\u00f6ra en ins\u00e4ttning. Transaktionerna \u00e4r smidiga och snabba, vilket ocks\u00e5 \u00e4r ett plus. Observera att du kan k\u00f6pa krypto direkt fr\u00e5n webbplatsen om du f\u00f6r n\u00e4rvarande inte har n\u00e5got.<\/p>\n\n\n\n<p>Vi beskriver de mest popul\u00e4ra mynten som du kan anv\u00e4nda f\u00f6r ins\u00e4ttningar och uttag i tabellen nedan, men notera att det finns fler tillg\u00e4ngliga, om du har andra mynt.<\/p>\n\n\n\n<h3 class=\"wp-block-heading\">Ins\u00e4ttningar och uttag<\/h3>\n\n\n\n<figure class=\"wp-block-table is-style-stripes\"><table class=\"has-fixed-layout\"><tbody><tr><td>Bitcoin (BTC)<\/td><td>Ethereum (ETH)<\/td><td>Litecoin (LTC)<\/td><\/tr><tr><td>Dogecoin (DOGE)<\/td><td>Bitcoin Cash (BCH)<\/td><td>Ripple (XRP)<\/td><\/tr><tr><td>Tron (TRX)<\/td><td>EOS (EOS)<\/td><td>Tether (USDT)<\/td><\/tr><tr><td>Binance-mynt (BNB)<\/td><td>USD-mynt (USDC)<\/td><td>ApeCoin (APE)<\/td><\/tr><tr><td>Binance USD (BUSD)<\/td><td>Dai (DAI)<\/td><td>Kedjel\u00e4nk (LINK)<\/td><\/tr><tr><td>Sandl\u00e5dan (SAND)<\/td><td>Shiba Inu (SHIB)<\/td><td>Uniswap (UNI)<\/td><\/tr><\/tbody><\/table><\/figure>\n\n\n\n<hr class=\"wp-block-separator has-text-color has-css-opacity has-background is-style-wide\" style=\"background-color:#f1ab39;color:#f1ab39\"\/>\n\n\n\n<h2 class=\"wp-block-heading\"><span class=\"ez-toc-section\" id=\"programvaruleverantorer_pa_stakecom\"><\/span>Programvaruleverant\u00f6rer p\u00e5 Stake.com<span class=\"ez-toc-section-end\"><\/span><\/h2>\n\n\n\n<p>Det finns en hel del spel att hitta i Stakes casinoavdelning, \u00e4ven om det kanske inte \u00e4r lika m\u00e5nga som hos konkurrenterna. Flera popul\u00e4ra programvaruleverant\u00f6rer finns, inklusive Pragmatic Play, Evolution, Play'n GO och No Limit City.<\/p>\n\n\n\n<p>Vi saknar n\u00e5gra av v\u00e5ra favoriter, men det \u00e4r kul att prova nya leverant\u00f6rer d\u00e5 och d\u00e5 ocks\u00e5. Dessutom finns det 18 Stake Originals-spel att spela och njuta av. Vissa \u00e4r b\u00e4ttre \u00e4n andra, vilket brukar vara fallet med originella casinospel. Du har ocks\u00e5 tillg\u00e5ng till \u00f6ver 30 Stake Exclusives, som \u00e4r spel fr\u00e5n popul\u00e4ra leverant\u00f6rer som du kanske inte har haft m\u00f6jlighet att spela p\u00e5 n\u00e5got annat casino.<\/p>\n\n\n\n<h3 class=\"wp-block-heading\">Spelautomater och bevisligen r\u00e4ttvisa spel<\/h3>\n\n\n\n<p>Alla de 18 tillg\u00e4ngliga Stake Originals \u00e4r bevisligen r\u00e4ttvisa. Det inneb\u00e4r att du kan spela riktiga kryptospel med den bevisligen r\u00e4ttvisa algoritmen f\u00f6r att verifiera legitimiteten hos det spel du just har spelat. Detta \u00e4r en vinst i v\u00e5r bok, \u00e4ven om Stakes originalspel kanske inte \u00e4r lika roliga eller intressanta som de m\u00e5nga andra slots fr\u00e5n k\u00e4nda leverant\u00f6rer som erbjuds.<\/p>\n\n\n\n<hr class=\"wp-block-separator has-text-color has-css-opacity has-background is-style-wide\" style=\"background-color:#f1ab39;color:#f1ab39\"\/>\n\n\n\n<h2 class=\"wp-block-heading\"><span class=\"ez-toc-section\" id=\"kundtjanst\"><\/span>Kundtj\u00e4nst<span class=\"ez-toc-section-end\"><\/span><\/h2>\n\n\n\n<p>Stake.com anv\u00e4nder Intercom live chat support, vilket \u00e4r ett anv\u00e4ndbart system som l\u00e5ter dig snabbt kontakta kundtj\u00e4nstpersonal eller bl\u00e4ddra igenom en omfattande FAQ-sektion f\u00f6r att hitta svar. Det finns ocks\u00e5 ett separat hj\u00e4lpcenter som hj\u00e4lper dig med eventuella problem.<\/p>\n\n\n\n<p>Om du f\u00f6redrar att anv\u00e4nda e-post som kommunikationsmedel kan du naturligtvis helt enkelt skicka ett e-postmeddelande till dem med f\u00f6ljande adress: support@stake.com.<\/p>\n\n\n\n<hr class=\"wp-block-separator has-text-color has-css-opacity has-background is-style-wide\" style=\"background-color:#f1ab39;color:#f1ab39\"\/>\n\n\n\n<h2 class=\"wp-block-heading\"><span class=\"ez-toc-section\" id=\"rekommendation_och_dom\"><\/span>Rekommendation och dom<span class=\"ez-toc-section-end\"><\/span><\/h2>\n\n\n\n<p>Du kommer att hitta m\u00e5nga nya upplevelser om du \u00e4nnu inte har bes\u00f6kt och spelat p\u00e5 Stake.com. Det finns exklusiva casinospel, tidsbegr\u00e4nsade bonuserbjudanden och evenemang, sportspel och en hel rad andra funktioner inklusive en blomstrande gemenskap och m\u00f6jligheten att k\u00f6pa krypto p\u00e5 plats.<\/p>\n\n\n\n<p>Detta kryptocasino \u00e4r verkligen hypat och tack vare bra marknadsf\u00f6ring \u00e4r det s\u00e4rskilt popul\u00e4rt bland yngre spelare och streamers. Det \u00e4r en bra spelsajt, \u00e4ven om den kanske inte \u00e4r i niv\u00e5 med n\u00e5gra av sina st\u00f6rre konkurrenter som f\u00f6r n\u00e4rvarande finns d\u00e4r ute. Om du aldrig har bes\u00f6kt det tidigare rekommenderar vi dock att du g\u00f6r ett f\u00f6rs\u00f6k bara f\u00f6r de exklusiva spelen och andra unika funktioner.<\/p>\n\n\n\n<hr class=\"wp-block-separator has-text-color has-css-opacity has-background is-style-wide\" style=\"background-color:#f1ab39;color:#f1ab39\"\/>\n\n\n\n<h2 class=\"wp-block-heading\"><span class=\"ez-toc-section\" id=\"hur_man_registrerar_sig_och_spelar_pa_stake_casino\"><\/span>Hur man registrerar sig och spelar p\u00e5 Stake casino<span class=\"ez-toc-section-end\"><\/span><\/h2>\n\n\n\n<p>Du \u00e4r bara n\u00e5gra steg bort fr\u00e5n att spela, vinna och f\u00e5 en utbetalning fr\u00e5n Stake.com. Nu n\u00e4r du har l\u00e4st v\u00e5r recension kan du avg\u00f6ra om Stakes casino \u00e4r r\u00e4tt f\u00f6r dig. Om du letar efter nya spel att spela och intressanta bonusar (men tyv\u00e4rr ingen v\u00e4lkomstbonus) att h\u00e4mta, kan du komma ig\u00e5ng nedan.<\/p>\n\n\n\n<ol class=\"wp-block-list\">\n<li>Bes\u00f6k Stake och klicka p\u00e5 &#8221;Registrera&#8221; p\u00e5 deras webbplats.<\/li>\n\n\n\n<li>Fyll i n\u00f6dv\u00e4ndig information, t.ex. e-postadress, anv\u00e4ndarnamn, l\u00f6senord och f\u00f6delsedatum. Du kan spela anonymt.<\/li>\n\n\n\n<li>Acceptera villkoren och klicka p\u00e5 Spela nu. Du kan ocks\u00e5 v\u00e4lja att registrera dig hos Google, Twitch eller ett par andra sociala medieplattformar.<\/li>\n\n\n\n<li>G\u00f6r en ins\u00e4ttning genom att h\u00e4mta din ins\u00e4ttningsadress som finns i Wallet-sektionen p\u00e5 casinot. V\u00e4lj vilket mynt du vill s\u00e4tta in.<\/li>\n\n\n\n<li>Anv\u00e4nd din kryptopl\u00e5nbok (eller b\u00f6rs) och skicka det belopp du vill s\u00e4tta in till din Stake deposit wallet-adress.<\/li>\n\n\n\n<li>Eftersom det inte finns n\u00e5gon v\u00e4lkomstbonus beh\u00f6ver du inte satsa dina pengar och kan helt enkelt b\u00f6rja spela dina favoritspel. Sedan, n\u00e4r du \u00e4r redo att f\u00e5 en utbetalning, kommer du bara att v\u00e4nda ins\u00e4ttningsinstruktionerna och ta ut pengar till din kryptopl\u00e5nbok.<\/li>\n<\/ol>\n\n\n\n<hr class=\"wp-block-separator has-text-color has-css-opacity has-background is-style-wide\" style=\"background-color:#f1ab39;color:#f1ab39\"\/>\n\n\n\n<h2 class=\"wp-block-heading\"><span class=\"ez-toc-section\" id=\"vanliga_fragor\"><\/span>VANLIGA FR\u00c5GOR<span class=\"ez-toc-section-end\"><\/span><\/h2>\n\n\n<div id=\"rank-math-faq\" class=\"rank-math-block\">\n<div class=\"rank-math-list \">\n<div id=\"faq-question-1675244225462\" class=\"rank-math-list-item\">\n<h3 class=\"rank-math-question \">Varf\u00f6r \u00e4r Stake.com s\u00e5 popul\u00e4rt?<\/h3>\n<div class=\"rank-math-answer \">\n\n<p>De \u00e4r riktigt bra p\u00e5 marknadsf\u00f6ring. Men sj\u00e4lva kryptocasinot \u00e4r ocks\u00e5 ganska bra, vilket naturligtvis \u00e4r en bidragande faktor.<\/p>\n\n<\/div>\n<\/div>\n<div id=\"faq-question-1675244229461\" class=\"rank-math-list-item\">\n<h3 class=\"rank-math-question \">\u00c4r Stake casino legitimt och s\u00e4kert?<\/h3>\n<div class=\"rank-math-answer \">\n\n<p>Ja, Stake \u00e4r licensierat av Antillephone N.V. och regleras korrekt av regeringen i Curacao. Webbplatsen \u00e4r s\u00e4ker och transaktionerna \u00e4r helt s\u00e4kra och till och med anonyma om du vill.<\/p>\n\n<\/div>\n<\/div>\n<div id=\"faq-question-1675244230118\" class=\"rank-math-list-item\">\n<h3 class=\"rank-math-question \">Kan jag spela p\u00e5 Stake.com utan kryptovaluta?<\/h3>\n<div class=\"rank-math-answer \">\n\n<p>Det \u00e4r fullt m\u00f6jligt, ja. Du kan anv\u00e4nda betaltj\u00e4nster som Google Pay, Apple Pay, Samsung Pay eller till och med bara Mastercard f\u00f6r att k\u00f6pa krypto direkt fr\u00e5n Stake via Moonpay.<\/p>\n\n<\/div>\n<\/div>\n<\/div>\n<\/div>\n\n\n<hr class=\"wp-block-separator has-text-color has-css-opacity has-background is-style-wide\" style=\"background-color:#f1ab39;color:#f1ab39\"\/>\n\n\n\n<h3 class=\"wp-block-heading\">F\u00f6rfattare<\/h3>\n\n\n<div id=\"ez-toc-container\" class=\"ez-toc-v2_0_82_2 ez-toc-wrap-right counter-hierarchy ez-toc-counter ez-toc-custom ez-toc-container-direction\">\n<div class=\"ez-toc-title-container\">\n<p class=\"ez-toc-title\" style=\"cursor:inherit\"><\/p>\n<span class=\"ez-toc-title-toggle\"><a href=\"#\" class=\"ez-toc-pull-right ez-toc-btn ez-toc-btn-xs ez-toc-btn-default ez-toc-toggle\" aria-label=\"Toggle Table of Content\"><span class=\"ez-toc-js-icon-con\"><span class=\"\"><span class=\"eztoc-hide\" style=\"display:none;\">Toggle<\/span><span class=\"ez-toc-icon-toggle-span\"><svg style=\"fill: #000000;color:#000000\" xmlns=\"http:\/\/www.w3.org\/2000\/svg\" class=\"list-377408\" width=\"20px\" height=\"20px\" viewBox=\"0 0 24 24\" fill=\"none\"><path d=\"M6 6H4v2h2V6zm14 0H8v2h12V6zM4 11h2v2H4v-2zm16 0H8v2h12v-2zM4 16h2v2H4v-2zm16 0H8v2h12v-2z\" fill=\"currentColor\"><\/path><\/svg><svg style=\"fill: #000000;color:#000000\" class=\"arrow-unsorted-368013\" xmlns=\"http:\/\/www.w3.org\/2000\/svg\" width=\"10px\" height=\"10px\" viewBox=\"0 0 24 24\" version=\"1.2\" baseProfile=\"tiny\"><path d=\"M18.2 9.3l-6.2-6.3-6.2 6.3c-.2.2-.3.4-.3.7s.1.5.3.7c.2.2.4.3.7.3h11c.3 0 .5-.1.7-.3.2-.2.3-.5.3-.7s-.1-.5-.3-.7zM5.8 14.7l6.2 6.3 6.2-6.3c.2-.2.3-.5.3-.7s-.1-.5-.3-.7c-.2-.2-.4-.3-.7-.3h-11c-.3 0-.5.1-.7.3-.2.2-.3.5-.3.7s.1.5.3.7z\"\/><\/svg><\/span><\/span><\/span><\/a><\/span><\/div>\n<nav><ul class='ez-toc-list ez-toc-list-level-1 eztoc-toggle-hide-by-default' ><li class='ez-toc-page-1 ez-toc-heading-level-2'><a class=\"ez-toc-link ez-toc-heading-1\" href=\"https:\/\/bitcoincasino.to\/sv\/recensioner\/stake\/#stakecom_%e2%80%93_det_mest_populara_kryptocasinot\" >Stake.com &#8211; Det mest popul\u00e4ra kryptocasinot?<\/a><\/li><li class='ez-toc-page-1 ez-toc-heading-level-2'><a class=\"ez-toc-link ez-toc-heading-2\" href=\"https:\/\/bitcoincasino.to\/sv\/recensioner\/stake\/#fordelar_och_nackdelar\" >F\u00f6rdelar och nackdelar<\/a><\/li><li class='ez-toc-page-1 ez-toc-heading-level-2'><a class=\"ez-toc-link ez-toc-heading-3\" href=\"https:\/\/bitcoincasino.to\/sv\/recensioner\/stake\/#insatsbonus_och_kampanjer\" >Insatsbonus och kampanjer<\/a><\/li><li class='ez-toc-page-1 ez-toc-heading-level-2'><a class=\"ez-toc-link ez-toc-heading-4\" href=\"https:\/\/bitcoincasino.to\/sv\/recensioner\/stake\/#betalningsalternativ_for_kryptovalutor\" >Betalningsalternativ f\u00f6r kryptovalutor<\/a><\/li><li class='ez-toc-page-1 ez-toc-heading-level-2'><a class=\"ez-toc-link ez-toc-heading-5\" href=\"https:\/\/bitcoincasino.to\/sv\/recensioner\/stake\/#programvaruleverantorer_pa_stakecom\" >Programvaruleverant\u00f6rer p\u00e5 Stake.com<\/a><\/li><li class='ez-toc-page-1 ez-toc-heading-level-2'><a class=\"ez-toc-link ez-toc-heading-6\" href=\"https:\/\/bitcoincasino.to\/sv\/recensioner\/stake\/#kundtjanst\" >Kundtj\u00e4nst<\/a><\/li><li class='ez-toc-page-1 ez-toc-heading-level-2'><a class=\"ez-toc-link ez-toc-heading-7\" href=\"https:\/\/bitcoincasino.to\/sv\/recensioner\/stake\/#rekommendation_och_dom\" >Rekommendation och dom<\/a><\/li><li class='ez-toc-page-1 ez-toc-heading-level-2'><a class=\"ez-toc-link ez-toc-heading-8\" href=\"https:\/\/bitcoincasino.to\/sv\/recensioner\/stake\/#hur_man_registrerar_sig_och_spelar_pa_stake_casino\" >Hur man registrerar sig och spelar p\u00e5 Stake casino<\/a><\/li><li class='ez-toc-page-1 ez-toc-heading-level-2'><a class=\"ez-toc-link ez-toc-heading-9\" href=\"https:\/\/bitcoincasino.to\/sv\/recensioner\/stake\/#vanliga_fragor\" >VANLIGA FR\u00c5GOR<\/a><\/li><\/ul><\/nav><\/div>\n","protected":false},"excerpt":{"rendered":"<p>Under \u00e5rens lopp har Stake.com blivit ett av de mest popul\u00e4ra kryptocasinona p\u00e5 marknaden. De \u00e4r riktigt bra p\u00e5 marknadsf\u00f6ring, och de har flera streamers som lockar en yngre publik. Stake g\u00f6r vad de flesta andra kryptocasinosidor g\u00f6r, men lite mer, vilket verkar fungera f\u00f6r dem. V\u00e5rt team har spelat p\u00e5 Stake casino till och &#8230; <a title=\"Stake Casino Recension &amp; Test 2026 (Stake.com)\" class=\"read-more\" href=\"https:\/\/bitcoincasino.to\/sv\/recensioner\/stake\/\" aria-label=\"L\u00e4s mer om Stake Casino Recension &amp; Test 2026 (Stake.com)\">L\u00e4s mer<\/a><\/p>\n","protected":false},"author":24,"featured_media":0,"parent":5961,"menu_order":0,"comment_status":"open","ping_status":"closed","template":"","meta":{"footnotes":""},"class_list":["post-5601","page","type-page","status-publish"],"_links":{"self":[{"href":"https:\/\/bitcoincasino.to\/sv\/wp-json\/wp\/v2\/pages\/5601","targetHints":{"allow":["GET"]}}],"collection":[{"href":"https:\/\/bitcoincasino.to\/sv\/wp-json\/wp\/v2\/pages"}],"about":[{"href":"https:\/\/bitcoincasino.to\/sv\/wp-json\/wp\/v2\/types\/page"}],"author":[{"embeddable":true,"href":"https:\/\/bitcoincasino.to\/sv\/wp-json\/wp\/v2\/users\/24"}],"replies":[{"embeddable":true,"href":"https:\/\/bitcoincasino.to\/sv\/wp-json\/wp\/v2\/comments?post=5601"}],"version-history":[{"count":7,"href":"https:\/\/bitcoincasino.to\/sv\/wp-json\/wp\/v2\/pages\/5601\/revisions"}],"predecessor-version":[{"id":6524,"href":"https:\/\/bitcoincasino.to\/sv\/wp-json\/wp\/v2\/pages\/5601\/revisions\/6524"}],"up":[{"embeddable":true,"href":"https:\/\/bitcoincasino.to\/sv\/wp-json\/wp\/v2\/pages\/5961"}],"wp:attachment":[{"href":"https:\/\/bitcoincasino.to\/sv\/wp-json\/wp\/v2\/media?parent=5601"}],"curies":[{"name":"wp","href":"https:\/\/api.w.org\/{rel}","templated":true}]}}