{"id":5910,"date":"2022-05-04T11:38:45","date_gmt":"2022-05-04T11:38:45","guid":{"rendered":"https:\/\/bitcoincasino.to\/forfattare\/"},"modified":"2023-10-14T14:35:54","modified_gmt":"2023-10-14T14:35:54","slug":"skribenter","status":"publish","type":"page","link":"https:\/\/bitcoincasino.to\/sv\/skribenter\/","title":{"rendered":"Skribenter"},"content":{"rendered":"\n<p>Tr\u00e4ffa teamet! Det h\u00e4r \u00e4r v\u00e5r lilla bes\u00e4ttning som styr skeppet som \u00e4r <a href=\"https:\/\/bitcoincasino.to\/\" data-type=\"page\" data-id=\"1310\">BitcoinCasino.to<\/a>. Vi \u00e4r dedikerade till att leverera det b\u00e4sta kryptospelinneh\u00e5llet du kan hitta online.<\/p>\n\n\n\n<p>V\u00e5ra artiklar och guider \u00e4r personliga, gjorda med en passion f\u00f6r den bransch vi verkar i. P\u00e5 v\u00e5r andra sida <a href=\"https:\/\/bitcoincasino.to\/sv\/om-oss\/\" data-type=\"page\" data-id=\"1357\">om oss<\/a> hittar du mer information om vad vi g\u00f6r och hur vi g\u00f6r det. Du kan ocks\u00e5 <a href=\"https:\/\/bitcoincasino.to\/sv\/kontakta-oss\/\" data-type=\"page\" data-id=\"1359\">kontakta oss<\/a> om du har n\u00e5gra fr\u00e5gor, synpunkter eller andra f\u00f6rfr\u00e5gningar. Vill du bli en del av teamet? Ans\u00f6k <a href=\"https:\/\/bitcoincasino.to\/sv\/jobb\/\" data-type=\"page\" data-id=\"1366\">h\u00e4r<\/a>.<\/p>\n\n\n\n<hr class=\"wp-block-separator has-text-color has-css-opacity has-background is-style-wide\" style=\"background-color:#f1ab39;color:#f1ab39\"\/>\n\n\n\n<h2 class=\"wp-block-heading has-text-align-center\"><span class=\"ez-toc-section\" id=\"teamet\"><\/span>Teamet<span class=\"ez-toc-section-end\"><\/span><\/h2>\n\n\n\n<p class=\"has-text-align-center\">M\u00f6t skribenterna hos Bitcoin Casino.<\/p>\n<div id=\"ez-toc-container\" class=\"ez-toc-v2_0_82_2 ez-toc-wrap-right counter-hierarchy ez-toc-counter ez-toc-custom ez-toc-container-direction\">\n<div class=\"ez-toc-title-container\">\n<p class=\"ez-toc-title\" style=\"cursor:inherit\"><\/p>\n<span class=\"ez-toc-title-toggle\"><a href=\"#\" class=\"ez-toc-pull-right ez-toc-btn ez-toc-btn-xs ez-toc-btn-default ez-toc-toggle\" aria-label=\"Toggle Table of Content\"><span class=\"ez-toc-js-icon-con\"><span class=\"\"><span class=\"eztoc-hide\" style=\"display:none;\">Toggle<\/span><span class=\"ez-toc-icon-toggle-span\"><svg style=\"fill: #000000;color:#000000\" xmlns=\"http:\/\/www.w3.org\/2000\/svg\" class=\"list-377408\" width=\"20px\" height=\"20px\" viewBox=\"0 0 24 24\" fill=\"none\"><path d=\"M6 6H4v2h2V6zm14 0H8v2h12V6zM4 11h2v2H4v-2zm16 0H8v2h12v-2zM4 16h2v2H4v-2zm16 0H8v2h12v-2z\" fill=\"currentColor\"><\/path><\/svg><svg style=\"fill: #000000;color:#000000\" class=\"arrow-unsorted-368013\" xmlns=\"http:\/\/www.w3.org\/2000\/svg\" width=\"10px\" height=\"10px\" viewBox=\"0 0 24 24\" version=\"1.2\" baseProfile=\"tiny\"><path d=\"M18.2 9.3l-6.2-6.3-6.2 6.3c-.2.2-.3.4-.3.7s.1.5.3.7c.2.2.4.3.7.3h11c.3 0 .5-.1.7-.3.2-.2.3-.5.3-.7s-.1-.5-.3-.7zM5.8 14.7l6.2 6.3 6.2-6.3c.2-.2.3-.5.3-.7s-.1-.5-.3-.7c-.2-.2-.4-.3-.7-.3h-11c-.3 0-.5.1-.7.3-.2.2-.3.5-.3.7s.1.5.3.7z\"\/><\/svg><\/span><\/span><\/span><\/a><\/span><\/div>\n<nav><ul class='ez-toc-list ez-toc-list-level-1 eztoc-toggle-hide-by-default' ><li class='ez-toc-page-1 ez-toc-heading-level-2'><a class=\"ez-toc-link ez-toc-heading-1\" href=\"https:\/\/bitcoincasino.to\/sv\/skribenter\/#teamet\" >Teamet<\/a><\/li><\/ul><\/nav><\/div>\n","protected":false},"excerpt":{"rendered":"<p>Tr\u00e4ffa teamet! Det h\u00e4r \u00e4r v\u00e5r lilla bes\u00e4ttning som styr skeppet som \u00e4r BitcoinCasino.to. Vi \u00e4r dedikerade till att leverera det b\u00e4sta kryptospelinneh\u00e5llet du kan hitta online. V\u00e5ra artiklar och guider \u00e4r personliga, gjorda med en passion f\u00f6r den bransch vi verkar i. P\u00e5 v\u00e5r andra sida om oss hittar du mer information om vad &#8230; <a title=\"Skribenter\" class=\"read-more\" href=\"https:\/\/bitcoincasino.to\/sv\/skribenter\/\" aria-label=\"L\u00e4s mer om Skribenter\">L\u00e4s mer<\/a><\/p>\n","protected":false},"author":24,"featured_media":0,"parent":0,"menu_order":0,"comment_status":"closed","ping_status":"closed","template":"","meta":{"footnotes":""},"class_list":["post-5910","page","type-page","status-publish"],"_links":{"self":[{"href":"https:\/\/bitcoincasino.to\/sv\/wp-json\/wp\/v2\/pages\/5910","targetHints":{"allow":["GET"]}}],"collection":[{"href":"https:\/\/bitcoincasino.to\/sv\/wp-json\/wp\/v2\/pages"}],"about":[{"href":"https:\/\/bitcoincasino.to\/sv\/wp-json\/wp\/v2\/types\/page"}],"author":[{"embeddable":true,"href":"https:\/\/bitcoincasino.to\/sv\/wp-json\/wp\/v2\/users\/24"}],"replies":[{"embeddable":true,"href":"https:\/\/bitcoincasino.to\/sv\/wp-json\/wp\/v2\/comments?post=5910"}],"version-history":[{"count":4,"href":"https:\/\/bitcoincasino.to\/sv\/wp-json\/wp\/v2\/pages\/5910\/revisions"}],"predecessor-version":[{"id":5945,"href":"https:\/\/bitcoincasino.to\/sv\/wp-json\/wp\/v2\/pages\/5910\/revisions\/5945"}],"wp:attachment":[{"href":"https:\/\/bitcoincasino.to\/sv\/wp-json\/wp\/v2\/media?parent=5910"}],"curies":[{"name":"wp","href":"https:\/\/api.w.org\/{rel}","templated":true}]}}