{"id":5913,"date":"2022-04-27T13:04:47","date_gmt":"2022-04-27T13:04:47","guid":{"rendered":"https:\/\/bitcoincasino.to\/integritetspolicy\/"},"modified":"2023-10-14T14:36:20","modified_gmt":"2023-10-14T14:36:20","slug":"integritetspolicy","status":"publish","type":"page","link":"https:\/\/bitcoincasino.to\/sv\/integritetspolicy\/","title":{"rendered":"Integritetspolicy"},"content":{"rendered":"\n<p>V\u00e5r webbplats: <a href=\"https:\/\/bitcoincasino.to\/\">https:\/\/bitcoincasino.to\/<\/a><\/p>\n\n\n\n<p>P\u00e5 Bitcoincasino.to \u00e4r v\u00e5ra bes\u00f6kares integritet en av v\u00e5ra fr\u00e4msta prioriteringar. Detta dokument om sekretesspolicy inneh\u00e5ller typer av information som samlas in och registreras av oss och hur vi anv\u00e4nder den.<\/p>\n\n\n\n<p>Om du har ytterligare fr\u00e5gor eller beh\u00f6ver mer information om v\u00e5r integritetspolicy, tveka inte att <a href=\"https:\/\/bitcoincasino.to\/sv\/kontakta-oss\/\" data-type=\"page\" data-id=\"1359\">kontakta oss<\/a>.<\/p>\n\n\n\n<p>Denna sekretesspolicy g\u00e4ller endast f\u00f6r v\u00e5ra onlineaktiviteter och \u00e4r giltig f\u00f6r bes\u00f6kare p\u00e5 v\u00e5r webbplats med avseende p\u00e5 den information som de delade och\/eller samlar in h\u00e4r. Denna policy \u00e4r inte till\u00e4mplig p\u00e5 n\u00e5gon information som samlas in offline eller via andra kanaler \u00e4n denna webbplats.<\/p>\n\n\n\n<hr class=\"wp-block-separator has-text-color has-css-opacity has-background is-style-wide\" style=\"background-color:#f1ab39;color:#f1ab39\"\/>\n\n\n\n<h2 class=\"wp-block-heading\"><span class=\"ez-toc-section\" id=\"samtycke\"><\/span>Samtycke<span class=\"ez-toc-section-end\"><\/span><\/h2>\n\n\n\n<p><strong>Genom att anv\u00e4nda v\u00e5r webbplats godk\u00e4nner du h\u00e4rmed v\u00e5r integritetspolicy och samtycker till dess villkor.<\/strong><\/p>\n\n\n\n<hr class=\"wp-block-separator has-text-color has-css-opacity has-background is-style-wide\" style=\"background-color:#f1ab39;color:#f1ab39\"\/>\n\n\n\n<h2 class=\"wp-block-heading\"><span class=\"ez-toc-section\" id=\"information_som_vi_samlar_in\"><\/span>Information som vi samlar in<span class=\"ez-toc-section-end\"><\/span><\/h2>\n\n\n\n<p>De personuppgifter som du ombeds att l\u00e4mna och sk\u00e4len till att du ombeds att l\u00e4mna dem kommer att klarg\u00f6ras f\u00f6r dig vid den tidpunkt d\u00e5 vi ber dig att l\u00e4mna dina personuppgifter.<\/p>\n\n\n\n<p>Om du kontaktar oss direkt kan vi f\u00e5 ytterligare information om dig, t.ex. namn, e-postadress, telefonnummer, inneh\u00e5llet i det meddelande och\/eller de bilagor du skickar till oss och all annan information som du v\u00e4ljer att l\u00e4mna.<\/p>\n\n\n\n<p>N\u00e4r du registrerar dig f\u00f6r ett konto kan vi komma att be dig om dina kontaktuppgifter, inklusive namn, f\u00f6retagsnamn, adress, e-postadress och telefonnummer.<\/p>\n\n\n\n<hr class=\"wp-block-separator has-text-color has-css-opacity has-background is-style-wide\" style=\"background-color:#f1ab39;color:#f1ab39\"\/>\n\n\n\n<h2 class=\"wp-block-heading\"><span class=\"ez-toc-section\" id=\"hur_vi_anvander_din_information\"><\/span>Hur vi anv\u00e4nder din information<span class=\"ez-toc-section-end\"><\/span><\/h2>\n\n\n\n<p>Vi anv\u00e4nder den information vi samlar in p\u00e5 olika s\u00e4tt, bland annat f\u00f6r att:<\/p>\n\n\n\n<ul class=\"wp-block-list\">\n<li>Tillhandah\u00e5lla, driva och underh\u00e5lla v\u00e5r webbplats<\/li>\n\n\n\n<li>F\u00f6rb\u00e4ttra, anpassa och ut\u00f6ka v\u00e5r webbplats<\/li>\n\n\n\n<li>F\u00f6rst\u00e5 och analysera hur du anv\u00e4nder v\u00e5r webbplats<\/li>\n\n\n\n<li>Utveckla nya produkter, tj\u00e4nster, egenskaper och funktioner<\/li>\n\n\n\n<li>Kommunicera med dig, antingen direkt eller via en av v\u00e5ra partner, inklusive f\u00f6r kundservice, f\u00f6r att f\u00f6rse dig med uppdateringar och annan information som r\u00f6r webbplatsen, och f\u00f6r marknadsf\u00f6rings- och reklam\u00e4ndam\u00e5l<\/li>\n\n\n\n<li>Skicka e-post till dig<\/li>\n\n\n\n<li>Hitta och f\u00f6rhindra bedr\u00e4gerier<\/li>\n<\/ul>\n\n\n\n<hr class=\"wp-block-separator has-text-color has-css-opacity has-background is-style-wide\" style=\"background-color:#f1ab39;color:#f1ab39\"\/>\n\n\n\n<h2 class=\"wp-block-heading\"><span class=\"ez-toc-section\" id=\"loggfiler\"><\/span>Loggfiler<span class=\"ez-toc-section-end\"><\/span><\/h2>\n\n\n\n<p>Bitcoincasino.to f\u00f6ljer en standardprocedur f\u00f6r att anv\u00e4nda loggfiler. Dessa filer loggar bes\u00f6kare n\u00e4r de bes\u00f6ker webbplatser. Alla hostingf\u00f6retag g\u00f6r detta och en del av hostingf\u00f6retagens analys. Den information som samlas in av loggfiler inkluderar IP-adresser (Internet Protocol), webbl\u00e4sartyp, Internetleverant\u00f6r (ISP), datum- och tidsst\u00e4mpel, h\u00e4nvisnings-\/utg\u00e5ngssidor och eventuellt antalet klick. Dessa \u00e4r inte kopplade till n\u00e5gon information som \u00e4r personligt identifierbar. Syftet med informationen \u00e4r att analysera trender, administrera webbplatsen, sp\u00e5ra anv\u00e4ndarnas r\u00f6relser p\u00e5 webbplatsen och samla in demografisk information.<\/p>\n\n\n\n<hr class=\"wp-block-separator has-text-color has-css-opacity has-background is-style-wide\" style=\"background-color:#f1ab39;color:#f1ab39\"\/>\n\n\n\n<h2 class=\"wp-block-heading\"><span class=\"ez-toc-section\" id=\"kakor\"><\/span>Kakor<span class=\"ez-toc-section-end\"><\/span><\/h2>\n\n\n\n<p>Som alla andra webbplatser anv\u00e4nder Bitcoincasino.to &#8221;cookies&#8221;. Dessa cookies anv\u00e4nds f\u00f6r att lagra information om bland annat bes\u00f6karnas preferenser och vilka sidor p\u00e5 webbplatsen som bes\u00f6karen har g\u00e5tt in p\u00e5 eller bes\u00f6kt. Informationen anv\u00e4nds f\u00f6r att optimera anv\u00e4ndarnas upplevelse genom att anpassa inneh\u00e5llet p\u00e5 v\u00e5ra webbsidor baserat p\u00e5 bes\u00f6karnas webbl\u00e4sartyp och\/eller annan information.<\/p>\n\n\n\n<p>L\u00e4s mer om cookies <a href=\"https:\/\/www.cookieconsent.com\/what-are-cookies\/\" target=\"_blank\" rel=\"noreferrer noopener\">h\u00e4r<\/a>.<\/p>\n\n\n\n<hr class=\"wp-block-separator has-text-color has-css-opacity has-background is-style-wide\" style=\"background-color:#f1ab39;color:#f1ab39\"\/>\n\n\n\n<h2 class=\"wp-block-heading\"><span class=\"ez-toc-section\" id=\"annonspartners_sekretesspolicyer\"><\/span>Annonspartners Sekretesspolicyer<span class=\"ez-toc-section-end\"><\/span><\/h2>\n\n\n\n<p>Tredjepartsannonsservrar eller annonsn\u00e4tverk anv\u00e4nder teknik som cookies, JavaScript eller Web Beacons som anv\u00e4nds i deras respektive annonser och l\u00e4nkar som visas p\u00e5 Bitcoincasino.to, som skickas direkt till anv\u00e4ndarnas webbl\u00e4sare. De f\u00e5r automatiskt din IP-adress n\u00e4r detta sker. Dessa tekniker anv\u00e4nds f\u00f6r att m\u00e4ta hur effektiva deras reklamkampanjer \u00e4r och\/eller f\u00f6r att anpassa det reklaminneh\u00e5ll som du ser p\u00e5 webbplatser som du bes\u00f6ker.<\/p>\n\n\n\n<p>Observera att vi inte har tillg\u00e5ng till eller kontroll \u00f6ver dessa cookies som anv\u00e4nds av tredjepartsannons\u00f6rer.<\/p>\n\n\n\n<hr class=\"wp-block-separator has-text-color has-css-opacity has-background is-style-wide\" style=\"background-color:#f1ab39;color:#f1ab39\"\/>\n\n\n\n<h2 class=\"wp-block-heading\"><span class=\"ez-toc-section\" id=\"integritetspolicyer_for_tredje_part\"><\/span>Integritetspolicyer f\u00f6r tredje part<span class=\"ez-toc-section-end\"><\/span><\/h2>\n\n\n\n<p>V\u00e5r integritetspolicy g\u00e4ller inte f\u00f6r andra annons\u00f6rer eller webbplatser. Vi rekommenderar d\u00e4rf\u00f6r att du l\u00e4ser respektive sekretesspolicy f\u00f6r dessa tredjepartsannonsservrar f\u00f6r mer detaljerad information. Det kan omfatta deras praxis och instruktioner om hur man v\u00e4ljer bort vissa alternativ.<\/p>\n\n\n\n<p>Du kan v\u00e4lja att inaktivera cookies genom dina individuella webbl\u00e4saralternativ. Om du vill ha mer detaljerad information om cookiehantering med specifika webbl\u00e4sare kan du hitta den p\u00e5 webbl\u00e4sarnas respektive webbplatser.<\/p>\n\n\n\n<hr class=\"wp-block-separator has-text-color has-css-opacity has-background is-style-wide\" style=\"background-color:#f1ab39;color:#f1ab39\"\/>\n\n\n\n<h2 class=\"wp-block-heading\"><span class=\"ez-toc-section\" id=\"skydd_av_minderariga\"><\/span>Skydd av minder\u00e5riga<span class=\"ez-toc-section-end\"><\/span><\/h2>\n\n\n\n<p>En annan del av v\u00e5r prioritering \u00e4r att \u00f6ka skyddet f\u00f6r barn n\u00e4r de anv\u00e4nder internet. Vi uppmuntrar f\u00f6r\u00e4ldrar och v\u00e5rdnadshavare att observera, delta i och\/eller \u00f6vervaka och v\u00e4gleda deras onlineaktiviteter. Du m\u00e5ste vara \u00f6ver 18 \u00e5r f\u00f6r att anv\u00e4nda Bitcoincasino.to.<\/p>\n\n\n\n<p>Vi s\u00f6ker eller samlar inte medvetet in n\u00e5gra personuppgifter fr\u00e5n personer under 18 \u00e5r. Om du tror att ditt barn har l\u00e4mnat n\u00e5gon form av personlig information p\u00e5 v\u00e5r webbplats uppmanar vi dig starkt att <a href=\"https:\/\/bitcoincasino.to\/sv\/kontakta-oss\/\" data-type=\"page\" data-id=\"1359\">kontakta oss omedelbart<\/a> s\u00e5 kommer vi att g\u00f6ra v\u00e5rt b\u00e4sta f\u00f6r att omedelbart ta bort s\u00e5dan information fr\u00e5n v\u00e5ra register.<\/p>\n<div id=\"ez-toc-container\" class=\"ez-toc-v2_0_82_2 ez-toc-wrap-right counter-hierarchy ez-toc-counter ez-toc-custom ez-toc-container-direction\">\n<div class=\"ez-toc-title-container\">\n<p class=\"ez-toc-title\" style=\"cursor:inherit\"><\/p>\n<span class=\"ez-toc-title-toggle\"><a href=\"#\" class=\"ez-toc-pull-right ez-toc-btn ez-toc-btn-xs ez-toc-btn-default ez-toc-toggle\" aria-label=\"Toggle Table of Content\"><span class=\"ez-toc-js-icon-con\"><span class=\"\"><span class=\"eztoc-hide\" style=\"display:none;\">Toggle<\/span><span class=\"ez-toc-icon-toggle-span\"><svg style=\"fill: #000000;color:#000000\" xmlns=\"http:\/\/www.w3.org\/2000\/svg\" class=\"list-377408\" width=\"20px\" height=\"20px\" viewBox=\"0 0 24 24\" fill=\"none\"><path d=\"M6 6H4v2h2V6zm14 0H8v2h12V6zM4 11h2v2H4v-2zm16 0H8v2h12v-2zM4 16h2v2H4v-2zm16 0H8v2h12v-2z\" fill=\"currentColor\"><\/path><\/svg><svg style=\"fill: #000000;color:#000000\" class=\"arrow-unsorted-368013\" xmlns=\"http:\/\/www.w3.org\/2000\/svg\" width=\"10px\" height=\"10px\" viewBox=\"0 0 24 24\" version=\"1.2\" baseProfile=\"tiny\"><path d=\"M18.2 9.3l-6.2-6.3-6.2 6.3c-.2.2-.3.4-.3.7s.1.5.3.7c.2.2.4.3.7.3h11c.3 0 .5-.1.7-.3.2-.2.3-.5.3-.7s-.1-.5-.3-.7zM5.8 14.7l6.2 6.3 6.2-6.3c.2-.2.3-.5.3-.7s-.1-.5-.3-.7c-.2-.2-.4-.3-.7-.3h-11c-.3 0-.5.1-.7.3-.2.2-.3.5-.3.7s.1.5.3.7z\"\/><\/svg><\/span><\/span><\/span><\/a><\/span><\/div>\n<nav><ul class='ez-toc-list ez-toc-list-level-1 eztoc-toggle-hide-by-default' ><li class='ez-toc-page-1 ez-toc-heading-level-2'><a class=\"ez-toc-link ez-toc-heading-1\" href=\"https:\/\/bitcoincasino.to\/sv\/integritetspolicy\/#samtycke\" >Samtycke<\/a><\/li><li class='ez-toc-page-1 ez-toc-heading-level-2'><a class=\"ez-toc-link ez-toc-heading-2\" href=\"https:\/\/bitcoincasino.to\/sv\/integritetspolicy\/#information_som_vi_samlar_in\" >Information som vi samlar in<\/a><\/li><li class='ez-toc-page-1 ez-toc-heading-level-2'><a class=\"ez-toc-link ez-toc-heading-3\" href=\"https:\/\/bitcoincasino.to\/sv\/integritetspolicy\/#hur_vi_anvander_din_information\" >Hur vi anv\u00e4nder din information<\/a><\/li><li class='ez-toc-page-1 ez-toc-heading-level-2'><a class=\"ez-toc-link ez-toc-heading-4\" href=\"https:\/\/bitcoincasino.to\/sv\/integritetspolicy\/#loggfiler\" >Loggfiler<\/a><\/li><li class='ez-toc-page-1 ez-toc-heading-level-2'><a class=\"ez-toc-link ez-toc-heading-5\" href=\"https:\/\/bitcoincasino.to\/sv\/integritetspolicy\/#kakor\" >Kakor<\/a><\/li><li class='ez-toc-page-1 ez-toc-heading-level-2'><a class=\"ez-toc-link ez-toc-heading-6\" href=\"https:\/\/bitcoincasino.to\/sv\/integritetspolicy\/#annonspartners_sekretesspolicyer\" >Annonspartners Sekretesspolicyer<\/a><\/li><li class='ez-toc-page-1 ez-toc-heading-level-2'><a class=\"ez-toc-link ez-toc-heading-7\" href=\"https:\/\/bitcoincasino.to\/sv\/integritetspolicy\/#integritetspolicyer_for_tredje_part\" >Integritetspolicyer f\u00f6r tredje part<\/a><\/li><li class='ez-toc-page-1 ez-toc-heading-level-2'><a class=\"ez-toc-link ez-toc-heading-8\" href=\"https:\/\/bitcoincasino.to\/sv\/integritetspolicy\/#skydd_av_minderariga\" >Skydd av minder\u00e5riga<\/a><\/li><\/ul><\/nav><\/div>\n","protected":false},"excerpt":{"rendered":"<p>V\u00e5r webbplats: https:\/\/bitcoincasino.to\/ P\u00e5 Bitcoincasino.to \u00e4r v\u00e5ra bes\u00f6kares integritet en av v\u00e5ra fr\u00e4msta prioriteringar. Detta dokument om sekretesspolicy inneh\u00e5ller typer av information som samlas in och registreras av oss och hur vi anv\u00e4nder den. Om du har ytterligare fr\u00e5gor eller beh\u00f6ver mer information om v\u00e5r integritetspolicy, tveka inte att kontakta oss. Denna sekretesspolicy g\u00e4ller endast &#8230; <a title=\"Integritetspolicy\" class=\"read-more\" href=\"https:\/\/bitcoincasino.to\/sv\/integritetspolicy\/\" aria-label=\"L\u00e4s mer om Integritetspolicy\">L\u00e4s mer<\/a><\/p>\n","protected":false},"author":24,"featured_media":0,"parent":0,"menu_order":0,"comment_status":"closed","ping_status":"closed","template":"","meta":{"footnotes":""},"class_list":["post-5913","page","type-page","status-publish"],"_links":{"self":[{"href":"https:\/\/bitcoincasino.to\/sv\/wp-json\/wp\/v2\/pages\/5913","targetHints":{"allow":["GET"]}}],"collection":[{"href":"https:\/\/bitcoincasino.to\/sv\/wp-json\/wp\/v2\/pages"}],"about":[{"href":"https:\/\/bitcoincasino.to\/sv\/wp-json\/wp\/v2\/types\/page"}],"author":[{"embeddable":true,"href":"https:\/\/bitcoincasino.to\/sv\/wp-json\/wp\/v2\/users\/24"}],"replies":[{"embeddable":true,"href":"https:\/\/bitcoincasino.to\/sv\/wp-json\/wp\/v2\/comments?post=5913"}],"version-history":[{"count":3,"href":"https:\/\/bitcoincasino.to\/sv\/wp-json\/wp\/v2\/pages\/5913\/revisions"}],"predecessor-version":[{"id":5946,"href":"https:\/\/bitcoincasino.to\/sv\/wp-json\/wp\/v2\/pages\/5913\/revisions\/5946"}],"wp:attachment":[{"href":"https:\/\/bitcoincasino.to\/sv\/wp-json\/wp\/v2\/media?parent=5913"}],"curies":[{"name":"wp","href":"https:\/\/api.w.org\/{rel}","templated":true}]}}