{"id":5916,"date":"2022-04-26T14:05:03","date_gmt":"2022-04-26T14:05:03","guid":{"rendered":"https:\/\/bitcoincasino.to\/karriar\/"},"modified":"2023-10-14T14:36:50","modified_gmt":"2023-10-14T14:36:50","slug":"karriar","status":"publish","type":"page","link":"https:\/\/bitcoincasino.to\/sv\/karriar\/","title":{"rendered":"Karri\u00e4r"},"content":{"rendered":"\n<p>Vi \u00e4r fast beslutna att f\u00f6rbli ett litet och effektivt team, men den st\u00e4ndiga tillv\u00e4xten i branschen g\u00f6r att vi har n\u00e5tt en punkt d\u00e4r n\u00e5gra extra h\u00e4nder skulle vara till nytta. Varje roll \u00e4r viktig, och vi hoppas att den roll vi s\u00f6ker f\u00f6r n\u00e4rvarande \u00e4r intressant f\u00f6r dig.<\/p>\n\n\n\n<h2 class=\"wp-block-heading\"><span class=\"ez-toc-section\" id=\"varfor_du_bor_arbeta_med_oss\"><\/span>Varf\u00f6r du b\u00f6r arbeta med oss<span class=\"ez-toc-section-end\"><\/span><\/h2>\n\n\n\n<p>Vi \u00e4r en sammansvetsad grupp h\u00e4r p\u00e5 <a href=\"https:\/\/bitcoincasino.to\/\" data-type=\"page\" data-id=\"1310\">BitcoinCasino.to<\/a>. Vi kommunicerar via Telegram p\u00e5 daglig basis och kan erbjuda en rolig och flexibel arbetsplats med en trevlig grupp av krypto- och casinoentusiaster.<\/p>\n\n\n\n<p>Du kan arbeta hemifr\u00e5n men ocks\u00e5 alltid n\u00e5 ut till kollegor f\u00f6r hj\u00e4lp och st\u00f6d. Meningsfulla utbyten av id\u00e9er och daglig kommunikation \u00e4r det som driver oss fram\u00e5t och i slut\u00e4ndan hur vi kontinuerligt f\u00f6rb\u00e4ttrar inneh\u00e5llet som publiceras p\u00e5 v\u00e5r webbplats.<\/p>\n\n\n\n<hr class=\"wp-block-separator has-text-color has-css-opacity has-background is-style-wide\" style=\"background-color:#f1ab39;color:#f1ab39\"\/>\n\n\n\n<h2 class=\"wp-block-heading\"><span class=\"ez-toc-section\" id=\"vad_vi_letar_efter\"><\/span>Vad vi letar efter<span class=\"ez-toc-section-end\"><\/span><\/h2>\n\n\n\n<p>Vi letar efter kollegor som \u00e4r djupt passionerade och kunniga om kryptobranschen och spelindustrin. Kryptospel b\u00f6r vara ett genuint intresse, och vi uppskattar dem som inte \u00e4r r\u00e4dda f\u00f6r att s\u00e4ga vad de tycker och dela med sig av id\u00e9er.<\/p>\n\n\n\n<p>Det \u00e4r ocks\u00e5 viktigt f\u00f6r oss att all information vi tillhandah\u00e5ller \u00e4r sakligt korrekt. Vi v\u00e4rdes\u00e4tter att kunna ange k\u00e4llor, backa upp p\u00e5st\u00e5enden med data och uppdatera inneh\u00e5ll s\u00e5 att det f\u00f6rblir korrekt och relevant.<\/p>\n\n\n\n<hr class=\"wp-block-separator has-text-color has-css-opacity has-background is-style-wide\" style=\"background-color:#f1ab39;color:#f1ab39\"\/>\n\n\n\n<h2 class=\"wp-block-heading\"><span class=\"ez-toc-section\" id=\"platsannonser\"><\/span>Platsannonser<span class=\"ez-toc-section-end\"><\/span><\/h2>\n\n\n\n<p>H\u00e4r hittar du alla v\u00e5ra lediga tj\u00e4nster f\u00f6r n\u00e4rvarande. Tveka inte att h\u00f6ra av dig om du tror att det finns en roll som du kan erbjuda som inte finns med h\u00e4r.<\/p>\n\n\n\n<h3 class=\"wp-block-heading\">F\u00f6rfattare<\/h3>\n\n\n\n<p>En erfaren skribent som \u00e4r helt inne p\u00e5 kryptospel och vill l\u00e4ra sig \u00e4nnu mer. N\u00e5gon som korrekturl\u00e4ser sina egna texter och inte drar sig f\u00f6r att l\u00e4ra sig nya ord. Heltid\/deltid.<\/p>\n\n\n\n<hr class=\"wp-block-separator has-text-color has-css-opacity has-background is-style-wide\" style=\"background-color:#f1ab39;color:#f1ab39\"\/>\n\n\n\n<h2 class=\"wp-block-heading\"><span class=\"ez-toc-section\" id=\"skicka_din_ansokan_till_oss\"><\/span>Skicka din ans\u00f6kan till oss<span class=\"ez-toc-section-end\"><\/span><\/h2>\n\n\n\n<p>H\u00f6r av dig till oss om du tycker att n\u00e5gon av de lediga rollerna verkar passa dig. Skicka oss en ans\u00f6kan tillsammans med ditt CV till <a href=\"mailto:jobs@bitcoincasino.to\">jobs@bitcoincasino.to<\/a> s\u00e5 \u00e5terkommer vi till dig s\u00e5 snart som m\u00f6jligt.<\/p>\n<div id=\"ez-toc-container\" class=\"ez-toc-v2_0_82_2 ez-toc-wrap-right counter-hierarchy ez-toc-counter ez-toc-custom ez-toc-container-direction\">\n<div class=\"ez-toc-title-container\">\n<p class=\"ez-toc-title\" style=\"cursor:inherit\"><\/p>\n<span class=\"ez-toc-title-toggle\"><a href=\"#\" class=\"ez-toc-pull-right ez-toc-btn ez-toc-btn-xs ez-toc-btn-default ez-toc-toggle\" aria-label=\"Toggle Table of Content\"><span class=\"ez-toc-js-icon-con\"><span class=\"\"><span class=\"eztoc-hide\" style=\"display:none;\">Toggle<\/span><span class=\"ez-toc-icon-toggle-span\"><svg style=\"fill: #000000;color:#000000\" xmlns=\"http:\/\/www.w3.org\/2000\/svg\" class=\"list-377408\" width=\"20px\" height=\"20px\" viewBox=\"0 0 24 24\" fill=\"none\"><path d=\"M6 6H4v2h2V6zm14 0H8v2h12V6zM4 11h2v2H4v-2zm16 0H8v2h12v-2zM4 16h2v2H4v-2zm16 0H8v2h12v-2z\" fill=\"currentColor\"><\/path><\/svg><svg style=\"fill: #000000;color:#000000\" class=\"arrow-unsorted-368013\" xmlns=\"http:\/\/www.w3.org\/2000\/svg\" width=\"10px\" height=\"10px\" viewBox=\"0 0 24 24\" version=\"1.2\" baseProfile=\"tiny\"><path d=\"M18.2 9.3l-6.2-6.3-6.2 6.3c-.2.2-.3.4-.3.7s.1.5.3.7c.2.2.4.3.7.3h11c.3 0 .5-.1.7-.3.2-.2.3-.5.3-.7s-.1-.5-.3-.7zM5.8 14.7l6.2 6.3 6.2-6.3c.2-.2.3-.5.3-.7s-.1-.5-.3-.7c-.2-.2-.4-.3-.7-.3h-11c-.3 0-.5.1-.7.3-.2.2-.3.5-.3.7s.1.5.3.7z\"\/><\/svg><\/span><\/span><\/span><\/a><\/span><\/div>\n<nav><ul class='ez-toc-list ez-toc-list-level-1 eztoc-toggle-hide-by-default' ><li class='ez-toc-page-1 ez-toc-heading-level-2'><a class=\"ez-toc-link ez-toc-heading-1\" href=\"https:\/\/bitcoincasino.to\/sv\/karriar\/#varfor_du_bor_arbeta_med_oss\" >Varf\u00f6r du b\u00f6r arbeta med oss<\/a><\/li><li class='ez-toc-page-1 ez-toc-heading-level-2'><a class=\"ez-toc-link ez-toc-heading-2\" href=\"https:\/\/bitcoincasino.to\/sv\/karriar\/#vad_vi_letar_efter\" >Vad vi letar efter<\/a><\/li><li class='ez-toc-page-1 ez-toc-heading-level-2'><a class=\"ez-toc-link ez-toc-heading-3\" href=\"https:\/\/bitcoincasino.to\/sv\/karriar\/#platsannonser\" >Platsannonser<\/a><\/li><li class='ez-toc-page-1 ez-toc-heading-level-2'><a class=\"ez-toc-link ez-toc-heading-4\" href=\"https:\/\/bitcoincasino.to\/sv\/karriar\/#skicka_din_ansokan_till_oss\" >Skicka din ans\u00f6kan till oss<\/a><\/li><\/ul><\/nav><\/div>\n","protected":false},"excerpt":{"rendered":"<p>Vi \u00e4r fast beslutna att f\u00f6rbli ett litet och effektivt team, men den st\u00e4ndiga tillv\u00e4xten i branschen g\u00f6r att vi har n\u00e5tt en punkt d\u00e4r n\u00e5gra extra h\u00e4nder skulle vara till nytta. Varje roll \u00e4r viktig, och vi hoppas att den roll vi s\u00f6ker f\u00f6r n\u00e4rvarande \u00e4r intressant f\u00f6r dig. Varf\u00f6r du b\u00f6r arbeta med &#8230; <a title=\"Karri\u00e4r\" class=\"read-more\" href=\"https:\/\/bitcoincasino.to\/sv\/karriar\/\" aria-label=\"L\u00e4s mer om Karri\u00e4r\">L\u00e4s mer<\/a><\/p>\n","protected":false},"author":24,"featured_media":0,"parent":0,"menu_order":0,"comment_status":"closed","ping_status":"closed","template":"","meta":{"footnotes":""},"class_list":["post-5916","page","type-page","status-publish"],"_links":{"self":[{"href":"https:\/\/bitcoincasino.to\/sv\/wp-json\/wp\/v2\/pages\/5916","targetHints":{"allow":["GET"]}}],"collection":[{"href":"https:\/\/bitcoincasino.to\/sv\/wp-json\/wp\/v2\/pages"}],"about":[{"href":"https:\/\/bitcoincasino.to\/sv\/wp-json\/wp\/v2\/types\/page"}],"author":[{"embeddable":true,"href":"https:\/\/bitcoincasino.to\/sv\/wp-json\/wp\/v2\/users\/24"}],"replies":[{"embeddable":true,"href":"https:\/\/bitcoincasino.to\/sv\/wp-json\/wp\/v2\/comments?post=5916"}],"version-history":[{"count":3,"href":"https:\/\/bitcoincasino.to\/sv\/wp-json\/wp\/v2\/pages\/5916\/revisions"}],"predecessor-version":[{"id":5947,"href":"https:\/\/bitcoincasino.to\/sv\/wp-json\/wp\/v2\/pages\/5916\/revisions\/5947"}],"wp:attachment":[{"href":"https:\/\/bitcoincasino.to\/sv\/wp-json\/wp\/v2\/media?parent=5916"}],"curies":[{"name":"wp","href":"https:\/\/api.w.org\/{rel}","templated":true}]}}