{"id":5922,"date":"2022-04-25T13:35:55","date_gmt":"2022-04-25T13:35:55","guid":{"rendered":"https:\/\/bitcoincasino.to\/ansvarsfullt-spelande\/"},"modified":"2023-10-14T14:13:59","modified_gmt":"2023-10-14T14:13:59","slug":"ansvarsfullt-spelande","status":"publish","type":"page","link":"https:\/\/bitcoincasino.to\/sv\/ansvarsfullt-spelande\/","title":{"rendered":"Ansvarsfullt spelande"},"content":{"rendered":"\n<p>L\u00e5t oss tala om ansvarsfullt spelande. Det finns mycket roligt att g\u00f6ra f\u00f6r den som vill bes\u00f6ka spelsajter och casinon med krypto. Det b\u00f6r dock finnas en gr\u00e4ns f\u00f6r hur mycket man spelar, eftersom det potentiellt kan g\u00e5 \u00f6verstyr. Spelproblem \u00e4r en verklig f\u00f6reteelse. Den h\u00e4r guiden finns till f\u00f6r att hj\u00e4lpa till att f\u00f6rhindra det.<\/p>\n\n\n\n<p>Var du kan f\u00e5 hj\u00e4lp beror p\u00e5 var du bor &#8211; vi har listat flera anv\u00e4ndbara resurser p\u00e5 den h\u00e4r sidan f\u00f6r olika delstater och l\u00e4nder. Innan du klickar dig vidare till n\u00e5gon av dem kan du l\u00e4sa den h\u00e4r artikeln som inneh\u00e5ller viktig information om \u00e4mnet, tillsammans med anv\u00e4ndbara tips om hur du kan f\u00f6rebygga problemspelande.<\/p>\n\n\n\n<hr class=\"wp-block-separator has-text-color has-css-opacity has-background is-style-wide\" style=\"background-color:#f1ab39;color:#f1ab39\"\/>\n\n\n\n<h2 class=\"wp-block-heading\"><span class=\"ez-toc-section\" id=\"vad_ar_problemspelande\"><\/span>Vad \u00e4r problemspelande?<span class=\"ez-toc-section-end\"><\/span><\/h2>\n\n\n\n<figure class=\"wp-block-image size-full rounded\"><img decoding=\"async\" data-src=\"https:\/\/bitcoincasino.to\/wp-content\/uploads\/responsible-gambling-crypto-bitcoin.png\" alt=\"Ansvarsfullt spelande - hur g\u00f6r man?\" class=\"wp-image-2709 lazyload\" src=\"data:image\/svg+xml;base64,PHN2ZyB3aWR0aD0iMSIgaGVpZ2h0PSIxIiB4bWxucz0iaHR0cDovL3d3dy53My5vcmcvMjAwMC9zdmciPjwvc3ZnPg==\" style=\"--smush-placeholder-width: 1100px; --smush-placeholder-aspect-ratio: 1100\/180;\" \/><\/figure>\n\n\n\n<p><\/p>\n\n\n\n<p>Problemspelande \u00e4r en term som h\u00e4nvisar till n\u00e5gon som faller offer f\u00f6r ett negativt spelm\u00f6nster, n\u00e5gon som inte l\u00e4ngre spelar f\u00f6r skojs skull utan helt enkelt f\u00f6r att de inte kan sluta spela. Det kan vara av psykologiska sk\u00e4l, f\u00f6r att jaga f\u00f6rluster, som en sista utv\u00e4g f\u00f6r att betala r\u00e4kningar eller av andra sk\u00e4l. Effekterna kan vara mycket destruktiva b\u00e5de psykiskt och fysiskt, liksom ekonomiskt.<\/p>\n\n\n\n<p>Som med de flesta beroenden p\u00e5verkar spelproblem m\u00e4nniskor p\u00e5 olika s\u00e4tt. Vissa \u00e4r mer ben\u00e4gna att falla in i ett negativt m\u00f6nster \u00e4n andra. Det viktiga \u00e4r att s\u00f6ka hj\u00e4lp, alltid hellre f\u00f6rr \u00e4n senare.<\/p>\n\n\n\n<h3 class=\"wp-block-heading\">Hur vet jag om jag har ett spelproblem?<\/h3>\n\n\n\n<p>Enkelt uttryckt, n\u00e4r spelandet har blivit ett problem ist\u00e4llet f\u00f6r en k\u00e4lla till ren underh\u00e5llning, vet du att det \u00e4r dags att vidta \u00e5tg\u00e4rder. N\u00e4r du b\u00f6rjar jaga f\u00f6rluster eller f\u00f6rlorar mer \u00e4n du har r\u00e5d med har du sannolikt utvecklat ett beroende. Tack och lov finns det en hel del resurser d\u00e4r ute som kan hj\u00e4lpa dig igenom det.<\/p>\n\n\n\n<p>Om du fortfarande \u00e4r os\u00e4ker p\u00e5 om du har spelproblem kan du g\u00f6ra detta <a href=\"https:\/\/www.begambleaware.org\/do-i-have-gambling-problem\" target=\"_blank\" rel=\"noreferrer noopener\">spelproblemstest<\/a> f\u00f6r att f\u00f6rhoppningsvis f\u00e5 ett b\u00e4ttre perspektiv. Observera att detta test inte \u00e4r avsett att st\u00e4lla diagnos p\u00e5 dig, eftersom det g\u00f6rs b\u00e4st av en professionell r\u00e5dgivare. Vi rekommenderar starkt att du svarar sanningsenligt p\u00e5 alla fr\u00e5gor. Det \u00e4r f\u00f6r din h\u00e4lsa och ditt allm\u00e4nna v\u00e4lbefinnande.<\/p>\n\n\n\n<hr class=\"wp-block-separator has-text-color has-css-opacity has-background is-style-wide\" style=\"background-color:#f1ab39;color:#f1ab39\"\/>\n\n\n\n<h2 class=\"wp-block-heading\"><span class=\"ez-toc-section\" id=\"forsta_problemspelande_med_bitcoincasinoto\"><\/span>F\u00f6rst\u00e5 problemspelande med BitcoinCasino.to<span class=\"ez-toc-section-end\"><\/span><\/h2>\n\n\n\n<p>Att veta att ett problem har uppst\u00e5tt \u00e4r halva sanningen. Att vara medveten om att du kanske spelar f\u00f6r mycket kommer f\u00f6rhoppningsvis att f\u00e5 dig att s\u00e4tta gr\u00e4nser och s\u00f6ka hj\u00e4lp. Du ska ocks\u00e5 veta att du aldrig \u00e4r ensam och att spelberoende \u00e4r ett problem \u00f6ver hela v\u00e4rlden.<\/p>\n\n\n\n<p>H\u00e4r \u00e4r n\u00e5gra indikatorer som kan hj\u00e4lpa dig att se om ett potentiellt spelproblem h\u00e5ller p\u00e5 att utvecklas hos dig sj\u00e4lv eller andra:<\/p>\n\n\n\n<ul class=\"wp-block-list\">\n<li>Spel som ett s\u00e4tt att betala r\u00e4kningar<\/li>\n\n\n\n<li>Be om pengar f\u00f6r att finansiera spel<\/li>\n\n\n\n<li>Att jaga f\u00f6rluster f\u00f6r att vinna tillbaka medel<\/li>\n\n\n\n<li>Att k\u00e4nna skuld n\u00e4r man spelar<\/li>\n\n\n\n<li>Spelande som en orsak till stress eller \u00e5ngest<\/li>\n<\/ul>\n\n\n\n<p>Vi vill hj\u00e4lpa dig att f\u00f6rst\u00e5 varf\u00f6r ansvarsfullt spelande \u00e4r viktigt, \u00e4ven om vi inte kan erbjuda n\u00e5gon professionell r\u00e5dgivning. L\u00e4s vidare f\u00f6r att f\u00e5 n\u00e5gra tips om hur du kan f\u00f6rhindra problemspelande och kryptoutgifter.<\/p>\n\n\n\n<hr class=\"wp-block-separator has-text-color has-css-opacity has-background is-style-wide\" style=\"background-color:#f1ab39;color:#f1ab39\"\/>\n\n\n\n<h2 class=\"wp-block-heading\"><span class=\"ez-toc-section\" id=\"hur_man_forebygger_det\"><\/span>Hur man f\u00f6rebygger det<span class=\"ez-toc-section-end\"><\/span><\/h2>\n\n\n\n<p>Man kan vidta olika \u00e5tg\u00e4rder f\u00f6r att f\u00f6rhindra att man utvecklar ett spelproblem. Eftersom alla \u00e4r olika \u00e4r det v\u00e4rt att notera dina egna individuella spelm\u00f6nster och beteenden. F\u00f6rst\u00e5 hur det p\u00e5verkar dig och vidta n\u00f6dv\u00e4ndiga \u00e5tg\u00e4rder f\u00f6r att f\u00f6rhindra det.<\/p>\n\n\n\n<h3 class=\"wp-block-heading\">F\u00f6rs\u00f6k inte dubbla din krypto<\/h3>\n\n\n\n<p>En f\u00f6rdel med att spela med krypto \u00e4r att du sannolikt har separerat din krypto och fiat. Det inneb\u00e4r att du sannolikt betalar r\u00e4kningar och k\u00f6per mat f\u00f6r fiatpengar, medan du f\u00f6rvarar dina kryptomynt s\u00e4kert i en pl\u00e5nbok.<\/p>\n\n\n\n<p>Det betyder dock inte att du ska vara v\u00e5rdsl\u00f6s med din kryptovaluta. Tv\u00e4rtom b\u00f6r du beh\u00e5lla dem eller investera dem p\u00e5 ett klokt s\u00e4tt. Att spendera allt p\u00e5 spel i hopp om att f\u00f6rdubbla beloppet \u00e4r en enorm risk och en bristf\u00e4llig plan.<\/p>\n\n\n\n<h3 class=\"wp-block-heading\">Reservera en budget<\/h3>\n\n\n\n<p>Du kan ha en kryptopl\u00e5nbok enbart f\u00f6r spel, och det skulle vara ett bra s\u00e4tt att spendera pengarna p\u00e5 ett mer ansvarsfullt s\u00e4tt. Best\u00e4m dig f\u00f6r en budget f\u00f6r hur mycket krypto du \u00e4r villig att spendera och potentiellt f\u00f6rlora varje m\u00e5nad, och h\u00e5ll dig till den. Eventuella \u00f6verskott fr\u00e5n vinster kan antingen anv\u00e4ndas f\u00f6r att \u00f6ka budgeten eller skickas direkt till din huvudsakliga kryptopl\u00e5nbok f\u00f6r vinst.<\/p>\n\n\n\n<h3 class=\"wp-block-heading\">Ta pauser<\/h3>\n\n\n\n<p>Ibland \u00e4r det bra att helt enkelt ta ett steg tillbaka och ta en paus, rensa tankarna. Detta ger dig mer tid att t\u00e4nka \u00f6ver det spel du \u00e4r p\u00e5 v\u00e4g att placera, eller ompr\u00f6va det helt och h\u00e5llet. Det finns ocks\u00e5 sj\u00e4lvexkluderingsprogram p\u00e5 alla spelsajter f\u00f6r att blockera dig sj\u00e4lv fr\u00e5n att spela. Om det k\u00e4nns f\u00f6r sv\u00e5rt att ta en paus kan det vara dags att kontakta en organisation som arbetar med att f\u00f6rebygga spelproblem f\u00f6r att hj\u00e4lpa dig p\u00e5 r\u00e4tt v\u00e4g.<\/p>\n\n\n\n<hr class=\"wp-block-separator has-text-color has-css-opacity has-background is-style-wide\" style=\"background-color:#f1ab39;color:#f1ab39\"\/>\n\n\n\n<h2 class=\"wp-block-heading\"><span class=\"ez-toc-section\" id=\"fa_hjalp_och_stod_%e2%80%93_resurser\"><\/span>F\u00e5 hj\u00e4lp och st\u00f6d &#8211; Resurser<span class=\"ez-toc-section-end\"><\/span><\/h2>\n\n\n\n<p>Det finns m\u00e5nga olika organisationer runt om i v\u00e4rlden som arbetar med spelberoende. Det \u00e4r ingen skam att s\u00f6ka hj\u00e4lp, och du \u00e4r aldrig ensam. Det \u00e4r alltid gratis, och vanligtvis kan du n\u00e5 ut p\u00e5 m\u00e5nga olika s\u00e4tt, till exempel via livechatt, telefon, e-post eller i grupper, \u00e4ven anonymt.<\/p>\n\n\n\n<h3 class=\"wp-block-heading\">Sverige<\/h3>\n\n\n\n<ul class=\"wp-block-list\">\n<li><a href=\"https:\/\/spelpaus.se\/\" target=\"_blank\" rel=\"noopener\">https:\/\/spelpaus.se\/<\/a><\/li>\n<\/ul>\n\n\n\n<hr class=\"wp-block-separator has-text-color has-css-opacity has-background is-style-wide\" style=\"background-color:#f1ab39;color:#f1ab39\"\/>\n\n\n\n<h3 class=\"wp-block-heading\">F\u00f6rfattare<\/h3>\n\n\n<div id=\"ez-toc-container\" class=\"ez-toc-v2_0_82_2 ez-toc-wrap-right counter-hierarchy ez-toc-counter ez-toc-custom ez-toc-container-direction\">\n<div class=\"ez-toc-title-container\">\n<p class=\"ez-toc-title\" style=\"cursor:inherit\"><\/p>\n<span class=\"ez-toc-title-toggle\"><a href=\"#\" class=\"ez-toc-pull-right ez-toc-btn ez-toc-btn-xs ez-toc-btn-default ez-toc-toggle\" aria-label=\"Toggle Table of Content\"><span class=\"ez-toc-js-icon-con\"><span class=\"\"><span class=\"eztoc-hide\" style=\"display:none;\">Toggle<\/span><span class=\"ez-toc-icon-toggle-span\"><svg style=\"fill: #000000;color:#000000\" xmlns=\"http:\/\/www.w3.org\/2000\/svg\" class=\"list-377408\" width=\"20px\" height=\"20px\" viewBox=\"0 0 24 24\" fill=\"none\"><path d=\"M6 6H4v2h2V6zm14 0H8v2h12V6zM4 11h2v2H4v-2zm16 0H8v2h12v-2zM4 16h2v2H4v-2zm16 0H8v2h12v-2z\" fill=\"currentColor\"><\/path><\/svg><svg style=\"fill: #000000;color:#000000\" class=\"arrow-unsorted-368013\" xmlns=\"http:\/\/www.w3.org\/2000\/svg\" width=\"10px\" height=\"10px\" viewBox=\"0 0 24 24\" version=\"1.2\" baseProfile=\"tiny\"><path d=\"M18.2 9.3l-6.2-6.3-6.2 6.3c-.2.2-.3.4-.3.7s.1.5.3.7c.2.2.4.3.7.3h11c.3 0 .5-.1.7-.3.2-.2.3-.5.3-.7s-.1-.5-.3-.7zM5.8 14.7l6.2 6.3 6.2-6.3c.2-.2.3-.5.3-.7s-.1-.5-.3-.7c-.2-.2-.4-.3-.7-.3h-11c-.3 0-.5.1-.7.3-.2.2-.3.5-.3.7s.1.5.3.7z\"\/><\/svg><\/span><\/span><\/span><\/a><\/span><\/div>\n<nav><ul class='ez-toc-list ez-toc-list-level-1 eztoc-toggle-hide-by-default' ><li class='ez-toc-page-1 ez-toc-heading-level-2'><a class=\"ez-toc-link ez-toc-heading-1\" href=\"https:\/\/bitcoincasino.to\/sv\/ansvarsfullt-spelande\/#vad_ar_problemspelande\" >Vad \u00e4r problemspelande?<\/a><\/li><li class='ez-toc-page-1 ez-toc-heading-level-2'><a class=\"ez-toc-link ez-toc-heading-2\" href=\"https:\/\/bitcoincasino.to\/sv\/ansvarsfullt-spelande\/#forsta_problemspelande_med_bitcoincasinoto\" >F\u00f6rst\u00e5 problemspelande med BitcoinCasino.to<\/a><\/li><li class='ez-toc-page-1 ez-toc-heading-level-2'><a class=\"ez-toc-link ez-toc-heading-3\" href=\"https:\/\/bitcoincasino.to\/sv\/ansvarsfullt-spelande\/#hur_man_forebygger_det\" >Hur man f\u00f6rebygger det<\/a><\/li><li class='ez-toc-page-1 ez-toc-heading-level-2'><a class=\"ez-toc-link ez-toc-heading-4\" href=\"https:\/\/bitcoincasino.to\/sv\/ansvarsfullt-spelande\/#fa_hjalp_och_stod_%e2%80%93_resurser\" >F\u00e5 hj\u00e4lp och st\u00f6d &#8211; Resurser<\/a><\/li><\/ul><\/nav><\/div>\n","protected":false},"excerpt":{"rendered":"<p>L\u00e5t oss tala om ansvarsfullt spelande. Det finns mycket roligt att g\u00f6ra f\u00f6r den som vill bes\u00f6ka spelsajter och casinon med krypto. Det b\u00f6r dock finnas en gr\u00e4ns f\u00f6r hur mycket man spelar, eftersom det potentiellt kan g\u00e5 \u00f6verstyr. Spelproblem \u00e4r en verklig f\u00f6reteelse. Den h\u00e4r guiden finns till f\u00f6r att hj\u00e4lpa till att f\u00f6rhindra &#8230; <a title=\"Ansvarsfullt spelande\" class=\"read-more\" href=\"https:\/\/bitcoincasino.to\/sv\/ansvarsfullt-spelande\/\" aria-label=\"L\u00e4s mer om Ansvarsfullt spelande\">L\u00e4s mer<\/a><\/p>\n","protected":false},"author":24,"featured_media":0,"parent":0,"menu_order":0,"comment_status":"closed","ping_status":"closed","template":"","meta":{"footnotes":""},"class_list":["post-5922","page","type-page","status-publish"],"_links":{"self":[{"href":"https:\/\/bitcoincasino.to\/sv\/wp-json\/wp\/v2\/pages\/5922","targetHints":{"allow":["GET"]}}],"collection":[{"href":"https:\/\/bitcoincasino.to\/sv\/wp-json\/wp\/v2\/pages"}],"about":[{"href":"https:\/\/bitcoincasino.to\/sv\/wp-json\/wp\/v2\/types\/page"}],"author":[{"embeddable":true,"href":"https:\/\/bitcoincasino.to\/sv\/wp-json\/wp\/v2\/users\/24"}],"replies":[{"embeddable":true,"href":"https:\/\/bitcoincasino.to\/sv\/wp-json\/wp\/v2\/comments?post=5922"}],"version-history":[{"count":3,"href":"https:\/\/bitcoincasino.to\/sv\/wp-json\/wp\/v2\/pages\/5922\/revisions"}],"predecessor-version":[{"id":5931,"href":"https:\/\/bitcoincasino.to\/sv\/wp-json\/wp\/v2\/pages\/5922\/revisions\/5931"}],"wp:attachment":[{"href":"https:\/\/bitcoincasino.to\/sv\/wp-json\/wp\/v2\/media?parent=5922"}],"curies":[{"name":"wp","href":"https:\/\/api.w.org\/{rel}","templated":true}]}}