{"id":5961,"date":"2022-12-15T08:49:09","date_gmt":"2022-12-15T08:49:09","guid":{"rendered":"https:\/\/bitcoincasino.to\/bitcoin-crypto-casino-recensioner\/"},"modified":"2025-01-08T08:41:25","modified_gmt":"2025-01-08T08:41:25","slug":"recensioner","status":"publish","type":"page","link":"https:\/\/bitcoincasino.to\/sv\/recensioner\/","title":{"rendered":"Bitcoin &amp; Crypto Casino Recensioner"},"content":{"rendered":"\n<p>Det \u00e4r h\u00e4r du kan hitta v\u00e5ra \u00e4rliga kryptocasinorecensioner p\u00e5 ett st\u00e4lle f\u00f6r enkel \u00e5tkomst. Varje nytt <a href=\"https:\/\/bitcoincasino.to\/sv\/\" data-type=\"page\" data-id=\"1310\">Bitcoin-casino<\/a> testas noggrant och granskas av v\u00e5rt expertteam. Alla webbplatser med v\u00e5r godk\u00e4nnandest\u00e4mpel \u00e4r s\u00e4kra att bes\u00f6ka och garanterar en trevlig stund. Kolla in v\u00e5ra senaste recensioner nedan och hitta en ny favorit.<\/p>\n\n\n\n<hr class=\"wp-block-separator has-text-color has-css-opacity has-background is-style-wide\" style=\"background-color:#f1ab39;color:#f1ab39\"\/>\n\n\n\n<h2 class=\"wp-block-heading\"><span class=\"ez-toc-section\" id=\"hogst_rankade_kryptocasinon\"><\/span>H\u00f6gst rankade kryptocasinon<span class=\"ez-toc-section-end\"><\/span><\/h2>\n\n\n\n<table id=\"tablepress-11\" class=\"tablepress tablepress-id-11 tablepress-responsive tablepress-responsive-stack-headers tablepress-responsive-stack-phone\">\n<thead>\n<tr class=\"row-1\">\n\t<td class=\"column-1\"><\/td><th class=\"column-2\">Casino<\/th><th class=\"column-3\">Betyg<\/th><th class=\"column-4\">Spela nu<\/th>\n<\/tr>\n<\/thead>\n<tbody class=\"row-striping\">\n<tr class=\"row-2\">\n\t<td class=\"column-1\"><\/td><td class=\"column-2\"><a href=\"\/go\/bc-game\" target=\"_blank\" rel=\"nofollow noopener\"><img decoding=\"async\" data-src=\"\/wp-content\/uploads\/bc-game.png\" width=\"130\" height=\"65\" alt=\"BC.Game\" src=\"data:image\/svg+xml;base64,PHN2ZyB3aWR0aD0iMSIgaGVpZ2h0PSIxIiB4bWxucz0iaHR0cDovL3d3dy53My5vcmcvMjAwMC9zdmciPjwvc3ZnPg==\" class=\"lazyload\" style=\"--smush-placeholder-width: 130px; --smush-placeholder-aspect-ratio: 130\/65;\"><\/a><\/td><td class=\"column-3\"><i class=\"fa fa-star\"><\/i><i class=\"fa fa-star\"><\/i><i class=\"fa fa-star\"><\/i><i class=\"fa fa-star\"><\/i><i class=\"fa fa-star\"><\/i><br \/>\n<strong>BC.Game<\/strong><\/td><td class=\"column-4\"><a href=\"\/go\/bc-game\" class=\"PlayNow\" rel=\"nofollow noopener\" target=\"_blank\">Spela nu!<\/a><\/td>\n<\/tr>\n<tr class=\"row-3\">\n\t<td class=\"column-1\"><\/td><td class=\"column-2\"><a href=\"\/go\/fortunejack\" target=\"_blank\" rel=\"nofollow noopener\"><img decoding=\"async\" data-src=\"\/wp-content\/uploads\/fortunejack.png\" width=\"130\" height=\"65\" alt=\"FortuneJack\" src=\"data:image\/svg+xml;base64,PHN2ZyB3aWR0aD0iMSIgaGVpZ2h0PSIxIiB4bWxucz0iaHR0cDovL3d3dy53My5vcmcvMjAwMC9zdmciPjwvc3ZnPg==\" class=\"lazyload\" style=\"--smush-placeholder-width: 130px; --smush-placeholder-aspect-ratio: 130\/65;\"><\/a><\/td><td class=\"column-3\"><i class=\"fa fa-star\"><\/i><i class=\"fa fa-star\"><\/i><i class=\"fa fa-star\"><\/i><i class=\"fa fa-star\"><\/i><i class=\"fa fa-star\"><\/i><br \/>\n<strong>FortuneJack<\/strong><\/td><td class=\"column-4\"><a href=\"\/go\/fortunejack\" class=\"PlayNow\" rel=\"nofollow noopener\" target=\"_blank\">Spela nu!<\/a><\/td>\n<\/tr>\n<tr class=\"row-4\">\n\t<td class=\"column-1\"><\/td><td class=\"column-2\"><a href=\"\/go\/stake\" target=\"_blank\" rel=\"nofollow noopener\"><img decoding=\"async\" data-src=\"\/wp-content\/uploads\/stake.png\" width=\"130\" height=\"65\" alt=\"Stake\" src=\"data:image\/svg+xml;base64,PHN2ZyB3aWR0aD0iMSIgaGVpZ2h0PSIxIiB4bWxucz0iaHR0cDovL3d3dy53My5vcmcvMjAwMC9zdmciPjwvc3ZnPg==\" class=\"lazyload\" style=\"--smush-placeholder-width: 130px; --smush-placeholder-aspect-ratio: 130\/65;\"><\/a><\/td><td class=\"column-3\"><i class=\"fa fa-star\"><\/i><i class=\"fa fa-star\"><\/i><i class=\"fa fa-star\"><\/i><i class=\"fa fa-star\"><\/i><i class=\"fa fa-star\"><\/i><br \/>\n<strong>Stake<\/strong><\/td><td class=\"column-4\"><a href=\"\/go\/stake\" class=\"PlayNow\" rel=\"nofollow noopener\" target=\"_blank\">Spela nu!<\/a><\/td>\n<\/tr>\n<tr class=\"row-5\">\n\t<td class=\"column-1\"><\/td><td class=\"column-2\"><a href=\"\/go\/fairspin\" target=\"_blank\" rel=\"nofollow noopener\"><img decoding=\"async\" data-src=\"\/wp-content\/uploads\/fairspin.png\" width=\"130\" height=\"65\" alt=\"Fairspin\" src=\"data:image\/svg+xml;base64,PHN2ZyB3aWR0aD0iMSIgaGVpZ2h0PSIxIiB4bWxucz0iaHR0cDovL3d3dy53My5vcmcvMjAwMC9zdmciPjwvc3ZnPg==\" class=\"lazyload\" style=\"--smush-placeholder-width: 130px; --smush-placeholder-aspect-ratio: 130\/65;\"><\/a><\/td><td class=\"column-3\"><i class=\"fa fa-star\"><\/i><i class=\"fa fa-star\"><\/i><i class=\"fa fa-star\"><\/i><i class=\"fa fa-star\"><\/i><i class=\"fa fa-star-half\"><\/i><br \/>\n<strong>Fairspin<\/strong><\/td><td class=\"column-4\"><a href=\"\/go\/fairspin\" class=\"PlayNow\" rel=\"nofollow noopener\" target=\"_blank\">Spela nu!<\/a><\/td>\n<\/tr>\n<\/tbody>\n<\/table>\n<!-- #tablepress-11 from cache -->\n\n\n\n<p><\/p>\n\n\n\n<hr class=\"wp-block-separator has-text-color has-css-opacity has-background is-style-wide\" style=\"background-color:#f1ab39;color:#f1ab39\"\/>\n\n\n\n<h2 class=\"wp-block-heading\"><span class=\"ez-toc-section\" id=\"databas_for_granskning_av_crypto_casino\"><\/span>Databas f\u00f6r granskning av Crypto Casino<span class=\"ez-toc-section-end\"><\/span><\/h2>\n\n\n\n<figure class=\"wp-block-table\"><table class=\"has-fixed-layout\"><thead><tr><th class=\"has-text-align-center\" data-align=\"center\">Kryptocasino<\/th><th class=\"has-text-align-center\" data-align=\"center\">Test senast uppdaterat<\/th><th class=\"has-text-align-center\" data-align=\"center\">Datum f\u00f6r lansering<\/th><\/tr><\/thead><tbody><tr><td class=\"has-text-align-center\" data-align=\"center\"><a href=\"https:\/\/bitcoincasino.to\/sv\/?page_id=5596\" data-type=\"page\" data-id=\"3361\">Fairspin<\/a><\/td><td class=\"has-text-align-center\" data-align=\"center\">2026<\/td><td class=\"has-text-align-center\" data-align=\"center\">2018<\/td><\/tr><tr><td class=\"has-text-align-center\" data-align=\"center\"><a href=\"https:\/\/bitcoincasino.to\/sv\/?page_id=5598\" data-type=\"page\" data-id=\"3183\">BC.Game<\/a><\/td><td class=\"has-text-align-center\" data-align=\"center\">2026<\/td><td class=\"has-text-align-center\" data-align=\"center\">2017<\/td><\/tr><tr><td class=\"has-text-align-center\" data-align=\"center\"><a href=\"https:\/\/bitcoincasino.to\/sv\/?page_id=5601\" data-type=\"page\" data-id=\"3203\">Stake.com<\/a><\/td><td class=\"has-text-align-center\" data-align=\"center\">2026<\/td><td class=\"has-text-align-center\" data-align=\"center\">2017<\/td><\/tr><tr><td class=\"has-text-align-center\" data-align=\"center\"><a href=\"https:\/\/bitcoincasino.to\/sv\/?page_id=5600\" data-type=\"page\" data-id=\"3690\">FortuneJack<\/a><\/td><td class=\"has-text-align-center\" data-align=\"center\">2026<\/td><td class=\"has-text-align-center\" data-align=\"center\">2014<\/td><\/tr><\/tbody><\/table><\/figure>\n\n\n\n<hr class=\"wp-block-separator has-text-color has-css-opacity has-background is-style-wide\" style=\"background-color:#f1ab39;color:#f1ab39\"\/>\n\n\n\n<h2 class=\"wp-block-heading\"><span class=\"ez-toc-section\" id=\"varfor_lita_pa_vara_omdomen\"><\/span>Varf\u00f6r lita p\u00e5 v\u00e5ra omd\u00f6men?<span class=\"ez-toc-section-end\"><\/span><\/h2>\n\n\n\n<p>V\u00e5rt yttersta m\u00e5l \u00e4r att presentera dig med samma kryptocasinon som vi sj\u00e4lva spelar p\u00e5 och skulle rekommendera till v\u00e4nner och kollegor. Detta kan l\u00e5ta som en enkel uppgift p\u00e5 ytan, men n\u00e4r du inser den stora m\u00e4ngden kryptocasinosidor som kommer in p\u00e5 marknaden varje vecka och hur m\u00e5nga av dem som \u00e4r ett fullst\u00e4ndigt sl\u00f6seri med tid, blir det l\u00e4ttare att uppskatta det arbete vi g\u00f6r h\u00e4r.<\/p>\n\n\n\n<p>Vi ber inte om ditt f\u00f6rtroende, det \u00e4r n\u00e5got vi vill f\u00f6rtj\u00e4na helt enkelt genom att ge dig p\u00e5litliga och r\u00e4ttvisa casinosajter d\u00e4r du kan f\u00e5 stora kryptobonusar, ett brett urval av spel och en allm\u00e4nt bra tid. \u00c4rlighet \u00e4r A och O och vi kommer alltid att p\u00e5peka eventuella brister som vi hittar, oavsett om det \u00e4r ett fult utseende eller or\u00e4ttvisa oms\u00e4ttningskrav. Om en webbplats finns med p\u00e5 v\u00e5r lista kan vi f\u00f6rs\u00e4kra oss om att den \u00e4r ett bra val trots mindre brister.<\/p>\n\n\n\n<p>Teamet p\u00e5 Bitcoincasino.to har varit i branschen i \u00e5rtionden tillsammans. Vi har sett allt och gjort allt, men vi l\u00e4r oss fortfarande och f\u00f6rb\u00e4ttrar oss f\u00f6r att kunna leverera en \u00f6verl\u00e4gsen service. L\u00e5t oss veta om du har n\u00e5gra synpunkter genom att skicka ett meddelande till oss, och ber\u00e4tta g\u00e4rna f\u00f6r dina v\u00e4nner om oss om du tycker att vi g\u00f6r v\u00e5rt jobb p\u00e5 r\u00e4tt s\u00e4tt.<\/p>\n\n\n\n<hr class=\"wp-block-separator has-text-color has-css-opacity has-background is-style-wide\" style=\"background-color:#f1ab39;color:#f1ab39\"\/>\n\n\n\n<h2 class=\"wp-block-heading\"><span class=\"ez-toc-section\" id=\"var_granskning_och_testprocess_for_kryptocasinon\"><\/span>V\u00e5r granskning och testprocess f\u00f6r kryptocasinon<span class=\"ez-toc-section-end\"><\/span><\/h2>\n\n\n\n<p>F\u00f6r att hj\u00e4lpa dig att f\u00f6rst\u00e5 hur vi granskar <a href=\"https:\/\/bitcoincasino.to\/sv\/nya-bitcoin-casinon\/\" data-type=\"page\" data-id=\"1406\">nya kryptocasinon<\/a> vill vi guida dig genom v\u00e5r testmetod och process. P\u00e5 s\u00e5 s\u00e4tt s\u00e4kerst\u00e4ller v\u00e5rt team att det inneh\u00e5ll och de casinorecensioner vi levererar \u00e4r av h\u00f6g kvalitet och r\u00e4ttvisa.<\/p>\n\n\n\n<h3 class=\"wp-block-heading\">Enhetliga riktm\u00e4rken<\/h3>\n\n\n\n<p>Alla testade casinon genomg\u00e5r samma test- och granskningsprocess med konsekventa riktm\u00e4rken. Detta \u00e4r inte bara r\u00e4ttvist, utan g\u00f6r det ocks\u00e5 l\u00e4ttare att j\u00e4mf\u00f6ra webbplatserna och operat\u00f6rerna med varandra och samtidigt tydligg\u00f6ra eventuella brister och styrkor. Genom att vara konsekventa s\u00e4kerst\u00e4ller vi att alla granskade casinon uppfyller alla v\u00e5ra standarder.<\/p>\n\n\n\n<h3 class=\"wp-block-heading\">Varje casino testas oberoende av varandra<\/h3>\n\n\n\n<p>Genom att anv\u00e4nda v\u00e5ra egna pengar f\u00f6r att testa casinosajter kan vi f\u00f6rbli oberoende, vilket i sin tur g\u00f6r det l\u00e4ttare att vara r\u00e4ttvis och ge \u00e4rliga rankningar. Det ger oss ocks\u00e5 tid att verkligen testa varje aspekt av ett casino, vilket, \u00e4ven om det tar l\u00e4ngre tid, hj\u00e4lper oss att ge en korrekt bild av den spelupplevelse som de erbjuder vanliga spelare.<\/p>\n\n\n\n<h3 class=\"wp-block-heading\">R\u00e4ttvist och \u00e4rligt<\/h3>\n\n\n\n<p>Som n\u00e4mnts str\u00e4var vi efter att alltid vara r\u00e4ttvisa och konsekventa. \u00c4nnu viktigare \u00e4r att vi alltid \u00e4r \u00e4rliga. Det betyder att inget casino g\u00e5r s\u00e4kert fr\u00e5n v\u00e5ra fr\u00e4cka kommentarer om deras design, logotyp eller namn, eller h\u00e5rda sanningar om deras or\u00e4ttvisa oms\u00e4ttningskrav. Vi vill att du ska f\u00e5 den b\u00e4sta upplevelsen, och det inneb\u00e4r att vi m\u00e5ste vara sanningsenliga n\u00e4r det g\u00e4ller alla aspekter av det casino vi testar. Detta kanske f\u00e5r dig att avst\u00e5 fr\u00e5n casinot i fr\u00e5ga, men vi \u00e4r \u00f6vertygade om att vi kan hitta ett annat som \u00e4r \u00e4nnu b\u00e4ttre.<\/p>\n\n\n\n<hr class=\"wp-block-separator has-text-color has-css-opacity has-background is-style-wide\" style=\"background-color:#f1ab39;color:#f1ab39\"\/>\n\n\n\n<h3 class=\"wp-block-heading\">F\u00f6rfattare<\/h3>\n\n\n<div id=\"ez-toc-container\" class=\"ez-toc-v2_0_82_2 ez-toc-wrap-right counter-hierarchy ez-toc-counter ez-toc-custom ez-toc-container-direction\">\n<div class=\"ez-toc-title-container\">\n<p class=\"ez-toc-title\" style=\"cursor:inherit\"><\/p>\n<span class=\"ez-toc-title-toggle\"><a href=\"#\" class=\"ez-toc-pull-right ez-toc-btn ez-toc-btn-xs ez-toc-btn-default ez-toc-toggle\" aria-label=\"Toggle Table of Content\"><span class=\"ez-toc-js-icon-con\"><span class=\"\"><span class=\"eztoc-hide\" style=\"display:none;\">Toggle<\/span><span class=\"ez-toc-icon-toggle-span\"><svg style=\"fill: #000000;color:#000000\" xmlns=\"http:\/\/www.w3.org\/2000\/svg\" class=\"list-377408\" width=\"20px\" height=\"20px\" viewBox=\"0 0 24 24\" fill=\"none\"><path d=\"M6 6H4v2h2V6zm14 0H8v2h12V6zM4 11h2v2H4v-2zm16 0H8v2h12v-2zM4 16h2v2H4v-2zm16 0H8v2h12v-2z\" fill=\"currentColor\"><\/path><\/svg><svg style=\"fill: #000000;color:#000000\" class=\"arrow-unsorted-368013\" xmlns=\"http:\/\/www.w3.org\/2000\/svg\" width=\"10px\" height=\"10px\" viewBox=\"0 0 24 24\" version=\"1.2\" baseProfile=\"tiny\"><path d=\"M18.2 9.3l-6.2-6.3-6.2 6.3c-.2.2-.3.4-.3.7s.1.5.3.7c.2.2.4.3.7.3h11c.3 0 .5-.1.7-.3.2-.2.3-.5.3-.7s-.1-.5-.3-.7zM5.8 14.7l6.2 6.3 6.2-6.3c.2-.2.3-.5.3-.7s-.1-.5-.3-.7c-.2-.2-.4-.3-.7-.3h-11c-.3 0-.5.1-.7.3-.2.2-.3.5-.3.7s.1.5.3.7z\"\/><\/svg><\/span><\/span><\/span><\/a><\/span><\/div>\n<nav><ul class='ez-toc-list ez-toc-list-level-1 eztoc-toggle-hide-by-default' ><li class='ez-toc-page-1 ez-toc-heading-level-2'><a class=\"ez-toc-link ez-toc-heading-1\" href=\"https:\/\/bitcoincasino.to\/sv\/recensioner\/#hogst_rankade_kryptocasinon\" >H\u00f6gst rankade kryptocasinon<\/a><\/li><li class='ez-toc-page-1 ez-toc-heading-level-2'><a class=\"ez-toc-link ez-toc-heading-2\" href=\"https:\/\/bitcoincasino.to\/sv\/recensioner\/#databas_for_granskning_av_crypto_casino\" >Databas f\u00f6r granskning av Crypto Casino<\/a><\/li><li class='ez-toc-page-1 ez-toc-heading-level-2'><a class=\"ez-toc-link ez-toc-heading-3\" href=\"https:\/\/bitcoincasino.to\/sv\/recensioner\/#varfor_lita_pa_vara_omdomen\" >Varf\u00f6r lita p\u00e5 v\u00e5ra omd\u00f6men?<\/a><\/li><li class='ez-toc-page-1 ez-toc-heading-level-2'><a class=\"ez-toc-link ez-toc-heading-4\" href=\"https:\/\/bitcoincasino.to\/sv\/recensioner\/#var_granskning_och_testprocess_for_kryptocasinon\" >V\u00e5r granskning och testprocess f\u00f6r kryptocasinon<\/a><\/li><\/ul><\/nav><\/div>\n","protected":false},"excerpt":{"rendered":"<p>Det \u00e4r h\u00e4r du kan hitta v\u00e5ra \u00e4rliga kryptocasinorecensioner p\u00e5 ett st\u00e4lle f\u00f6r enkel \u00e5tkomst. Varje nytt Bitcoin-casino testas noggrant och granskas av v\u00e5rt expertteam. Alla webbplatser med v\u00e5r godk\u00e4nnandest\u00e4mpel \u00e4r s\u00e4kra att bes\u00f6ka och garanterar en trevlig stund. Kolla in v\u00e5ra senaste recensioner nedan och hitta en ny favorit. H\u00f6gst rankade kryptocasinon Databas f\u00f6r &#8230; <a title=\"Bitcoin &amp; Crypto Casino Recensioner\" class=\"read-more\" href=\"https:\/\/bitcoincasino.to\/sv\/recensioner\/\" aria-label=\"L\u00e4s mer om Bitcoin &amp; Crypto Casino Recensioner\">L\u00e4s mer<\/a><\/p>\n","protected":false},"author":24,"featured_media":0,"parent":0,"menu_order":0,"comment_status":"open","ping_status":"closed","template":"","meta":{"footnotes":""},"class_list":["post-5961","page","type-page","status-publish"],"_links":{"self":[{"href":"https:\/\/bitcoincasino.to\/sv\/wp-json\/wp\/v2\/pages\/5961","targetHints":{"allow":["GET"]}}],"collection":[{"href":"https:\/\/bitcoincasino.to\/sv\/wp-json\/wp\/v2\/pages"}],"about":[{"href":"https:\/\/bitcoincasino.to\/sv\/wp-json\/wp\/v2\/types\/page"}],"author":[{"embeddable":true,"href":"https:\/\/bitcoincasino.to\/sv\/wp-json\/wp\/v2\/users\/24"}],"replies":[{"embeddable":true,"href":"https:\/\/bitcoincasino.to\/sv\/wp-json\/wp\/v2\/comments?post=5961"}],"version-history":[{"count":6,"href":"https:\/\/bitcoincasino.to\/sv\/wp-json\/wp\/v2\/pages\/5961\/revisions"}],"predecessor-version":[{"id":6519,"href":"https:\/\/bitcoincasino.to\/sv\/wp-json\/wp\/v2\/pages\/5961\/revisions\/6519"}],"wp:attachment":[{"href":"https:\/\/bitcoincasino.to\/sv\/wp-json\/wp\/v2\/media?parent=5961"}],"curies":[{"name":"wp","href":"https:\/\/api.w.org\/{rel}","templated":true}]}}